{"id":97,"date":"2015-10-27T16:57:05","date_gmt":"2015-10-27T13:57:05","guid":{"rendered":"http:\/\/prestazilla.org\/wordpress\/transargo\/?page_id=97"},"modified":"2020-07-11T14:14:03","modified_gmt":"2020-07-11T11:14:03","slug":"kurumsal","status":"publish","type":"page","link":"https:\/\/www.etkiguvenlik.com\/en\/kurumsal\/","title":{"rendered":"Corporate"},"content":{"rendered":"<section class=\"wpb-content-wrapper\"><p>[vc_row css=&#8221;.vc_custom_1455825825954{margin-top: -20px !important;}&#8221;][vc_column width=&#8221;2\/3&#8243; css=&#8221;.vc_custom_1455807505534{padding-bottom: 10px !important;}&#8221;][block_title title=&#8221;HAKKIMIZDA&#8221; titlepos=&#8221;text-left&#8221; title_color=&#8221;#000000&#8243;][\/block_title][vc_column_text]<span style=\"color: #ffffff; font-size: 17px;\">Etki G\u00fcvenlik Teknolojileri Savunma Sanayi D\u0131\u015f Tic. Ltd. \u015eti. m\u00fc\u015fterilerinin gereksinimlerini kar\u015f\u0131lamak i\u00e7in kaliteden \u00f6d\u00fcn\u00a0 vermeden ihtiya\u00e7lara uygun \u00e7\u00f6z\u00fcmler \u00fcreterek, en az maliyet ile m\u00fc\u015fterilerimize hizmet etmek ilkesini benimsemi\u015ftir. Mevcut \u00fcr\u00fcn ve sistemler ile de\u011fil, projeye uygun \u00f6zel \u00e7\u00f6z\u00fcmler \u00fcretmeyi ama\u00e7lamaktad\u0131r.<\/span>[\/vc_column_text][\/vc_column][vc_column width=&#8221;1\/3&#8243;][vc_single_image image=&#8221;2597&#8243; img_size=&#8221;full&#8221; alignment=&#8221;right&#8221; style=&#8221;vc_box_shadow_border_circle_2&#8243; el_class=&#8221;circle_service_image&#8221;][\/vc_column][\/vc_row][vc_row][vc_column width=&#8221;2\/3&#8243;][block_title title=&#8221;V\u0130ZYONUMUZ&#8221; titlepos=&#8221;text-left&#8221; title_color=&#8221;#000000&#8243;][\/block_title][vc_column_text]<\/p>\n<ul>\n<li style=\"text-align: left;\"><span style=\"font-size: 17px; color: #ffffff;\">Yeniliklere daima a\u00e7\u0131k, y\u00fcksek teknolojiye duyarl\u0131 kalmak<\/span><\/li>\n<li style=\"text-align: left;\"><span style=\"font-size: 17px; color: #ffffff;\">Milli g\u00fcvenlik ba\u015fta olmak \u00fczere her sekt\u00f6rde geli\u015fen teknolojiyi en etkin \u015fekilde kullanarak g\u00fcvenlik \u00e7\u00f6z\u00fcmlerini kullan\u0131c\u0131yla bulu\u015fturmak.<\/span><\/li>\n<li style=\"text-align: left;\"><span style=\"font-size: 17px; color: #ffffff;\">Sekt\u00f6rde bulunan mevcut \u00fcr\u00fcnlere g\u00f6re proje olu\u015fturmak yerine, ihtiya\u00e7 duyulan gereksinimlere g\u00f6re proje \u00fcretmek<\/span><\/li>\n<li style=\"text-align: left;\"><span style=\"font-size: 17px; color: #ffffff;\">Sekt\u00f6rde kal\u0131pla\u015fm\u0131\u015f g\u00fcvenlik \u00e7\u00f6z\u00fcmlerini daha y\u00fcksek kalitede yeni teknolojiler ile entegre etmek.<\/span><\/li>\n<\/ul>\n<p>[\/vc_column_text][\/vc_column][vc_column width=&#8221;1\/3&#8243;][vc_single_image image=&#8221;2601&#8243; img_size=&#8221;full&#8221; style=&#8221;vc_box_shadow_border_circle_2&#8243; el_class=&#8221;circle_service_image&#8221;][\/vc_column][\/vc_row][vc_row][vc_column width=&#8221;2\/3&#8243;][block_title title=&#8221;M\u0130SYONUMUZ&#8221; titlepos=&#8221;text-left&#8221; title_color=&#8221;#000000&#8243;][\/block_title][vc_column_text]<\/p>\n<ul>\n<li style=\"text-align: left;\"><span style=\"font-size: 17px; color: #ffffff;\">Yenilikler ve yeni proje \u00fcretimlerinde \u00f6nder olmak.<\/span><\/li>\n<li style=\"text-align: left;\"><span style=\"font-size: 17px; color: #ffffff;\">\u00fclke savunmas\u0131nda ve asayi\u015f hizmetlerinde g\u00f6rev yapan kurumlar i\u00e7in yeni ve etkin \u00e7\u00f6z\u00fcmler \u00fcretmek.<\/span><\/li>\n<li style=\"text-align: left;\"><span style=\"font-size: 17px; color: #ffffff;\">Kurumlar\u0131, yeni teknoloji \u00fcr\u00fcnleri ile bulu\u015fturarak var olan klasik yap\u0131n\u0131n \u00fczerinde projeler olu\u015fturmak.<\/span><\/li>\n<li style=\"text-align: left;\"><span style=\"font-size: 17px; color: #ffffff;\">Sekt\u00f6r\u00fcnde en \u00e7ok tercih edilen, \u00f6nc\u00fc ve yol g\u00f6sterici firma olmak<\/span><\/li>\n<li style=\"text-align: left;\"><span style=\"font-size: 17px; color: #ffffff;\">Teknolojik altyap\u0131y\u0131 etkin ve verimli kullanmak<\/span><\/li>\n<\/ul>\n<p>[\/vc_column_text][\/vc_column][vc_column width=&#8221;1\/3&#8243;][vc_single_image image=&#8221;2613&#8243; img_size=&#8221;medium&#8221; alignment=&#8221;right&#8221; style=&#8221;vc_box_shadow_border_circle_2&#8243; el_class=&#8221;circle_service_image&#8221;][\/vc_column][\/vc_row][vc_row][vc_column width=&#8221;2\/3&#8243;][block_title title=&#8221;KAL\u0130TE POL\u0130T\u0130KAMIZ&#8221; titlepos=&#8221;text-left&#8221; title_color=&#8221;#000000&#8243;][\/block_title][vc_column_text]<span style=\"color: #ffffff; font-size: 17px;\">Sekt\u00f6r\u00fcn \u00f6nc\u00fc, \u00e7evreye ve topluma kar\u015f\u0131 sorumluluklar\u0131n bilincinde bir kurulu\u015f olarak hedefimiz m\u00fc\u015fterilerimizin s\u00fcrekli memnuniyetini sa\u011flamakt\u0131r.<\/span><\/p>\n<p><span style=\"color: #ffffff; font-size: 17px;\"><em>M\u00fc\u015fteri memnuniyetini s\u00fcrekli art\u0131rmak;<\/em><\/span><br \/>\n<span style=\"color: #ffffff; font-size: 17px;\">Kaliteli hizmet sunmak, m\u00fc\u015fterilerimiz ile komple sistem ve s\u00fcre\u00e7 ortakl\u0131\u011f\u0131 olu\u015fturmak, g\u00fcvenilir, yenilik\u00e7i ve s\u00fcrekli iyile\u015ftirme anlay\u0131\u015f\u0131nda olmak ve b\u00f6ylece m\u00fc\u015fterilerimize en fazla yarar\u0131 sa\u011flamak hedefimize ula\u015fmak i\u00e7in gerekli unsurlad\u0131r.<\/span><\/p>\n<p><span style=\"color: #ffffff; font-size: 17px;\"><em>\u0130lgili alanlarda dayan\u0131kl\u0131 ve g\u00fcvenilir \u00fcr\u00fcnlerin ve hizmetin sunulmas\u0131;<\/em><\/span><br \/>\n<span style=\"color: #ffffff; font-size: 17px;\">\u00c7al\u0131\u015fanlar\u0131m\u0131z i\u00e7in etkili, verimli ve mutlu olarak \u00e7al\u0131\u015fabilecekleri bir ortam ve g\u00f6rev kapsam\u0131 olu\u015fturarak s\u00fcrekli \u00f6\u011frenmelerini ve geli\u015fmelerini sa\u011flamak, hedeflerimize ula\u015fmak ve gelece\u011fimizi g\u00fcvence alt\u0131na almak a\u00e7\u0131s\u0131ndan en \u00f6nemli fakt\u00f6rlerdir.<\/span><\/p>\n<p><span style=\"color: #ffffff; font-size: 16px;\"><em>Verimlili\u011fi art\u0131r\u0131c\u0131 faaliyetlerde bulunmak;<\/em><\/span><br \/>\n<span style=\"color: #ffffff; font-size: 16px;\">\u015eirketimizin bu temel ilkeleri \u0131\u015f\u0131\u011f\u0131nda Toplam kalite Y\u00f6netimini benimseyerek s\u00fcrekli ya\u015fatmak ve b\u00f6ylece kalite bilincinin sistematik ve kal\u0131c\u0131 olmas\u0131n\u0131 sa\u011flamak Progen G\u00fcvenlik Savunma Sanayi Teknolojileri A.\u015e olarak g\u00f6revimizdir.<\/span>[\/vc_column_text][\/vc_column][vc_column width=&#8221;1\/3&#8243;][vc_single_image image=&#8221;2604&#8243; img_size=&#8221;medium&#8221; alignment=&#8221;right&#8221; style=&#8221;vc_box_shadow_border_circle_2&#8243; el_class=&#8221;circle_service_image&#8221;][\/vc_column][\/vc_row][vc_row][vc_column width=&#8221;1\/2&#8243;][vc_single_image image=&#8221;2616&#8243; img_size=&#8221;medium&#8221; title=&#8221;Hizmet Yeterlilik Belgesi&#8221;][\/vc_column][vc_column width=&#8221;1\/2&#8243;][vc_single_image image=&#8221;2615&#8243; img_size=&#8221;medium&#8221; title=&#8221;\u0130SO 9001&#8243;][\/vc_column][\/vc_row][vc_row full_width=&#8221;stretch_row_content_no_spaces&#8221; css=&#8221;.vc_custom_1455807749474{margin-bottom: -190px !important;padding-top: 60px !important;}&#8221;][vc_column][vc_separator color=&#8221;custom&#8221; accent_color=&#8221;#eeeeee&#8221;][\/vc_column][\/vc_row][vc_row][vc_column][vc_btn title=&#8221;Gurup \u015eirket&#8221; style=&#8221;custom&#8221; custom_background=&#8221;#ff0000&#8243; custom_text=&#8221;#ffffff&#8221; i_icon_fontawesome=&#8221;fas fa-download&#8221; add_icon=&#8221;true&#8221; link=&#8221;url:https%3A%2F%2Fwww.etkiguvenlik.com%2Faaa%2Fbfd_download%2Fgrup-sirket%2F|title:Grup%20%C5%9Eirket||&#8221;][\/vc_column][\/vc_row]<\/p>\n<\/section>","protected":false},"excerpt":{"rendered":"<p>[vc_row css=&#8221;.vc_custom_1455825825954{margin-top: -20px !important;}&#8221;][vc_column width=&#8221;2\/3&#8243; css=&#8221;.vc_custom_1455807505534{padding-bottom: 10px !important;}&#8221;][block_title title=&#8221;HAKKIMIZDA&#8221; titlepos=&#8221;text-left&#8221; title_color=&#8221;#000000&#8243;][\/block_title][vc_column_text]Etki G\u00fcvenlik Teknolojileri Savunma Sanayi D\u0131\u015f Tic. Ltd. \u015eti. m\u00fc\u015fterilerinin gereksinimlerini kar\u015f\u0131lamak i\u00e7in kaliteden \u00f6d\u00fcn\u00a0 vermeden ihtiya\u00e7lara uygun \u00e7\u00f6z\u00fcmler \u00fcreterek, en az maliyet ile m\u00fc\u015fterilerimize hizmet etmek ilkesini benimsemi\u015ftir. Mevcut \u00fcr\u00fcn ve sistemler ile de\u011fil, projeye uygun \u00f6zel \u00e7\u00f6z\u00fcmler \u00fcretmeyi ama\u00e7lamaktad\u0131r.[\/vc_column_text][\/vc_column][vc_column width=&#8221;1\/3&#8243;][vc_single_image image=&#8221;2597&#8243; img_size=&#8221;full&#8221; alignment=&#8221;right&#8221; [&hellip;]<\/p>\n","protected":false},"author":1,"featured_media":0,"parent":0,"menu_order":0,"comment_status":"closed","ping_status":"closed","template":"","meta":{"footnotes":""},"class_list":["post-97","page","type-page","status-publish","hentry"],"translation":{"provider":"WPGlobus","version":"3.0.2","language":"en","enabled_languages":["tr","en"],"languages":{"tr":{"title":true,"content":true,"excerpt":false},"en":{"title":true,"content":false,"excerpt":false}}},"_links":{"self":[{"href":"https:\/\/www.etkiguvenlik.com\/en\/wp-json\/wp\/v2\/pages\/97","targetHints":{"allow":["GET"]}}],"collection":[{"href":"https:\/\/www.etkiguvenlik.com\/en\/wp-json\/wp\/v2\/pages"}],"about":[{"href":"https:\/\/www.etkiguvenlik.com\/en\/wp-json\/wp\/v2\/types\/page"}],"author":[{"embeddable":true,"href":"https:\/\/www.etkiguvenlik.com\/en\/wp-json\/wp\/v2\/users\/1"}],"replies":[{"embeddable":true,"href":"https:\/\/www.etkiguvenlik.com\/en\/wp-json\/wp\/v2\/comments?post=97"}],"version-history":[{"count":21,"href":"https:\/\/www.etkiguvenlik.com\/en\/wp-json\/wp\/v2\/pages\/97\/revisions"}],"predecessor-version":[{"id":2891,"href":"https:\/\/www.etkiguvenlik.com\/en\/wp-json\/wp\/v2\/pages\/97\/revisions\/2891"}],"wp:attachment":[{"href":"https:\/\/www.etkiguvenlik.com\/en\/wp-json\/wp\/v2\/media?parent=97"}],"curies":[{"name":"wp","href":"https:\/\/api.w.org\/{rel}","templated":true}]}}