{"id":2802,"date":"2020-07-09T17:33:42","date_gmt":"2020-07-09T14:33:42","guid":{"rendered":"https:\/\/www.etkiguvenlik.com\/?page_id=2802"},"modified":"2023-02-28T21:45:18","modified_gmt":"2023-02-28T18:45:18","slug":"yangin-algilama-sistemleri","status":"publish","type":"page","link":"https:\/\/www.etkiguvenlik.com\/en\/yangin-algilama-sistemleri\/","title":{"rendered":"Yang\u0131n Alg\u0131lama Sistemleri"},"content":{"rendered":"<section class=\"wpb-content-wrapper\"><p>[vc_row][vc_column width=&#8221;2\/3&#8243;][vc_column_text]<span style=\"font-family: tahoma, arial, helvetica, sans-serif; font-size: 17px; color: #ffffff;\">Yang\u0131n ihbar sistemleri meydana gelebilecek bir yang\u0131n durumunda koruma b\u00f6lgesindeki dedekt\u00f6rler sayesinde ortamdaki \u0131s\u0131 de\u011fi\u015fikli\u011fini veya duman\u0131 alg\u0131lay\u0131p size haber vererek can ve mal kayb\u0131n\u0131 minimuma indiren sistemlerdir.<\/span><\/p>\n<p><span style=\"font-family: tahoma, arial, helvetica, sans-serif; font-size: 17px; color: #ffffff;\">Yang\u0131n alg\u0131lama ve ihbar sistemleri teknolji olarak iki ana ba\u015fl\u0131k alt\u0131nda ayr\u0131lmaktad\u0131r.<\/span><\/p>\n<ul>\n<li><span style=\"font-family: tahoma, arial, helvetica, sans-serif; font-size: 17px; color: #ffffff;\">Konvansiyonel Yang\u0131n Alg\u0131lama Sistemi<\/span><\/li>\n<li><span style=\"font-family: tahoma, arial, helvetica, sans-serif; font-size: 17px; color: #ffffff;\">Adreslenebilir Yang\u0131n Alg\u0131lama Sistemi<\/span><\/li>\n<\/ul>\n<p>[\/vc_column_text][\/vc_column][vc_column width=&#8221;1\/3&#8243;][vc_single_image image=&#8221;2803&#8243; img_size=&#8221;large&#8221; alignment=&#8221;right&#8221; style=&#8221;vc_box_shadow_border_circle_2&#8243; el_class=&#8221;circle_service_image&#8221;][\/vc_column][\/vc_row][vc_row][vc_column][vc_column_text]<div class=\"wpforms-container wpforms-container-full\" id=\"wpforms-8308\"><form id=\"wpforms-form-8308\" class=\"wpforms-validate wpforms-form wpforms-ajax-form\" data-formid=\"8308\" method=\"post\" enctype=\"multipart\/form-data\" action=\"\/en\/wp-json\/wp\/v2\/pages\/2802\" data-token=\"823141f70031954e13a9d97b34bad342\"><noscript class=\"wpforms-error-noscript\">Please enable JavaScript in your browser to complete this form.<\/noscript><div class=\"wpforms-field-container\"><div id=\"wpforms-8308-field_1-container\" class=\"wpforms-field wpforms-field-name\" data-field-id=\"1\"><label class=\"wpforms-field-label\" for=\"wpforms-8308-field_1\">Ad\u0131n\u0131z ve Soyad\u0131n\u0131z <span class=\"wpforms-required-label\">*<\/span><\/label><div class=\"wpforms-field-row wpforms-field-large\"><div class=\"wpforms-field-row-block wpforms-first wpforms-one-half\"><input type=\"text\" id=\"wpforms-8308-field_1\" class=\"wpforms-field-name-first wpforms-field-required\" name=\"wpforms[fields][1][first]\" required><label for=\"wpforms-8308-field_1\" class=\"wpforms-field-sublabel after wpforms-sublabel-hide\">First<\/label><\/div><div class=\"wpforms-field-row-block wpforms-one-half\"><input type=\"text\" id=\"wpforms-8308-field_1-last\" class=\"wpforms-field-name-last wpforms-field-required\" name=\"wpforms[fields][1][last]\" required><label for=\"wpforms-8308-field_1-last\" class=\"wpforms-field-sublabel after wpforms-sublabel-hide\">Last<\/label><\/div><\/div><\/div><div id=\"wpforms-8308-field_5-container\" class=\"wpforms-field wpforms-field-layout\" data-field-id=\"5\"><label class=\"wpforms-field-label wpforms-label-hide\" for=\"wpforms-8308-field_5\">Layout<\/label><div class=\"wpforms-field-layout-columns wpforms-field-layout-preset-50-50\"><div class=\"wpforms-layout-column wpforms-layout-column-50\"><div id=\"wpforms-8308-field_3-container\" class=\"wpforms-field wpforms-field-email\" data-field-id=\"3\"><label class=\"wpforms-field-label\" for=\"wpforms-8308-field_3\">Email <span class=\"wpforms-required-label\">*<\/span><\/label><input type=\"email\" id=\"wpforms-8308-field_3\" class=\"wpforms-field-medium wpforms-field-required\" name=\"wpforms[fields][3]\" required><\/div><div id=\"wpforms-8308-field_4-container\" class=\"wpforms-field wpforms-field-select wpforms-field-select-style-classic\" data-field-id=\"4\"><label class=\"wpforms-field-label\" for=\"wpforms-8308-field_4\">Sistemin kurulaca\u011f\u0131 yer<\/label><select id=\"wpforms-8308-field_4\" class=\"wpforms-field-medium\" name=\"wpforms[fields][4]\"><option value=\"\u0130\u015f yeri &amp; Ma\u011faza\" >\u0130\u015f yeri &amp; Ma\u011faza<\/option><option value=\"\u0130\u015f merkezi &amp; AVM\" >\u0130\u015f merkezi &amp; AVM<\/option><option value=\"Okul &amp; Dershane\" >Okul &amp; Dershane<\/option><option value=\"E\u011flence merkezi\" >E\u011flence merkezi<\/option><option value=\"Askeriye &amp; Devlet Kurumu\" >Askeriye &amp; Devlet Kurumu<\/option><option value=\"Fabrika &amp; At\u00f6lye\" >Fabrika &amp; At\u00f6lye<\/option><option value=\"Hastane\" >Hastane<\/option><option value=\"Di\u011fer\" >Di\u011fer<\/option><\/select><\/div><\/div><div class=\"wpforms-layout-column wpforms-layout-column-50\"><div id=\"wpforms-8308-field_2-container\" class=\"wpforms-field wpforms-field-phone\" data-field-id=\"2\"><label class=\"wpforms-field-label\" for=\"wpforms-8308-field_2\">Telefon<\/label><input type=\"tel\" id=\"wpforms-8308-field_2\" class=\"wpforms-field-medium wpforms-smart-phone-field\" data-rule-smart-phone-field=\"true\" name=\"wpforms[fields][2]\" ><\/div><div id=\"wpforms-8308-field_6-container\" class=\"wpforms-field wpforms-field-checkbox\" data-field-id=\"6\"><label class=\"wpforms-field-label\" for=\"wpforms-8308-field_6\">Kurulu Sistem Var&#039; m\u0131?<\/label><ul id=\"wpforms-8308-field_6\"><li class=\"choice-1 depth-1\"><input type=\"checkbox\" id=\"wpforms-8308-field_6_1\" name=\"wpforms[fields][6][]\" value=\"Evet\"  ><label class=\"wpforms-field-label-inline\" for=\"wpforms-8308-field_6_1\">Evet<\/label><\/li><li class=\"choice-2 depth-1\"><input type=\"checkbox\" id=\"wpforms-8308-field_6_2\" name=\"wpforms[fields][6][]\" value=\"Hay\u0131r\"  ><label class=\"wpforms-field-label-inline\" for=\"wpforms-8308-field_6_2\">Hay\u0131r<\/label><\/li><\/ul><\/div><\/div><\/div><\/div><div id=\"wpforms-8308-field_14-container\" class=\"wpforms-field wpforms-field-textarea\" data-field-id=\"14\"><label class=\"wpforms-field-label\" for=\"wpforms-8308-field_14\">Mesaj\u0131n\u0131z<\/label><textarea id=\"wpforms-8308-field_14\" class=\"wpforms-field-large\" name=\"wpforms[fields][14]\" ><\/textarea><\/div><\/div><div class=\"wpforms-submit-container\"><input type=\"hidden\" name=\"wpforms[id]\" value=\"8308\"><input type=\"hidden\" name=\"wpforms[author]\" value=\"1\"><button type=\"submit\" name=\"wpforms[submit]\" id=\"wpforms-submit-8308\" class=\"wpforms-submit\" data-alt-text=\"G\u00f6nderiliyor...\" data-submit-text=\"G\u00f6nder\" aria-live=\"assertive\" value=\"wpforms-submit\">G\u00f6nder<\/button><img loading=\"lazy\" decoding=\"async\" src=\"https:\/\/www.etkiguvenlik.com\/wp-content\/plugins\/wpforms\/assets\/images\/submit-spin.svg\" class=\"wpforms-submit-spinner\" style=\"display: none;\" width=\"26\" height=\"26\" alt=\"Loading\"><\/div><\/form><\/div>  <!-- .wpforms-container -->[\/vc_column_text][\/vc_column][\/vc_row]<\/p>\n<\/section>","protected":false},"excerpt":{"rendered":"<p>[vc_row][vc_column width=&#8221;2\/3&#8243;][vc_column_text]Yang\u0131n ihbar sistemleri meydana gelebilecek bir yang\u0131n durumunda koruma b\u00f6lgesindeki dedekt\u00f6rler sayesinde ortamdaki \u0131s\u0131 de\u011fi\u015fikli\u011fini veya duman\u0131 alg\u0131lay\u0131p size haber vererek can ve mal kayb\u0131n\u0131 minimuma indiren sistemlerdir. Yang\u0131n alg\u0131lama ve ihbar sistemleri teknolji olarak iki ana ba\u015fl\u0131k alt\u0131nda ayr\u0131lmaktad\u0131r. Konvansiyonel Yang\u0131n Alg\u0131lama Sistemi Adreslenebilir Yang\u0131n Alg\u0131lama Sistemi [\/vc_column_text][\/vc_column][vc_column width=&#8221;1\/3&#8243;][vc_single_image image=&#8221;2803&#8243; img_size=&#8221;large&#8221; alignment=&#8221;right&#8221; style=&#8221;vc_box_shadow_border_circle_2&#8243; [&hellip;]<\/p>\n","protected":false},"author":1,"featured_media":0,"parent":0,"menu_order":0,"comment_status":"closed","ping_status":"closed","template":"","meta":{"footnotes":""},"class_list":["post-2802","page","type-page","status-publish","hentry"],"translation":{"provider":"WPGlobus","version":"3.0.2","language":"en","enabled_languages":["tr","en"],"languages":{"tr":{"title":true,"content":true,"excerpt":false},"en":{"title":false,"content":false,"excerpt":false}}},"_links":{"self":[{"href":"https:\/\/www.etkiguvenlik.com\/en\/wp-json\/wp\/v2\/pages\/2802","targetHints":{"allow":["GET"]}}],"collection":[{"href":"https:\/\/www.etkiguvenlik.com\/en\/wp-json\/wp\/v2\/pages"}],"about":[{"href":"https:\/\/www.etkiguvenlik.com\/en\/wp-json\/wp\/v2\/types\/page"}],"author":[{"embeddable":true,"href":"https:\/\/www.etkiguvenlik.com\/en\/wp-json\/wp\/v2\/users\/1"}],"replies":[{"embeddable":true,"href":"https:\/\/www.etkiguvenlik.com\/en\/wp-json\/wp\/v2\/comments?post=2802"}],"version-history":[{"count":3,"href":"https:\/\/www.etkiguvenlik.com\/en\/wp-json\/wp\/v2\/pages\/2802\/revisions"}],"predecessor-version":[{"id":8348,"href":"https:\/\/www.etkiguvenlik.com\/en\/wp-json\/wp\/v2\/pages\/2802\/revisions\/8348"}],"wp:attachment":[{"href":"https:\/\/www.etkiguvenlik.com\/en\/wp-json\/wp\/v2\/media?parent=2802"}],"curies":[{"name":"wp","href":"https:\/\/api.w.org\/{rel}","templated":true}]}}