{"id":2796,"date":"2020-07-09T17:27:37","date_gmt":"2020-07-09T14:27:37","guid":{"rendered":"https:\/\/www.etkiguvenlik.com\/?page_id=2796"},"modified":"2023-02-28T21:42:57","modified_gmt":"2023-02-28T18:42:57","slug":"seslendirme-anons-sistemleri","status":"publish","type":"page","link":"https:\/\/www.etkiguvenlik.com\/en\/seslendirme-anons-sistemleri\/","title":{"rendered":"Seslendirme Anons Sistemleri"},"content":{"rendered":"<section class=\"wpb-content-wrapper\"><p>[vc_row][vc_column width=&#8221;2\/3&#8243;][vc_column_text]<span class=\"tlid-translation translation\" lang=\"tr\" style=\"color: #ffffff; font-size: 17px;\"><span class=\"\" title=\"\">\u00d6zellikle yang\u0131n, deprem, sel veya herhangi bir felaket durumunda i\u00e7erideki insanlar\u0131 \u00e7alarak binadan g\u00fcvenli bir \u015fekilde ayr\u0131lmalar\u0131n\u0131 sa\u011flayan yard\u0131mc\u0131 sistemlerdir.<\/span><\/span><\/p>\n<p><span style=\"color: #ffffff; font-size: 17px;\"><span title=\"\">Genel Seslendirme ve Acil Anons Sistemleri;<\/span> <span title=\"\">teknolojik olarak a\u015fa\u011f\u0131daki avantajlar\u0131 sa\u011flar;<\/span><\/span><\/p>\n<p><span style=\"color: #ffffff; font-size: 17px;\" title=\"\">Tek bir \u00e7a\u011fr\u0131 noktas\u0131ndan y\u00fczlerce \u00e7a\u011fr\u0131 noktas\u0131na kadar bir b\u00f6lgeden y\u00fczlerce b\u00f6lgeye kadar b\u00fcy\u00fcyebilen mod\u00fcler yap\u0131<\/span><br \/>\n<span style=\"color: #ffffff; font-size: 17px;\" title=\"\">Yang\u0131n alarm sistemleri, u\u00e7u\u015f bilgi sistemleri gibi sistemlerle entegrasyon sa\u011flar.<\/span><br \/>\n<span style=\"color: #ffffff; font-size: 17px;\" title=\"\">Sistemler uluslararas\u0131 g\u00fcvenlik standartlar\u0131na uygundur (IEC60849-EN60065-EN55103).<\/span><br \/>\n<span style=\"color: #ffffff; font-size: 17px;\" title=\"\">Basit bir analog sistemden \u00e7ok i\u015flevli bir dijital sisteme kadar geni\u015f bir \u00fcr\u00fcn yelpazesine sahiptir.<\/span><br \/>\n<span style=\"color: #ffffff; font-size: 17px;\" title=\"\">Kamp\u00fcs tipi projeler i\u00e7in, IP altyap\u0131s\u0131 \u00fczerinden a\u011fa ba\u011flanabilen ve kontrol edilebilen entegre sistemler kurulabilir.<\/span><br \/>\n<span style=\"color: #ffffff; font-size: 17px;\" title=\"\">Denetimli, otomatik yedekleme \u00f6zellikli sistemler kurulabilir.<\/span>[\/vc_column_text][\/vc_column][vc_column width=&#8221;1\/3&#8243;][vc_single_image image=&#8221;2797&#8243; img_size=&#8221;large&#8221; alignment=&#8221;right&#8221; style=&#8221;vc_box_shadow_border_circle_2&#8243; el_class=&#8221;circle_service_image&#8221;][\/vc_column][\/vc_row][vc_row][vc_column][vc_column_text]<div class=\"wpforms-container wpforms-container-full\" id=\"wpforms-8308\"><form id=\"wpforms-form-8308\" class=\"wpforms-validate wpforms-form wpforms-ajax-form\" data-formid=\"8308\" method=\"post\" enctype=\"multipart\/form-data\" action=\"\/en\/wp-json\/wp\/v2\/pages\/2796\" data-token=\"05afa2210d8c21279108e9f1878862ee\"><noscript class=\"wpforms-error-noscript\">Please enable JavaScript in your browser to complete this form.<\/noscript><div class=\"wpforms-field-container\"><div id=\"wpforms-8308-field_1-container\" class=\"wpforms-field wpforms-field-name\" data-field-id=\"1\"><label class=\"wpforms-field-label\" for=\"wpforms-8308-field_1\">Ad\u0131n\u0131z ve Soyad\u0131n\u0131z <span class=\"wpforms-required-label\">*<\/span><\/label><div class=\"wpforms-field-row wpforms-field-large\"><div class=\"wpforms-field-row-block wpforms-first wpforms-one-half\"><input type=\"text\" id=\"wpforms-8308-field_1\" class=\"wpforms-field-name-first wpforms-field-required\" name=\"wpforms[fields][1][first]\" required><label for=\"wpforms-8308-field_1\" class=\"wpforms-field-sublabel after wpforms-sublabel-hide\">First<\/label><\/div><div class=\"wpforms-field-row-block wpforms-one-half\"><input type=\"text\" id=\"wpforms-8308-field_1-last\" class=\"wpforms-field-name-last wpforms-field-required\" name=\"wpforms[fields][1][last]\" required><label for=\"wpforms-8308-field_1-last\" class=\"wpforms-field-sublabel after wpforms-sublabel-hide\">Last<\/label><\/div><\/div><\/div><div id=\"wpforms-8308-field_5-container\" class=\"wpforms-field wpforms-field-layout\" data-field-id=\"5\"><label class=\"wpforms-field-label wpforms-label-hide\" for=\"wpforms-8308-field_5\">Layout<\/label><div class=\"wpforms-field-layout-columns wpforms-field-layout-preset-50-50\"><div class=\"wpforms-layout-column wpforms-layout-column-50\"><div id=\"wpforms-8308-field_3-container\" class=\"wpforms-field wpforms-field-email\" data-field-id=\"3\"><label class=\"wpforms-field-label\" for=\"wpforms-8308-field_3\">Email <span class=\"wpforms-required-label\">*<\/span><\/label><input type=\"email\" id=\"wpforms-8308-field_3\" class=\"wpforms-field-medium wpforms-field-required\" name=\"wpforms[fields][3]\" required><\/div><div id=\"wpforms-8308-field_4-container\" class=\"wpforms-field wpforms-field-select wpforms-field-select-style-classic\" data-field-id=\"4\"><label class=\"wpforms-field-label\" for=\"wpforms-8308-field_4\">Sistemin kurulaca\u011f\u0131 yer<\/label><select id=\"wpforms-8308-field_4\" class=\"wpforms-field-medium\" name=\"wpforms[fields][4]\"><option value=\"\u0130\u015f yeri &amp; Ma\u011faza\" >\u0130\u015f yeri &amp; Ma\u011faza<\/option><option value=\"\u0130\u015f merkezi &amp; AVM\" >\u0130\u015f merkezi &amp; AVM<\/option><option value=\"Okul &amp; Dershane\" >Okul &amp; Dershane<\/option><option value=\"E\u011flence merkezi\" >E\u011flence merkezi<\/option><option value=\"Askeriye &amp; Devlet Kurumu\" >Askeriye &amp; Devlet Kurumu<\/option><option value=\"Fabrika &amp; At\u00f6lye\" >Fabrika &amp; At\u00f6lye<\/option><option value=\"Hastane\" >Hastane<\/option><option value=\"Di\u011fer\" >Di\u011fer<\/option><\/select><\/div><\/div><div class=\"wpforms-layout-column wpforms-layout-column-50\"><div id=\"wpforms-8308-field_2-container\" class=\"wpforms-field wpforms-field-phone\" data-field-id=\"2\"><label class=\"wpforms-field-label\" for=\"wpforms-8308-field_2\">Telefon<\/label><input type=\"tel\" id=\"wpforms-8308-field_2\" class=\"wpforms-field-medium wpforms-smart-phone-field\" data-rule-smart-phone-field=\"true\" name=\"wpforms[fields][2]\" ><\/div><div id=\"wpforms-8308-field_6-container\" class=\"wpforms-field wpforms-field-checkbox\" data-field-id=\"6\"><label class=\"wpforms-field-label\" for=\"wpforms-8308-field_6\">Kurulu Sistem Var&#039; m\u0131?<\/label><ul id=\"wpforms-8308-field_6\"><li class=\"choice-1 depth-1\"><input type=\"checkbox\" id=\"wpforms-8308-field_6_1\" name=\"wpforms[fields][6][]\" value=\"Evet\"  ><label class=\"wpforms-field-label-inline\" for=\"wpforms-8308-field_6_1\">Evet<\/label><\/li><li class=\"choice-2 depth-1\"><input type=\"checkbox\" id=\"wpforms-8308-field_6_2\" name=\"wpforms[fields][6][]\" value=\"Hay\u0131r\"  ><label class=\"wpforms-field-label-inline\" for=\"wpforms-8308-field_6_2\">Hay\u0131r<\/label><\/li><\/ul><\/div><\/div><\/div><\/div><div id=\"wpforms-8308-field_14-container\" class=\"wpforms-field wpforms-field-textarea\" data-field-id=\"14\"><label class=\"wpforms-field-label\" for=\"wpforms-8308-field_14\">Mesaj\u0131n\u0131z<\/label><textarea id=\"wpforms-8308-field_14\" class=\"wpforms-field-large\" name=\"wpforms[fields][14]\" ><\/textarea><\/div><\/div><div class=\"wpforms-submit-container\"><input type=\"hidden\" name=\"wpforms[id]\" value=\"8308\"><input type=\"hidden\" name=\"wpforms[author]\" value=\"1\"><button type=\"submit\" name=\"wpforms[submit]\" id=\"wpforms-submit-8308\" class=\"wpforms-submit\" data-alt-text=\"G\u00f6nderiliyor...\" data-submit-text=\"G\u00f6nder\" aria-live=\"assertive\" value=\"wpforms-submit\">G\u00f6nder<\/button><img loading=\"lazy\" decoding=\"async\" src=\"https:\/\/www.etkiguvenlik.com\/wp-content\/plugins\/wpforms\/assets\/images\/submit-spin.svg\" class=\"wpforms-submit-spinner\" style=\"display: none;\" width=\"26\" height=\"26\" alt=\"Loading\"><\/div><\/form><\/div>  <!-- .wpforms-container -->[\/vc_column_text][\/vc_column][\/vc_row]<\/p>\n<\/section>","protected":false},"excerpt":{"rendered":"<p>[vc_row][vc_column width=&#8221;2\/3&#8243;][vc_column_text]\u00d6zellikle yang\u0131n, deprem, sel veya herhangi bir felaket durumunda i\u00e7erideki insanlar\u0131 \u00e7alarak binadan g\u00fcvenli bir \u015fekilde ayr\u0131lmalar\u0131n\u0131 sa\u011flayan yard\u0131mc\u0131 sistemlerdir. Genel Seslendirme ve Acil Anons Sistemleri; teknolojik olarak a\u015fa\u011f\u0131daki avantajlar\u0131 sa\u011flar; Tek bir \u00e7a\u011fr\u0131 noktas\u0131ndan y\u00fczlerce \u00e7a\u011fr\u0131 noktas\u0131na kadar bir b\u00f6lgeden y\u00fczlerce b\u00f6lgeye kadar b\u00fcy\u00fcyebilen mod\u00fcler yap\u0131 Yang\u0131n alarm sistemleri, u\u00e7u\u015f bilgi sistemleri gibi [&hellip;]<\/p>\n","protected":false},"author":1,"featured_media":0,"parent":0,"menu_order":0,"comment_status":"closed","ping_status":"closed","template":"","meta":{"footnotes":""},"class_list":["post-2796","page","type-page","status-publish","hentry"],"translation":{"provider":"WPGlobus","version":"3.0.2","language":"en","enabled_languages":["tr","en"],"languages":{"tr":{"title":true,"content":true,"excerpt":false},"en":{"title":false,"content":false,"excerpt":false}}},"_links":{"self":[{"href":"https:\/\/www.etkiguvenlik.com\/en\/wp-json\/wp\/v2\/pages\/2796","targetHints":{"allow":["GET"]}}],"collection":[{"href":"https:\/\/www.etkiguvenlik.com\/en\/wp-json\/wp\/v2\/pages"}],"about":[{"href":"https:\/\/www.etkiguvenlik.com\/en\/wp-json\/wp\/v2\/types\/page"}],"author":[{"embeddable":true,"href":"https:\/\/www.etkiguvenlik.com\/en\/wp-json\/wp\/v2\/users\/1"}],"replies":[{"embeddable":true,"href":"https:\/\/www.etkiguvenlik.com\/en\/wp-json\/wp\/v2\/comments?post=2796"}],"version-history":[{"count":3,"href":"https:\/\/www.etkiguvenlik.com\/en\/wp-json\/wp\/v2\/pages\/2796\/revisions"}],"predecessor-version":[{"id":8343,"href":"https:\/\/www.etkiguvenlik.com\/en\/wp-json\/wp\/v2\/pages\/2796\/revisions\/8343"}],"wp:attachment":[{"href":"https:\/\/www.etkiguvenlik.com\/en\/wp-json\/wp\/v2\/media?parent=2796"}],"curies":[{"name":"wp","href":"https:\/\/api.w.org\/{rel}","templated":true}]}}