{"id":2790,"date":"2020-07-09T17:20:16","date_gmt":"2020-07-09T14:20:16","guid":{"rendered":"https:\/\/www.etkiguvenlik.com\/?page_id=2790"},"modified":"2023-02-28T21:44:26","modified_gmt":"2023-02-28T18:44:26","slug":"video-analiz","status":"publish","type":"page","link":"https:\/\/www.etkiguvenlik.com\/en\/video-analiz\/","title":{"rendered":"Video Analiz"},"content":{"rendered":"<section class=\"wpb-content-wrapper\"><p>[vc_row][vc_column width=&#8221;2\/3&#8243;][vc_column_text]<span style=\"font-size: 17px; color: #ffffff;\"><span style=\"font-family: tahoma, arial, helvetica, sans-serif;\">Ak\u0131ll\u0131 Video Analizin temel amac\u0131, olu\u015fabilecek tehditleri <\/span><span style=\"font-family: tahoma, arial, helvetica, sans-serif;\">\u00f6nceden alg\u0131layarak engellemektir.<\/span><\/span><br \/>\n<span style=\"font-size: 17px; color: #ffffff;\"><span style=\"font-family: tahoma, arial, helvetica, sans-serif;\">Video analiz; tehditleri, \u015f\u00fcpheli olaylar\u0131 yada ger\u00e7ek <\/span><span style=\"font-family: tahoma, arial, helvetica, sans-serif;\">zamanl\u0131 davran\u0131\u015flar\u0131 alg\u0131lamak ve tan\u0131mlamak i\u00e7in video <\/span><span style=\"font-family: tahoma, arial, helvetica, sans-serif;\">g\u00f6r\u00fcnt\u00fclerini say\u0131sal olarak analiz eden i\u015fleme sistemidir. <\/span><span style=\"font-family: tahoma, arial, helvetica, sans-serif;\">IP kamera yaz\u0131l\u0131m\u0131 network video kay\u0131t cihazlar\u0131, <\/span><span style=\"font-family: tahoma, arial, helvetica, sans-serif;\">ak\u0131ll\u0131 analiz mod\u00fclleri ve IP video izleme sistemleri i\u00e7in <\/span><span style=\"font-family: tahoma, arial, helvetica, sans-serif;\">geli\u015ftirilmi\u015f bir yaz\u0131l\u0131md\u0131r. Her t\u00fcrl\u00fc IP kamera ile s\u0131n\u0131rs\u0131z <\/span><span style=\"font-family: tahoma, arial, helvetica, sans-serif;\">say\u0131da kamera kullanarak bir sistem in\u015fa edilebilir.<\/span><\/span><br \/>\n<span style=\"font-size: 17px; color: #ffffff;\"><span style=\"font-family: tahoma, arial, helvetica, sans-serif;\">Yaz\u0131l\u0131m paketinin tasar\u0131m\u0131, kurulumu, ayarlar\u0131 ve <\/span><span style=\"font-family: tahoma, arial, helvetica, sans-serif;\">sonras\u0131nda teknik servis al\u0131m\u0131 olduk\u00e7a kolayd\u0131r.<\/span><\/span><br \/>\n<span style=\"font-size: 17px; color: #ffffff;\"><span style=\"font-family: tahoma, arial, helvetica, sans-serif;\">Hareket takibi, y\u00fcz ve plaka tan\u0131ma, ate\u015f ve duman <\/span><span style=\"font-family: tahoma, arial, helvetica, sans-serif;\">alg\u0131lama,insan sayma, \u015f\u00fcpheli takibi,kalabal\u0131k izleme <\/span><span style=\"font-family: tahoma, arial, helvetica, sans-serif;\">bo\u015f raf takibi, s\u0131n\u0131r ihl\u00e2l takibi, y\u00fcz tespiti , yo\u011funluk ve <\/span><span style=\"font-family: tahoma, arial, helvetica, sans-serif;\">\u0131s\u0131 haritas\u0131 ve benzeri \u00e7ok say\u0131da video ak\u0131ll\u0131 analiz <\/span><span style=\"font-family: tahoma, arial, helvetica, sans-serif;\">i\u015flevini destekleyen, video ak\u0131\u015f\u0131n\u0131 tam \u00e7\u00f6z\u00fcmlemeye <\/span><span style=\"font-family: tahoma, arial, helvetica, sans-serif;\">gerek olmaks\u0131z\u0131n analiz edebilmesi niteli\u011fi ile <\/span><span style=\"font-family: tahoma, arial, helvetica, sans-serif;\">kullan\u0131c\u0131lar\u0131na benzersiz bir teknoloji sunmaktad\u0131r.<\/span><\/span>[\/vc_column_text][\/vc_column][vc_column width=&#8221;1\/3&#8243;][vc_single_image image=&#8221;2791&#8243; img_size=&#8221;large&#8221; alignment=&#8221;right&#8221; style=&#8221;vc_box_shadow_border_circle_2&#8243; el_class=&#8221;circle_service_image&#8221;][\/vc_column][\/vc_row][vc_row][vc_column][vc_column_text]<div class=\"wpforms-container wpforms-container-full\" id=\"wpforms-8308\"><form id=\"wpforms-form-8308\" class=\"wpforms-validate wpforms-form wpforms-ajax-form\" data-formid=\"8308\" method=\"post\" enctype=\"multipart\/form-data\" action=\"\/en\/wp-json\/wp\/v2\/pages\/2790\" data-token=\"823141f70031954e13a9d97b34bad342\"><noscript class=\"wpforms-error-noscript\">Please enable JavaScript in your browser to complete this form.<\/noscript><div class=\"wpforms-field-container\"><div id=\"wpforms-8308-field_1-container\" class=\"wpforms-field wpforms-field-name\" data-field-id=\"1\"><label class=\"wpforms-field-label\" for=\"wpforms-8308-field_1\">Ad\u0131n\u0131z ve Soyad\u0131n\u0131z <span class=\"wpforms-required-label\">*<\/span><\/label><div class=\"wpforms-field-row wpforms-field-large\"><div class=\"wpforms-field-row-block wpforms-first wpforms-one-half\"><input type=\"text\" id=\"wpforms-8308-field_1\" class=\"wpforms-field-name-first wpforms-field-required\" name=\"wpforms[fields][1][first]\" required><label for=\"wpforms-8308-field_1\" class=\"wpforms-field-sublabel after wpforms-sublabel-hide\">First<\/label><\/div><div class=\"wpforms-field-row-block wpforms-one-half\"><input type=\"text\" id=\"wpforms-8308-field_1-last\" class=\"wpforms-field-name-last wpforms-field-required\" name=\"wpforms[fields][1][last]\" required><label for=\"wpforms-8308-field_1-last\" class=\"wpforms-field-sublabel after wpforms-sublabel-hide\">Last<\/label><\/div><\/div><\/div><div id=\"wpforms-8308-field_5-container\" class=\"wpforms-field wpforms-field-layout\" data-field-id=\"5\"><label class=\"wpforms-field-label wpforms-label-hide\" for=\"wpforms-8308-field_5\">Layout<\/label><div class=\"wpforms-field-layout-columns wpforms-field-layout-preset-50-50\"><div class=\"wpforms-layout-column wpforms-layout-column-50\"><div id=\"wpforms-8308-field_3-container\" class=\"wpforms-field wpforms-field-email\" data-field-id=\"3\"><label class=\"wpforms-field-label\" for=\"wpforms-8308-field_3\">Email <span class=\"wpforms-required-label\">*<\/span><\/label><input type=\"email\" id=\"wpforms-8308-field_3\" class=\"wpforms-field-medium wpforms-field-required\" name=\"wpforms[fields][3]\" required><\/div><div id=\"wpforms-8308-field_4-container\" class=\"wpforms-field wpforms-field-select wpforms-field-select-style-classic\" data-field-id=\"4\"><label class=\"wpforms-field-label\" for=\"wpforms-8308-field_4\">Sistemin kurulaca\u011f\u0131 yer<\/label><select id=\"wpforms-8308-field_4\" class=\"wpforms-field-medium\" name=\"wpforms[fields][4]\"><option value=\"\u0130\u015f yeri &amp; Ma\u011faza\" >\u0130\u015f yeri &amp; Ma\u011faza<\/option><option value=\"\u0130\u015f merkezi &amp; AVM\" >\u0130\u015f merkezi &amp; AVM<\/option><option value=\"Okul &amp; Dershane\" >Okul &amp; Dershane<\/option><option value=\"E\u011flence merkezi\" >E\u011flence merkezi<\/option><option value=\"Askeriye &amp; Devlet Kurumu\" >Askeriye &amp; Devlet Kurumu<\/option><option value=\"Fabrika &amp; At\u00f6lye\" >Fabrika &amp; At\u00f6lye<\/option><option value=\"Hastane\" >Hastane<\/option><option value=\"Di\u011fer\" >Di\u011fer<\/option><\/select><\/div><\/div><div class=\"wpforms-layout-column wpforms-layout-column-50\"><div id=\"wpforms-8308-field_2-container\" class=\"wpforms-field wpforms-field-phone\" data-field-id=\"2\"><label class=\"wpforms-field-label\" for=\"wpforms-8308-field_2\">Telefon<\/label><input type=\"tel\" id=\"wpforms-8308-field_2\" class=\"wpforms-field-medium wpforms-smart-phone-field\" data-rule-smart-phone-field=\"true\" name=\"wpforms[fields][2]\" ><\/div><div id=\"wpforms-8308-field_6-container\" class=\"wpforms-field wpforms-field-checkbox\" data-field-id=\"6\"><label class=\"wpforms-field-label\" for=\"wpforms-8308-field_6\">Kurulu Sistem Var&#039; m\u0131?<\/label><ul id=\"wpforms-8308-field_6\"><li class=\"choice-1 depth-1\"><input type=\"checkbox\" id=\"wpforms-8308-field_6_1\" name=\"wpforms[fields][6][]\" value=\"Evet\"  ><label class=\"wpforms-field-label-inline\" for=\"wpforms-8308-field_6_1\">Evet<\/label><\/li><li class=\"choice-2 depth-1\"><input type=\"checkbox\" id=\"wpforms-8308-field_6_2\" name=\"wpforms[fields][6][]\" value=\"Hay\u0131r\"  ><label class=\"wpforms-field-label-inline\" for=\"wpforms-8308-field_6_2\">Hay\u0131r<\/label><\/li><\/ul><\/div><\/div><\/div><\/div><div id=\"wpforms-8308-field_14-container\" class=\"wpforms-field wpforms-field-textarea\" data-field-id=\"14\"><label class=\"wpforms-field-label\" for=\"wpforms-8308-field_14\">Mesaj\u0131n\u0131z<\/label><textarea id=\"wpforms-8308-field_14\" class=\"wpforms-field-large\" name=\"wpforms[fields][14]\" ><\/textarea><\/div><\/div><div class=\"wpforms-submit-container\"><input type=\"hidden\" name=\"wpforms[id]\" value=\"8308\"><input type=\"hidden\" name=\"wpforms[author]\" value=\"1\"><button type=\"submit\" name=\"wpforms[submit]\" id=\"wpforms-submit-8308\" class=\"wpforms-submit\" data-alt-text=\"G\u00f6nderiliyor...\" data-submit-text=\"G\u00f6nder\" aria-live=\"assertive\" value=\"wpforms-submit\">G\u00f6nder<\/button><img loading=\"lazy\" decoding=\"async\" src=\"https:\/\/www.etkiguvenlik.com\/wp-content\/plugins\/wpforms\/assets\/images\/submit-spin.svg\" class=\"wpforms-submit-spinner\" style=\"display: none;\" width=\"26\" height=\"26\" alt=\"Loading\"><\/div><\/form><\/div>  <!-- .wpforms-container -->[\/vc_column_text][\/vc_column][\/vc_row]<\/p>\n<\/section>","protected":false},"excerpt":{"rendered":"<p>[vc_row][vc_column width=&#8221;2\/3&#8243;][vc_column_text]Ak\u0131ll\u0131 Video Analizin temel amac\u0131, olu\u015fabilecek tehditleri \u00f6nceden alg\u0131layarak engellemektir. Video analiz; tehditleri, \u015f\u00fcpheli olaylar\u0131 yada ger\u00e7ek zamanl\u0131 davran\u0131\u015flar\u0131 alg\u0131lamak ve tan\u0131mlamak i\u00e7in video g\u00f6r\u00fcnt\u00fclerini say\u0131sal olarak analiz eden i\u015fleme sistemidir. IP kamera yaz\u0131l\u0131m\u0131 network video kay\u0131t cihazlar\u0131, ak\u0131ll\u0131 analiz mod\u00fclleri ve IP video izleme sistemleri i\u00e7in geli\u015ftirilmi\u015f bir yaz\u0131l\u0131md\u0131r. Her t\u00fcrl\u00fc IP kamera [&hellip;]<\/p>\n","protected":false},"author":1,"featured_media":0,"parent":0,"menu_order":0,"comment_status":"closed","ping_status":"closed","template":"","meta":{"footnotes":""},"class_list":["post-2790","page","type-page","status-publish","hentry"],"translation":{"provider":"WPGlobus","version":"3.0.2","language":"en","enabled_languages":["tr","en"],"languages":{"tr":{"title":true,"content":true,"excerpt":false},"en":{"title":false,"content":false,"excerpt":false}}},"_links":{"self":[{"href":"https:\/\/www.etkiguvenlik.com\/en\/wp-json\/wp\/v2\/pages\/2790","targetHints":{"allow":["GET"]}}],"collection":[{"href":"https:\/\/www.etkiguvenlik.com\/en\/wp-json\/wp\/v2\/pages"}],"about":[{"href":"https:\/\/www.etkiguvenlik.com\/en\/wp-json\/wp\/v2\/types\/page"}],"author":[{"embeddable":true,"href":"https:\/\/www.etkiguvenlik.com\/en\/wp-json\/wp\/v2\/users\/1"}],"replies":[{"embeddable":true,"href":"https:\/\/www.etkiguvenlik.com\/en\/wp-json\/wp\/v2\/comments?post=2790"}],"version-history":[{"count":4,"href":"https:\/\/www.etkiguvenlik.com\/en\/wp-json\/wp\/v2\/pages\/2790\/revisions"}],"predecessor-version":[{"id":8346,"href":"https:\/\/www.etkiguvenlik.com\/en\/wp-json\/wp\/v2\/pages\/2790\/revisions\/8346"}],"wp:attachment":[{"href":"https:\/\/www.etkiguvenlik.com\/en\/wp-json\/wp\/v2\/media?parent=2790"}],"curies":[{"name":"wp","href":"https:\/\/api.w.org\/{rel}","templated":true}]}}