{"id":2777,"date":"2020-07-09T17:04:51","date_gmt":"2020-07-09T14:04:51","guid":{"rendered":"https:\/\/www.etkiguvenlik.com\/?page_id=2777"},"modified":"2023-02-28T21:41:52","modified_gmt":"2023-02-28T18:41:52","slug":"road-blocker-ve-mantar-bariyer-sistemi","status":"publish","type":"page","link":"https:\/\/www.etkiguvenlik.com\/en\/road-blocker-ve-mantar-bariyer-sistemi\/","title":{"rendered":"Road Blocker ve Mantar Bariyer Sistemi"},"content":{"rendered":"<section class=\"wpb-content-wrapper\"><p>[vc_row][vc_column width=&#8221;2\/3&#8243;][vc_column_text]<span style=\"color: #ffffff; font-size: 17px;\">Road Blocker, askeri tesisler, devlet binalar\u0131, el\u00e7ilikler, \u00fcretim tesisleri, petrol rafinerileri, oteller, havaalanlar\u0131 ve stadyumlar gibi her t\u00fcrl\u00fc ara\u00e7 i\u00e7in en yayg\u0131n kullan\u0131lan sistemdir. Sistem sadece araca dayan\u0131kl\u0131 bir kasa olarak de\u011fil, ayn\u0131 zamanda sistemle ilgili t\u00fcm sald\u0131r\u0131lara kar\u015f\u0131 da g\u00fc\u00e7lendirilmi\u015ftir. Hidrolik i\u015fletim sistemi sayesinde en yo\u011fun yerlerde bile \u00e7al\u0131\u015f\u0131r. Bu sistem, Mantar Bariyer ve di\u011fer bariyerlerle senkronize edilerek olas\u0131 sald\u0131r\u0131larda savunmay\u0131 en \u00fcst seviyede tutar.<\/span><br \/>\n<span style=\"color: #ffffff; font-size: 17px;\">MANTAR BAR\u0130YER\u0130<\/span><br \/>\n<span style=\"color: #ffffff; font-size: 17px;\">Darbelere ve hava ko\u015fullar\u0131na dayan\u0131kl\u0131 Hidrolik Mantar Bariyerler, ileri teknoloji ile Avrupa normu 304 kalite paslanmaz \u00e7elik borulardan \u00fcretilmektedir. Bariyerlerin \u00e7ap\u0131 ve y\u00fcksekli\u011fi, alan\u0131n gereksinimlerine veya istenen g\u00fcvenlik d\u00fczeyine g\u00f6re de\u011fi\u015fir. Elektronik \u00f6zellik sayesinde, y\u00fckseltme \/ indirme i\u015flemi basit bir kontrol d\u00fc\u011fmesi ile bile herhangi bir kart okuyucu, uzaktan kumanda, parmak izi biyometrik okuyucular, otomatik plaka tan\u0131ma sistemi veya herhangi bir eri\u015fim kontrol sistemi taraf\u0131ndan kontrol edilebilir. Sisteme ek olarak; Manyetik d\u00f6ng\u00fc dedekt\u00f6rleri, fotoseller, yan\u0131p s\u00f6nen \u0131\u015f\u0131klar veya k\u0131rm\u0131z\u0131 \/ ye\u015fil trafik \u0131\u015f\u0131\u011f\u0131 gibi g\u00fcvenlik cihazlar\u0131 kolayca entegre edilebilir.<\/span><br \/>\n<span style=\"color: #ffffff; font-size: 17px;\">Mantar bariyeri, her t\u00fcrl\u00fc arac\u0131n suikast riski i\u00e7in \u00f6zel olarak tasarlanm\u0131\u015f bir g\u00fcvenlik \u00fcr\u00fcn\u00fcd\u00fcr. Saatte 80 km. Bir arac\u0131 h\u0131zla \u00e7o\u011falmay\u0131 durduracak niteliklere sahip mantar bariyerleri, hidrolik \u00e7al\u0131\u015fma prensibi ile olduk\u00e7a kararl\u0131 bir \u00e7\u00f6z\u00fcmd\u00fcr.<\/span><br \/>\n<span style=\"color: #ffffff; font-size: 17px;\">S\u0130LAHLI BAR\u0130YER<\/span><br \/>\n<span style=\"color: #ffffff; font-size: 17px;\">Kol Bariyerleri estetik g\u00f6r\u00fcn\u00fcm\u00fc, hava ko\u015fullar\u0131na dayan\u0131kl\u0131 paslanmaz \u00e7elik d\u0131\u015f kabini ve g\u00fc\u00e7l\u00fc motoru ile uluslararas\u0131 bir standart ve kaliteye sahiptir. Bariyerler \u00fczerindeki fotosellerle, arac\u0131n ge\u00e7i\u015fi alg\u0131lanana ve ara\u00e7 ge\u00e7ene kadar bariyer kolunun ge\u00e7i\u015fi \u00f6nlenir. Bu, olas\u0131 kazalar\u0131 \u00f6nler. \u00c7al\u0131\u015fma h\u0131z\u0131, kullan\u0131c\u0131n\u0131n ihtiya\u00e7lar\u0131na g\u00f6re de ayarlanabilir. Bariyer, giri\u015f geni\u015fli\u011fine ba\u011fl\u0131 olarak uzaktan kumanda, manuel d\u00fc\u011fme, kart okuyucu ve farkl\u0131 kol uzunluklar\u0131 gibi alternatif aksesuarlarla \u00e7al\u0131\u015ft\u0131r\u0131labilir.<\/span>[\/vc_column_text][\/vc_column][vc_column width=&#8221;1\/3&#8243;][vc_single_image image=&#8221;2778&#8243; img_size=&#8221;large&#8221; alignment=&#8221;right&#8221; style=&#8221;vc_box_shadow_border_circle_2&#8243; el_class=&#8221;circle_service_image&#8221;][\/vc_column][\/vc_row][vc_row][vc_column][vc_column_text]<div class=\"wpforms-container wpforms-container-full\" id=\"wpforms-8308\"><form id=\"wpforms-form-8308\" class=\"wpforms-validate wpforms-form wpforms-ajax-form\" data-formid=\"8308\" method=\"post\" enctype=\"multipart\/form-data\" action=\"\/en\/wp-json\/wp\/v2\/pages\/2777\" data-token=\"ac0aceeab9dc75c1f3147da79b770ce0\"><noscript class=\"wpforms-error-noscript\">Please enable JavaScript in your browser to complete this form.<\/noscript><div class=\"wpforms-field-container\"><div id=\"wpforms-8308-field_1-container\" class=\"wpforms-field wpforms-field-name\" data-field-id=\"1\"><label class=\"wpforms-field-label\" for=\"wpforms-8308-field_1\">Ad\u0131n\u0131z ve Soyad\u0131n\u0131z <span class=\"wpforms-required-label\">*<\/span><\/label><div class=\"wpforms-field-row wpforms-field-large\"><div class=\"wpforms-field-row-block wpforms-first wpforms-one-half\"><input type=\"text\" id=\"wpforms-8308-field_1\" class=\"wpforms-field-name-first wpforms-field-required\" name=\"wpforms[fields][1][first]\" required><label for=\"wpforms-8308-field_1\" class=\"wpforms-field-sublabel after wpforms-sublabel-hide\">First<\/label><\/div><div class=\"wpforms-field-row-block wpforms-one-half\"><input type=\"text\" id=\"wpforms-8308-field_1-last\" class=\"wpforms-field-name-last wpforms-field-required\" name=\"wpforms[fields][1][last]\" required><label for=\"wpforms-8308-field_1-last\" class=\"wpforms-field-sublabel after wpforms-sublabel-hide\">Last<\/label><\/div><\/div><\/div><div id=\"wpforms-8308-field_5-container\" class=\"wpforms-field wpforms-field-layout\" data-field-id=\"5\"><label class=\"wpforms-field-label wpforms-label-hide\" for=\"wpforms-8308-field_5\">Layout<\/label><div class=\"wpforms-field-layout-columns wpforms-field-layout-preset-50-50\"><div class=\"wpforms-layout-column wpforms-layout-column-50\"><div id=\"wpforms-8308-field_3-container\" class=\"wpforms-field wpforms-field-email\" data-field-id=\"3\"><label class=\"wpforms-field-label\" for=\"wpforms-8308-field_3\">Email <span class=\"wpforms-required-label\">*<\/span><\/label><input type=\"email\" id=\"wpforms-8308-field_3\" class=\"wpforms-field-medium wpforms-field-required\" name=\"wpforms[fields][3]\" required><\/div><div id=\"wpforms-8308-field_4-container\" class=\"wpforms-field wpforms-field-select wpforms-field-select-style-classic\" data-field-id=\"4\"><label class=\"wpforms-field-label\" for=\"wpforms-8308-field_4\">Sistemin kurulaca\u011f\u0131 yer<\/label><select id=\"wpforms-8308-field_4\" class=\"wpforms-field-medium\" name=\"wpforms[fields][4]\"><option value=\"\u0130\u015f yeri &amp; Ma\u011faza\" >\u0130\u015f yeri &amp; Ma\u011faza<\/option><option value=\"\u0130\u015f merkezi &amp; AVM\" >\u0130\u015f merkezi &amp; AVM<\/option><option value=\"Okul &amp; Dershane\" >Okul &amp; Dershane<\/option><option value=\"E\u011flence merkezi\" >E\u011flence merkezi<\/option><option value=\"Askeriye &amp; Devlet Kurumu\" >Askeriye &amp; Devlet Kurumu<\/option><option value=\"Fabrika &amp; At\u00f6lye\" >Fabrika &amp; At\u00f6lye<\/option><option value=\"Hastane\" >Hastane<\/option><option value=\"Di\u011fer\" >Di\u011fer<\/option><\/select><\/div><\/div><div class=\"wpforms-layout-column wpforms-layout-column-50\"><div id=\"wpforms-8308-field_2-container\" class=\"wpforms-field wpforms-field-phone\" data-field-id=\"2\"><label class=\"wpforms-field-label\" for=\"wpforms-8308-field_2\">Telefon<\/label><input type=\"tel\" id=\"wpforms-8308-field_2\" class=\"wpforms-field-medium wpforms-smart-phone-field\" data-rule-smart-phone-field=\"true\" name=\"wpforms[fields][2]\" ><\/div><div id=\"wpforms-8308-field_6-container\" class=\"wpforms-field wpforms-field-checkbox\" data-field-id=\"6\"><label class=\"wpforms-field-label\" for=\"wpforms-8308-field_6\">Kurulu Sistem Var&#039; m\u0131?<\/label><ul id=\"wpforms-8308-field_6\"><li class=\"choice-1 depth-1\"><input type=\"checkbox\" id=\"wpforms-8308-field_6_1\" name=\"wpforms[fields][6][]\" value=\"Evet\"  ><label class=\"wpforms-field-label-inline\" for=\"wpforms-8308-field_6_1\">Evet<\/label><\/li><li class=\"choice-2 depth-1\"><input type=\"checkbox\" id=\"wpforms-8308-field_6_2\" name=\"wpforms[fields][6][]\" value=\"Hay\u0131r\"  ><label class=\"wpforms-field-label-inline\" for=\"wpforms-8308-field_6_2\">Hay\u0131r<\/label><\/li><\/ul><\/div><\/div><\/div><\/div><div id=\"wpforms-8308-field_14-container\" class=\"wpforms-field wpforms-field-textarea\" data-field-id=\"14\"><label class=\"wpforms-field-label\" for=\"wpforms-8308-field_14\">Mesaj\u0131n\u0131z<\/label><textarea id=\"wpforms-8308-field_14\" class=\"wpforms-field-large\" name=\"wpforms[fields][14]\" ><\/textarea><\/div><\/div><div class=\"wpforms-submit-container\"><input type=\"hidden\" name=\"wpforms[id]\" value=\"8308\"><input type=\"hidden\" name=\"wpforms[author]\" value=\"1\"><button type=\"submit\" name=\"wpforms[submit]\" id=\"wpforms-submit-8308\" class=\"wpforms-submit\" data-alt-text=\"G\u00f6nderiliyor...\" data-submit-text=\"G\u00f6nder\" aria-live=\"assertive\" value=\"wpforms-submit\">G\u00f6nder<\/button><img loading=\"lazy\" decoding=\"async\" src=\"https:\/\/www.etkiguvenlik.com\/wp-content\/plugins\/wpforms\/assets\/images\/submit-spin.svg\" class=\"wpforms-submit-spinner\" style=\"display: none;\" width=\"26\" height=\"26\" alt=\"Loading\"><\/div><\/form><\/div>  <!-- .wpforms-container -->[\/vc_column_text][\/vc_column][\/vc_row]<\/p>\n<\/section>","protected":false},"excerpt":{"rendered":"<p>[vc_row][vc_column width=&#8221;2\/3&#8243;][vc_column_text]Road Blocker, askeri tesisler, devlet binalar\u0131, el\u00e7ilikler, \u00fcretim tesisleri, petrol rafinerileri, oteller, havaalanlar\u0131 ve stadyumlar gibi her t\u00fcrl\u00fc ara\u00e7 i\u00e7in en yayg\u0131n kullan\u0131lan sistemdir. Sistem sadece araca dayan\u0131kl\u0131 bir kasa olarak de\u011fil, ayn\u0131 zamanda sistemle ilgili t\u00fcm sald\u0131r\u0131lara kar\u015f\u0131 da g\u00fc\u00e7lendirilmi\u015ftir. Hidrolik i\u015fletim sistemi sayesinde en yo\u011fun yerlerde bile \u00e7al\u0131\u015f\u0131r. Bu sistem, Mantar Bariyer [&hellip;]<\/p>\n","protected":false},"author":1,"featured_media":0,"parent":0,"menu_order":0,"comment_status":"closed","ping_status":"closed","template":"","meta":{"footnotes":""},"class_list":["post-2777","page","type-page","status-publish","hentry"],"translation":{"provider":"WPGlobus","version":"3.0.2","language":"en","enabled_languages":["tr","en"],"languages":{"tr":{"title":true,"content":true,"excerpt":false},"en":{"title":false,"content":false,"excerpt":false}}},"_links":{"self":[{"href":"https:\/\/www.etkiguvenlik.com\/en\/wp-json\/wp\/v2\/pages\/2777","targetHints":{"allow":["GET"]}}],"collection":[{"href":"https:\/\/www.etkiguvenlik.com\/en\/wp-json\/wp\/v2\/pages"}],"about":[{"href":"https:\/\/www.etkiguvenlik.com\/en\/wp-json\/wp\/v2\/types\/page"}],"author":[{"embeddable":true,"href":"https:\/\/www.etkiguvenlik.com\/en\/wp-json\/wp\/v2\/users\/1"}],"replies":[{"embeddable":true,"href":"https:\/\/www.etkiguvenlik.com\/en\/wp-json\/wp\/v2\/comments?post=2777"}],"version-history":[{"count":4,"href":"https:\/\/www.etkiguvenlik.com\/en\/wp-json\/wp\/v2\/pages\/2777\/revisions"}],"predecessor-version":[{"id":8341,"href":"https:\/\/www.etkiguvenlik.com\/en\/wp-json\/wp\/v2\/pages\/2777\/revisions\/8341"}],"wp:attachment":[{"href":"https:\/\/www.etkiguvenlik.com\/en\/wp-json\/wp\/v2\/media?parent=2777"}],"curies":[{"name":"wp","href":"https:\/\/api.w.org\/{rel}","templated":true}]}}