{"id":2719,"date":"2020-07-09T16:02:06","date_gmt":"2020-07-09T13:02:06","guid":{"rendered":"https:\/\/www.etkiguvenlik.com\/?page_id=2719"},"modified":"2023-02-28T21:39:37","modified_gmt":"2023-02-28T18:39:37","slug":"plaka-tanima-ve-otopark-yazilim-sistemleri","status":"publish","type":"page","link":"https:\/\/www.etkiguvenlik.com\/en\/plaka-tanima-ve-otopark-yazilim-sistemleri\/","title":{"rendered":"Plaka Tan\u0131ma ve Otopark Yaz\u0131l\u0131m Sistemleri"},"content":{"rendered":"<section class=\"wpb-content-wrapper\"><p>[vc_row][vc_column width=&#8221;2\/3&#8243;][vc_column_text]<\/p>\n<p style=\"margin: 0cm 0cm 12.25pt;\"><span style=\"color: #ffffff; font-size: 17px; font-family: tahoma, arial, helvetica, sans-serif;\">Plaka Tan\u0131ma sistemleri kameradan gelen g\u00f6r\u00fcnt\u00fclerin yaz\u0131l\u0131mda g\u00f6r\u00fcnt\u00fc i\u015fleme teknolojisi ile i\u015flenerek say\u0131sal de\u011fere d\u00f6n\u00fc\u015ft\u00fcr\u00fcl\u00fcp arac\u0131n di\u011fer g\u00f6r\u00fcnt\u00fcleri ve tarih, saat gibi zaman bilgileri ile e\u015fle\u015ftirilerek bir data base de tutulmas\u0131 i\u015flemidir. Anl\u0131k uyar\u0131lar ve geriye d\u00f6n\u00fck bilgilerin taranmas\u0131, detayl\u0131 raporlama ve haritalar \u00fczerinde konumland\u0131rmalar\u0131n yap\u0131lmas\u0131, lokasyon bilgilerinin al\u0131nmas\u0131 geli\u015fmi\u015f yaz\u0131l\u0131mlar ile kolay ve basit hale gelmektedir. Sabit Plaka Tan\u0131ma Sisteminin \u00dcst\u00fcn \u00d6zellikleri;<br \/>\n\u2022 Ara\u00e7 h\u0131z\u0131 okuma<br \/>\n\u2022 Ara\u00e7 markas\u0131 okuma<br \/>\n\u2022 Saatte 225 km h\u0131zla giden arac\u0131n plakas\u0131n\u0131 okuyabilme<br \/>\n\u2022 Dakikada 5000 plaka okuma<br \/>\n\u2022 Bir\u00e7ok ara\u00e7 g\u00f6r\u00fc\u015f alan\u0131ndayken ara\u00e7lar\u0131 tan\u0131mak i\u00e7in plaka belirginle\u015ftirme<br \/>\n\u2022 Uluslararas\u0131 plakalar\u0131 okuma deste\u011fi<br \/>\n\u2022 Geli\u015fmi\u015f harita deste\u011fi ile gelen plakan\u0131n hangi b\u00f6lgede okuma yapt\u0131\u011f\u0131 ve b\u00fct\u00fcn bir sistemde hangi y\u00f6nde ilerledi\u011fini belirleyerek ge\u00e7mi\u015f y\u00f6n haritas\u0131 olu\u015fturma \u00f6zelli\u011fi ve tarih,saat ve b\u00f6lgelere g\u00f6re filtreleyerek arama yapma<br \/>\n\u2022 \u00c7ift kameras\u0131 sayesinde, birinci kamera plaka okumas\u0131 yaparken ikinci kamera da daha geni\u015f bir a\u00e7\u0131dan arac\u0131n resmini \u00e7ekip plaka ile e\u015fle\u015ftirme<br \/>\n\u2022 Joker liste (Bilindik kara liste uygulamas\u0131n\u0131n yan\u0131nda Joker liste \u00f6zelli\u011fi sayesinde bir olay an\u0131nda tan\u0131k plakan\u0131n tamam\u0131n\u0131 g\u00f6rememi\u015fse bile verdi\u011fi veriler ile olu\u015fturulan ikinci bir liste sayesinde bu \u00f6zelliklere uyan ara\u00e7lar\u0131n plakas\u0131 okundu\u011funda da alarm \u00fcretme<br \/>\n\u2022 Geli\u015fmi\u015f SDK deste\u011fi ile mevcut di\u011fer yaz\u0131l\u0131mlara entegre olabilme<br \/>\n\u2022 45 ve 90 derecelik a\u00e7\u0131larda plaka okuyabilme<\/span><\/p>\n<p>[\/vc_column_text][\/vc_column][vc_column width=&#8221;1\/3&#8243;][vc_single_image image=&#8221;2720&#8243; img_size=&#8221;large&#8221; alignment=&#8221;right&#8221; style=&#8221;vc_box_shadow_border_circle_2&#8243; el_class=&#8221;circle_service_image&#8221;][\/vc_column][\/vc_row][vc_row][vc_column][vc_column_text]<div class=\"wpforms-container wpforms-container-full\" id=\"wpforms-8308\"><form id=\"wpforms-form-8308\" class=\"wpforms-validate wpforms-form wpforms-ajax-form\" data-formid=\"8308\" method=\"post\" enctype=\"multipart\/form-data\" action=\"\/en\/wp-json\/wp\/v2\/pages\/2719\" data-token=\"ac0aceeab9dc75c1f3147da79b770ce0\"><noscript class=\"wpforms-error-noscript\">Please enable JavaScript in your browser to complete this form.<\/noscript><div class=\"wpforms-field-container\"><div id=\"wpforms-8308-field_1-container\" class=\"wpforms-field wpforms-field-name\" data-field-id=\"1\"><label class=\"wpforms-field-label\" for=\"wpforms-8308-field_1\">Ad\u0131n\u0131z ve Soyad\u0131n\u0131z <span class=\"wpforms-required-label\">*<\/span><\/label><div class=\"wpforms-field-row wpforms-field-large\"><div class=\"wpforms-field-row-block wpforms-first wpforms-one-half\"><input type=\"text\" id=\"wpforms-8308-field_1\" class=\"wpforms-field-name-first wpforms-field-required\" name=\"wpforms[fields][1][first]\" required><label for=\"wpforms-8308-field_1\" class=\"wpforms-field-sublabel after wpforms-sublabel-hide\">First<\/label><\/div><div class=\"wpforms-field-row-block wpforms-one-half\"><input type=\"text\" id=\"wpforms-8308-field_1-last\" class=\"wpforms-field-name-last wpforms-field-required\" name=\"wpforms[fields][1][last]\" required><label for=\"wpforms-8308-field_1-last\" class=\"wpforms-field-sublabel after wpforms-sublabel-hide\">Last<\/label><\/div><\/div><\/div><div id=\"wpforms-8308-field_5-container\" class=\"wpforms-field wpforms-field-layout\" data-field-id=\"5\"><label class=\"wpforms-field-label wpforms-label-hide\" for=\"wpforms-8308-field_5\">Layout<\/label><div class=\"wpforms-field-layout-columns wpforms-field-layout-preset-50-50\"><div class=\"wpforms-layout-column wpforms-layout-column-50\"><div id=\"wpforms-8308-field_3-container\" class=\"wpforms-field wpforms-field-email\" data-field-id=\"3\"><label class=\"wpforms-field-label\" for=\"wpforms-8308-field_3\">Email <span class=\"wpforms-required-label\">*<\/span><\/label><input type=\"email\" id=\"wpforms-8308-field_3\" class=\"wpforms-field-medium wpforms-field-required\" name=\"wpforms[fields][3]\" required><\/div><div id=\"wpforms-8308-field_4-container\" class=\"wpforms-field wpforms-field-select wpforms-field-select-style-classic\" data-field-id=\"4\"><label class=\"wpforms-field-label\" for=\"wpforms-8308-field_4\">Sistemin kurulaca\u011f\u0131 yer<\/label><select id=\"wpforms-8308-field_4\" class=\"wpforms-field-medium\" name=\"wpforms[fields][4]\"><option value=\"\u0130\u015f yeri &amp; Ma\u011faza\" >\u0130\u015f yeri &amp; Ma\u011faza<\/option><option value=\"\u0130\u015f merkezi &amp; AVM\" >\u0130\u015f merkezi &amp; AVM<\/option><option value=\"Okul &amp; Dershane\" >Okul &amp; Dershane<\/option><option value=\"E\u011flence merkezi\" >E\u011flence merkezi<\/option><option value=\"Askeriye &amp; Devlet Kurumu\" >Askeriye &amp; Devlet Kurumu<\/option><option value=\"Fabrika &amp; At\u00f6lye\" >Fabrika &amp; At\u00f6lye<\/option><option value=\"Hastane\" >Hastane<\/option><option value=\"Di\u011fer\" >Di\u011fer<\/option><\/select><\/div><\/div><div class=\"wpforms-layout-column wpforms-layout-column-50\"><div id=\"wpforms-8308-field_2-container\" class=\"wpforms-field wpforms-field-phone\" data-field-id=\"2\"><label class=\"wpforms-field-label\" for=\"wpforms-8308-field_2\">Telefon<\/label><input type=\"tel\" id=\"wpforms-8308-field_2\" class=\"wpforms-field-medium wpforms-smart-phone-field\" data-rule-smart-phone-field=\"true\" name=\"wpforms[fields][2]\" ><\/div><div id=\"wpforms-8308-field_6-container\" class=\"wpforms-field wpforms-field-checkbox\" data-field-id=\"6\"><label class=\"wpforms-field-label\" for=\"wpforms-8308-field_6\">Kurulu Sistem Var&#039; m\u0131?<\/label><ul id=\"wpforms-8308-field_6\"><li class=\"choice-1 depth-1\"><input type=\"checkbox\" id=\"wpforms-8308-field_6_1\" name=\"wpforms[fields][6][]\" value=\"Evet\"  ><label class=\"wpforms-field-label-inline\" for=\"wpforms-8308-field_6_1\">Evet<\/label><\/li><li class=\"choice-2 depth-1\"><input type=\"checkbox\" id=\"wpforms-8308-field_6_2\" name=\"wpforms[fields][6][]\" value=\"Hay\u0131r\"  ><label class=\"wpforms-field-label-inline\" for=\"wpforms-8308-field_6_2\">Hay\u0131r<\/label><\/li><\/ul><\/div><\/div><\/div><\/div><div id=\"wpforms-8308-field_14-container\" class=\"wpforms-field wpforms-field-textarea\" data-field-id=\"14\"><label class=\"wpforms-field-label\" for=\"wpforms-8308-field_14\">Mesaj\u0131n\u0131z<\/label><textarea id=\"wpforms-8308-field_14\" class=\"wpforms-field-large\" name=\"wpforms[fields][14]\" ><\/textarea><\/div><\/div><div class=\"wpforms-submit-container\"><input type=\"hidden\" name=\"wpforms[id]\" value=\"8308\"><input type=\"hidden\" name=\"wpforms[author]\" value=\"1\"><button type=\"submit\" name=\"wpforms[submit]\" id=\"wpforms-submit-8308\" class=\"wpforms-submit\" data-alt-text=\"G\u00f6nderiliyor...\" data-submit-text=\"G\u00f6nder\" aria-live=\"assertive\" value=\"wpforms-submit\">G\u00f6nder<\/button><img loading=\"lazy\" decoding=\"async\" src=\"https:\/\/www.etkiguvenlik.com\/wp-content\/plugins\/wpforms\/assets\/images\/submit-spin.svg\" class=\"wpforms-submit-spinner\" style=\"display: none;\" width=\"26\" height=\"26\" alt=\"Loading\"><\/div><\/form><\/div>  <!-- .wpforms-container -->[\/vc_column_text][\/vc_column][\/vc_row]<\/p>\n<\/section>","protected":false},"excerpt":{"rendered":"<p>[vc_row][vc_column width=&#8221;2\/3&#8243;][vc_column_text] Plaka Tan\u0131ma sistemleri kameradan gelen g\u00f6r\u00fcnt\u00fclerin yaz\u0131l\u0131mda g\u00f6r\u00fcnt\u00fc i\u015fleme teknolojisi ile i\u015flenerek say\u0131sal de\u011fere d\u00f6n\u00fc\u015ft\u00fcr\u00fcl\u00fcp arac\u0131n di\u011fer g\u00f6r\u00fcnt\u00fcleri ve tarih, saat gibi zaman bilgileri ile e\u015fle\u015ftirilerek bir data base de tutulmas\u0131 i\u015flemidir. Anl\u0131k uyar\u0131lar ve geriye d\u00f6n\u00fck bilgilerin taranmas\u0131, detayl\u0131 raporlama ve haritalar \u00fczerinde konumland\u0131rmalar\u0131n yap\u0131lmas\u0131, lokasyon bilgilerinin al\u0131nmas\u0131 geli\u015fmi\u015f yaz\u0131l\u0131mlar ile kolay [&hellip;]<\/p>\n","protected":false},"author":1,"featured_media":0,"parent":0,"menu_order":0,"comment_status":"closed","ping_status":"closed","template":"","meta":{"footnotes":""},"class_list":["post-2719","page","type-page","status-publish","hentry"],"translation":{"provider":"WPGlobus","version":"3.0.2","language":"en","enabled_languages":["tr","en"],"languages":{"tr":{"title":true,"content":true,"excerpt":false},"en":{"title":false,"content":false,"excerpt":false}}},"_links":{"self":[{"href":"https:\/\/www.etkiguvenlik.com\/en\/wp-json\/wp\/v2\/pages\/2719","targetHints":{"allow":["GET"]}}],"collection":[{"href":"https:\/\/www.etkiguvenlik.com\/en\/wp-json\/wp\/v2\/pages"}],"about":[{"href":"https:\/\/www.etkiguvenlik.com\/en\/wp-json\/wp\/v2\/types\/page"}],"author":[{"embeddable":true,"href":"https:\/\/www.etkiguvenlik.com\/en\/wp-json\/wp\/v2\/users\/1"}],"replies":[{"embeddable":true,"href":"https:\/\/www.etkiguvenlik.com\/en\/wp-json\/wp\/v2\/comments?post=2719"}],"version-history":[{"count":5,"href":"https:\/\/www.etkiguvenlik.com\/en\/wp-json\/wp\/v2\/pages\/2719\/revisions"}],"predecessor-version":[{"id":8340,"href":"https:\/\/www.etkiguvenlik.com\/en\/wp-json\/wp\/v2\/pages\/2719\/revisions\/8340"}],"wp:attachment":[{"href":"https:\/\/www.etkiguvenlik.com\/en\/wp-json\/wp\/v2\/media?parent=2719"}],"curies":[{"name":"wp","href":"https:\/\/api.w.org\/{rel}","templated":true}]}}