{"id":2675,"date":"2020-07-09T15:28:31","date_gmt":"2020-07-09T12:28:31","guid":{"rendered":"https:\/\/www.etkiguvenlik.com\/?page_id=2675"},"modified":"2023-02-28T21:38:18","modified_gmt":"2023-02-28T18:38:18","slug":"magaza-urun-koruma-sistemleri","status":"publish","type":"page","link":"https:\/\/www.etkiguvenlik.com\/en\/magaza-urun-koruma-sistemleri\/","title":{"rendered":"Ma\u011faza \u00dcr\u00fcn Koruma Sistemleri"},"content":{"rendered":"<section class=\"wpb-content-wrapper\"><p>[vc_row][vc_column width=&#8221;2\/3&#8243;][vc_column_text]<\/p>\n<p style=\"text-align: justify;\"><span style=\"font-size: 17px; color: #ffffff;\"><span style=\"font-family: tahoma, arial, helvetica, sans-serif;\">Ma\u011faza \u00fcr\u00fcn koruma sistemleri, kullan\u0131lan noktadaki <\/span><span style=\"font-family: tahoma, arial, helvetica, sans-serif;\">h\u0131rs\u0131zl\u0131k olaylar\u0131n\u0131 engellemek i\u00e7in kullan\u0131l\u0131r. Yakla\u015f\u0131k her <\/span><span style=\"font-family: tahoma, arial, helvetica, sans-serif;\">ma\u011fazada 10% ile 15% aras\u0131 \u00fcr\u00fcnler h\u0131rs\u0131zl\u0131klar <\/span><span style=\"font-family: tahoma, arial, helvetica, sans-serif;\">y\u00fcz\u00fcnden zarara gidebiliyor. Bu h\u0131rs\u0131zl\u0131klar\u0131n \u00f6n\u00fcne <\/span><span style=\"font-family: tahoma, arial, helvetica, sans-serif;\">ge\u00e7ebilmek i\u00e7in ma\u011faza \u00fcr\u00fcn koruma sistemleri <\/span><span style=\"font-family: tahoma, arial, helvetica, sans-serif;\">kullan\u0131lmaktad\u0131r.<\/span><\/span><br \/>\n<span style=\"font-family: tahoma, arial, helvetica, sans-serif; font-size: 17px; color: #ffffff;\">\u0130ki farkl\u0131 \u00e7al\u0131\u015fma sistemine sahiptir.<\/span><br \/>\n<span style=\"font-size: 17px; color: #ffffff;\"><span style=\"font-family: tahoma, arial, helvetica, sans-serif;\">* Radyo frekansl\u0131 ( RF ) ma\u011faza \u00fcr\u00fcn koruma antenleri <\/span><span style=\"font-family: tahoma, arial, helvetica, sans-serif;\">Radyo Frekans sistemler, giyim ma\u011fazalar\u0131, katl\u0131 <\/span><span style=\"font-family: tahoma, arial, helvetica, sans-serif;\">ma\u011fazalar ve s\u00fcpermarketler i\u00e7in en ideal teknolojidir.<\/span><\/span><br \/>\n<span style=\"font-family: tahoma, arial, helvetica, sans-serif; font-size: 17px; color: #ffffff;\">Metal ve elektronik \u00fcr\u00fcnlerde kullan\u0131lamaz.<\/span><br \/>\n<span style=\"font-size: 17px; color: #ffffff;\"><span style=\"font-family: tahoma, arial, helvetica, sans-serif;\">* Akusto manyetik ( AM ) ma\u011faza \u00fcr\u00fcn koruma antenleri <\/span><span style=\"font-family: tahoma, arial, helvetica, sans-serif;\">Akusto manyetik ma\u011faza \u00fcr\u00fcn koruma antenleri, <\/span><span style=\"font-family: tahoma, arial, helvetica, sans-serif;\">etiketin tak\u0131laca\u011f\u0131 metal ve elektronik \u00fcr\u00fcnlerde radyo <\/span><span style=\"font-family: tahoma, arial, helvetica, sans-serif;\">frekansl\u0131 ma\u011faza \u00dcr\u00fcn koruma antenlerine g\u00f6re daha <\/span><span style=\"font-family: tahoma, arial, helvetica, sans-serif;\">fazla performans g\u00f6sterir. Metal ve elektronik \u00fcr\u00fcnlerde <\/span><span style=\"font-family: tahoma, arial, helvetica, sans-serif;\">radyo frekansl\u0131 ma\u011faza \u00fcr\u00fcn koruma antenleri \u00e7ok fazla <\/span><span style=\"font-family: tahoma, arial, helvetica, sans-serif;\">hata ve sorun \u00e7\u0131kar\u0131rken akusto manyetik sistemlerde bu<\/span><\/span><br \/>\n<span style=\"font-size: 17px; color: #ffffff;\"><span style=\"font-family: tahoma, arial, helvetica, sans-serif;\">sorunlar ve hatalar neredeyse hi\u00e7 sorun \u00e7\u0131karmadan <\/span><span style=\"font-family: tahoma, arial, helvetica, sans-serif;\">\u00e7al\u0131\u015fmaktad\u0131r.<\/span><\/span><\/p>\n<p>[\/vc_column_text][\/vc_column][vc_column width=&#8221;1\/3&#8243;][vc_single_image image=&#8221;2677&#8243; img_size=&#8221;large&#8221; alignment=&#8221;right&#8221; style=&#8221;vc_box_shadow_border_circle_2&#8243; el_class=&#8221;circle_service_image&#8221;][\/vc_column][\/vc_row][vc_row][vc_column][vc_column_text]<div class=\"wpforms-container wpforms-container-full\" id=\"wpforms-8308\"><form id=\"wpforms-form-8308\" class=\"wpforms-validate wpforms-form wpforms-ajax-form\" data-formid=\"8308\" method=\"post\" enctype=\"multipart\/form-data\" action=\"\/en\/wp-json\/wp\/v2\/pages\/2675\" data-token=\"823141f70031954e13a9d97b34bad342\"><noscript class=\"wpforms-error-noscript\">Please enable JavaScript in your browser to complete this form.<\/noscript><div class=\"wpforms-field-container\"><div id=\"wpforms-8308-field_1-container\" class=\"wpforms-field wpforms-field-name\" data-field-id=\"1\"><label class=\"wpforms-field-label\" for=\"wpforms-8308-field_1\">Ad\u0131n\u0131z ve Soyad\u0131n\u0131z <span class=\"wpforms-required-label\">*<\/span><\/label><div class=\"wpforms-field-row wpforms-field-large\"><div class=\"wpforms-field-row-block wpforms-first wpforms-one-half\"><input type=\"text\" id=\"wpforms-8308-field_1\" class=\"wpforms-field-name-first wpforms-field-required\" name=\"wpforms[fields][1][first]\" required><label for=\"wpforms-8308-field_1\" class=\"wpforms-field-sublabel after wpforms-sublabel-hide\">First<\/label><\/div><div class=\"wpforms-field-row-block wpforms-one-half\"><input type=\"text\" id=\"wpforms-8308-field_1-last\" class=\"wpforms-field-name-last wpforms-field-required\" name=\"wpforms[fields][1][last]\" required><label for=\"wpforms-8308-field_1-last\" class=\"wpforms-field-sublabel after wpforms-sublabel-hide\">Last<\/label><\/div><\/div><\/div><div id=\"wpforms-8308-field_5-container\" class=\"wpforms-field wpforms-field-layout\" data-field-id=\"5\"><label class=\"wpforms-field-label wpforms-label-hide\" for=\"wpforms-8308-field_5\">Layout<\/label><div class=\"wpforms-field-layout-columns wpforms-field-layout-preset-50-50\"><div class=\"wpforms-layout-column wpforms-layout-column-50\"><div id=\"wpforms-8308-field_3-container\" class=\"wpforms-field wpforms-field-email\" data-field-id=\"3\"><label class=\"wpforms-field-label\" for=\"wpforms-8308-field_3\">Email <span class=\"wpforms-required-label\">*<\/span><\/label><input type=\"email\" id=\"wpforms-8308-field_3\" class=\"wpforms-field-medium wpforms-field-required\" name=\"wpforms[fields][3]\" required><\/div><div id=\"wpforms-8308-field_4-container\" class=\"wpforms-field wpforms-field-select wpforms-field-select-style-classic\" data-field-id=\"4\"><label class=\"wpforms-field-label\" for=\"wpforms-8308-field_4\">Sistemin kurulaca\u011f\u0131 yer<\/label><select id=\"wpforms-8308-field_4\" class=\"wpforms-field-medium\" name=\"wpforms[fields][4]\"><option value=\"\u0130\u015f yeri &amp; Ma\u011faza\" >\u0130\u015f yeri &amp; Ma\u011faza<\/option><option value=\"\u0130\u015f merkezi &amp; AVM\" >\u0130\u015f merkezi &amp; AVM<\/option><option value=\"Okul &amp; Dershane\" >Okul &amp; Dershane<\/option><option value=\"E\u011flence merkezi\" >E\u011flence merkezi<\/option><option value=\"Askeriye &amp; Devlet Kurumu\" >Askeriye &amp; Devlet Kurumu<\/option><option value=\"Fabrika &amp; At\u00f6lye\" >Fabrika &amp; At\u00f6lye<\/option><option value=\"Hastane\" >Hastane<\/option><option value=\"Di\u011fer\" >Di\u011fer<\/option><\/select><\/div><\/div><div class=\"wpforms-layout-column wpforms-layout-column-50\"><div id=\"wpforms-8308-field_2-container\" class=\"wpforms-field wpforms-field-phone\" data-field-id=\"2\"><label class=\"wpforms-field-label\" for=\"wpforms-8308-field_2\">Telefon<\/label><input type=\"tel\" id=\"wpforms-8308-field_2\" class=\"wpforms-field-medium wpforms-smart-phone-field\" data-rule-smart-phone-field=\"true\" name=\"wpforms[fields][2]\" ><\/div><div id=\"wpforms-8308-field_6-container\" class=\"wpforms-field wpforms-field-checkbox\" data-field-id=\"6\"><label class=\"wpforms-field-label\" for=\"wpforms-8308-field_6\">Kurulu Sistem Var&#039; m\u0131?<\/label><ul id=\"wpforms-8308-field_6\"><li class=\"choice-1 depth-1\"><input type=\"checkbox\" id=\"wpforms-8308-field_6_1\" name=\"wpforms[fields][6][]\" value=\"Evet\"  ><label class=\"wpforms-field-label-inline\" for=\"wpforms-8308-field_6_1\">Evet<\/label><\/li><li class=\"choice-2 depth-1\"><input type=\"checkbox\" id=\"wpforms-8308-field_6_2\" name=\"wpforms[fields][6][]\" value=\"Hay\u0131r\"  ><label class=\"wpforms-field-label-inline\" for=\"wpforms-8308-field_6_2\">Hay\u0131r<\/label><\/li><\/ul><\/div><\/div><\/div><\/div><div id=\"wpforms-8308-field_14-container\" class=\"wpforms-field wpforms-field-textarea\" data-field-id=\"14\"><label class=\"wpforms-field-label\" for=\"wpforms-8308-field_14\">Mesaj\u0131n\u0131z<\/label><textarea id=\"wpforms-8308-field_14\" class=\"wpforms-field-large\" name=\"wpforms[fields][14]\" ><\/textarea><\/div><\/div><div class=\"wpforms-submit-container\"><input type=\"hidden\" name=\"wpforms[id]\" value=\"8308\"><input type=\"hidden\" name=\"wpforms[author]\" value=\"1\"><button type=\"submit\" name=\"wpforms[submit]\" id=\"wpforms-submit-8308\" class=\"wpforms-submit\" data-alt-text=\"G\u00f6nderiliyor...\" data-submit-text=\"G\u00f6nder\" aria-live=\"assertive\" value=\"wpforms-submit\">G\u00f6nder<\/button><img loading=\"lazy\" decoding=\"async\" src=\"https:\/\/www.etkiguvenlik.com\/wp-content\/plugins\/wpforms\/assets\/images\/submit-spin.svg\" class=\"wpforms-submit-spinner\" style=\"display: none;\" width=\"26\" height=\"26\" alt=\"Loading\"><\/div><\/form><\/div>  <!-- .wpforms-container -->[\/vc_column_text][\/vc_column][\/vc_row]<\/p>\n<\/section>","protected":false},"excerpt":{"rendered":"<p>[vc_row][vc_column width=&#8221;2\/3&#8243;][vc_column_text] Ma\u011faza \u00fcr\u00fcn koruma sistemleri, kullan\u0131lan noktadaki h\u0131rs\u0131zl\u0131k olaylar\u0131n\u0131 engellemek i\u00e7in kullan\u0131l\u0131r. Yakla\u015f\u0131k her ma\u011fazada 10% ile 15% aras\u0131 \u00fcr\u00fcnler h\u0131rs\u0131zl\u0131klar y\u00fcz\u00fcnden zarara gidebiliyor. Bu h\u0131rs\u0131zl\u0131klar\u0131n \u00f6n\u00fcne ge\u00e7ebilmek i\u00e7in ma\u011faza \u00fcr\u00fcn koruma sistemleri kullan\u0131lmaktad\u0131r. \u0130ki farkl\u0131 \u00e7al\u0131\u015fma sistemine sahiptir. * Radyo frekansl\u0131 ( RF ) ma\u011faza \u00fcr\u00fcn koruma antenleri Radyo Frekans sistemler, giyim ma\u011fazalar\u0131, [&hellip;]<\/p>\n","protected":false},"author":1,"featured_media":0,"parent":0,"menu_order":0,"comment_status":"closed","ping_status":"closed","template":"","meta":{"footnotes":""},"class_list":["post-2675","page","type-page","status-publish","hentry"],"translation":{"provider":"WPGlobus","version":"3.0.2","language":"en","enabled_languages":["tr","en"],"languages":{"tr":{"title":true,"content":true,"excerpt":false},"en":{"title":false,"content":false,"excerpt":false}}},"_links":{"self":[{"href":"https:\/\/www.etkiguvenlik.com\/en\/wp-json\/wp\/v2\/pages\/2675","targetHints":{"allow":["GET"]}}],"collection":[{"href":"https:\/\/www.etkiguvenlik.com\/en\/wp-json\/wp\/v2\/pages"}],"about":[{"href":"https:\/\/www.etkiguvenlik.com\/en\/wp-json\/wp\/v2\/types\/page"}],"author":[{"embeddable":true,"href":"https:\/\/www.etkiguvenlik.com\/en\/wp-json\/wp\/v2\/users\/1"}],"replies":[{"embeddable":true,"href":"https:\/\/www.etkiguvenlik.com\/en\/wp-json\/wp\/v2\/comments?post=2675"}],"version-history":[{"count":4,"href":"https:\/\/www.etkiguvenlik.com\/en\/wp-json\/wp\/v2\/pages\/2675\/revisions"}],"predecessor-version":[{"id":8339,"href":"https:\/\/www.etkiguvenlik.com\/en\/wp-json\/wp\/v2\/pages\/2675\/revisions\/8339"}],"wp:attachment":[{"href":"https:\/\/www.etkiguvenlik.com\/en\/wp-json\/wp\/v2\/media?parent=2675"}],"curies":[{"name":"wp","href":"https:\/\/api.w.org\/{rel}","templated":true}]}}