{"id":2664,"date":"2020-07-09T15:09:14","date_gmt":"2020-07-09T12:09:14","guid":{"rendered":"https:\/\/www.etkiguvenlik.com\/?page_id=2664"},"modified":"2023-02-28T21:36:27","modified_gmt":"2023-02-28T18:36:27","slug":"konferans-ve-akustik-ses-sistemi","status":"publish","type":"page","link":"https:\/\/www.etkiguvenlik.com\/en\/konferans-ve-akustik-ses-sistemi\/","title":{"rendered":"Konferans ve Akustik Ses Sistemi"},"content":{"rendered":"<section class=\"wpb-content-wrapper\"><p>[vc_row][vc_column width=&#8221;2\/3&#8243;][vc_column_text]<\/p>\n<p style=\"text-align: justify;\"><span style=\"font-size: 17px; color: #ffffff;\"><span style=\"font-family: tahoma, arial, helvetica, sans-serif;\">Konferans Salonu ses yal\u0131t\u0131m\u0131 toplulu\u011fa bir konu <\/span><span style=\"font-family: tahoma, arial, helvetica, sans-serif;\">\u00fczerinde bilgi vermek amac\u0131yla yap\u0131lan konu\u015fmalar\u0131n <\/span><span style=\"font-family: tahoma, arial, helvetica, sans-serif;\">yap\u0131ld\u0131\u011f\u0131 aland\u0131r. Sunu, proje g\u00f6steri ve \u00e7ok daha <\/span><span style=\"font-family: tahoma, arial, helvetica, sans-serif;\">farkl\u0131 faaliyetler i\u00e7in konferans salonlar\u0131 s\u0131kl\u0131kla <\/span><span style=\"font-family: tahoma, arial, helvetica, sans-serif;\">tercih edilir. <\/span><span style=\"font-family: tahoma, arial, helvetica, sans-serif;\">Toplu\u011funun fazlal\u0131\u011f\u0131 nedeniyle sesler olduk\u00e7a yank\u0131l\u0131 <\/span><span style=\"font-family: tahoma, arial, helvetica, sans-serif;\">\u00e7\u0131kar. Rahats\u0131z edici duruma gelen bu seslerden <\/span><span style=\"font-family: tahoma, arial, helvetica, sans-serif;\">konuklar\u0131n\u0131z rahats\u0131z olabilir ve etkinli\u011fin verimlili\u011fini <\/span><span style=\"font-family: tahoma, arial, helvetica, sans-serif;\">d\u00fc\u015f\u00fcr\u00fcr. Bu t\u00fcr ortamlarda ses yal\u0131t\u0131m\u0131 yap\u0131lmas\u0131 <\/span><span style=\"font-family: tahoma, arial, helvetica, sans-serif;\">\u00f6nemlidir. <\/span><span style=\"font-family: tahoma, arial, helvetica, sans-serif;\">Konferans salonlar\u0131nda \u00e7ok y\u00fcksek ve a\u015f\u0131r\u0131 ses <\/span><span style=\"font-family: tahoma, arial, helvetica, sans-serif;\">olmaz ama yank\u0131n\u0131n y\u00fcksek boyutlara \u00e7\u0131kabilece\u011fi <\/span><span style=\"font-family: tahoma, arial, helvetica, sans-serif;\">i\u00e7in ses yal\u0131t\u0131m\u0131 i\u00e7in akustik ses yal\u0131t\u0131m\u0131 yap\u0131lmal\u0131d\u0131r<\/span><\/span><\/p>\n<p>[\/vc_column_text][\/vc_column][vc_column width=&#8221;1\/3&#8243;][vc_single_image image=&#8221;2665&#8243; img_size=&#8221;large&#8221; alignment=&#8221;right&#8221; style=&#8221;vc_box_shadow_border_circle_2&#8243; el_class=&#8221;circle_service_image&#8221;][\/vc_column][\/vc_row][vc_row][vc_column][vc_column_text]<div class=\"wpforms-container wpforms-container-full\" id=\"wpforms-8308\"><form id=\"wpforms-form-8308\" class=\"wpforms-validate wpforms-form wpforms-ajax-form\" data-formid=\"8308\" method=\"post\" enctype=\"multipart\/form-data\" action=\"\/en\/wp-json\/wp\/v2\/pages\/2664\" data-token=\"05afa2210d8c21279108e9f1878862ee\"><noscript class=\"wpforms-error-noscript\">Please enable JavaScript in your browser to complete this form.<\/noscript><div class=\"wpforms-field-container\"><div id=\"wpforms-8308-field_1-container\" class=\"wpforms-field wpforms-field-name\" data-field-id=\"1\"><label class=\"wpforms-field-label\" for=\"wpforms-8308-field_1\">Ad\u0131n\u0131z ve Soyad\u0131n\u0131z <span class=\"wpforms-required-label\">*<\/span><\/label><div class=\"wpforms-field-row wpforms-field-large\"><div class=\"wpforms-field-row-block wpforms-first wpforms-one-half\"><input type=\"text\" id=\"wpforms-8308-field_1\" class=\"wpforms-field-name-first wpforms-field-required\" name=\"wpforms[fields][1][first]\" required><label for=\"wpforms-8308-field_1\" class=\"wpforms-field-sublabel after wpforms-sublabel-hide\">First<\/label><\/div><div class=\"wpforms-field-row-block wpforms-one-half\"><input type=\"text\" id=\"wpforms-8308-field_1-last\" class=\"wpforms-field-name-last wpforms-field-required\" name=\"wpforms[fields][1][last]\" required><label for=\"wpforms-8308-field_1-last\" class=\"wpforms-field-sublabel after wpforms-sublabel-hide\">Last<\/label><\/div><\/div><\/div><div id=\"wpforms-8308-field_5-container\" class=\"wpforms-field wpforms-field-layout\" data-field-id=\"5\"><label class=\"wpforms-field-label wpforms-label-hide\" for=\"wpforms-8308-field_5\">Layout<\/label><div class=\"wpforms-field-layout-columns wpforms-field-layout-preset-50-50\"><div class=\"wpforms-layout-column wpforms-layout-column-50\"><div id=\"wpforms-8308-field_3-container\" class=\"wpforms-field wpforms-field-email\" data-field-id=\"3\"><label class=\"wpforms-field-label\" for=\"wpforms-8308-field_3\">Email <span class=\"wpforms-required-label\">*<\/span><\/label><input type=\"email\" id=\"wpforms-8308-field_3\" class=\"wpforms-field-medium wpforms-field-required\" name=\"wpforms[fields][3]\" required><\/div><div id=\"wpforms-8308-field_4-container\" class=\"wpforms-field wpforms-field-select wpforms-field-select-style-classic\" data-field-id=\"4\"><label class=\"wpforms-field-label\" for=\"wpforms-8308-field_4\">Sistemin kurulaca\u011f\u0131 yer<\/label><select id=\"wpforms-8308-field_4\" class=\"wpforms-field-medium\" name=\"wpforms[fields][4]\"><option value=\"\u0130\u015f yeri &amp; Ma\u011faza\" >\u0130\u015f yeri &amp; Ma\u011faza<\/option><option value=\"\u0130\u015f merkezi &amp; AVM\" >\u0130\u015f merkezi &amp; AVM<\/option><option value=\"Okul &amp; Dershane\" >Okul &amp; Dershane<\/option><option value=\"E\u011flence merkezi\" >E\u011flence merkezi<\/option><option value=\"Askeriye &amp; Devlet Kurumu\" >Askeriye &amp; Devlet Kurumu<\/option><option value=\"Fabrika &amp; At\u00f6lye\" >Fabrika &amp; At\u00f6lye<\/option><option value=\"Hastane\" >Hastane<\/option><option value=\"Di\u011fer\" >Di\u011fer<\/option><\/select><\/div><\/div><div class=\"wpforms-layout-column wpforms-layout-column-50\"><div id=\"wpforms-8308-field_2-container\" class=\"wpforms-field wpforms-field-phone\" data-field-id=\"2\"><label class=\"wpforms-field-label\" for=\"wpforms-8308-field_2\">Telefon<\/label><input type=\"tel\" id=\"wpforms-8308-field_2\" class=\"wpforms-field-medium wpforms-smart-phone-field\" data-rule-smart-phone-field=\"true\" name=\"wpforms[fields][2]\" ><\/div><div id=\"wpforms-8308-field_6-container\" class=\"wpforms-field wpforms-field-checkbox\" data-field-id=\"6\"><label class=\"wpforms-field-label\" for=\"wpforms-8308-field_6\">Kurulu Sistem Var&#039; m\u0131?<\/label><ul id=\"wpforms-8308-field_6\"><li class=\"choice-1 depth-1\"><input type=\"checkbox\" id=\"wpforms-8308-field_6_1\" name=\"wpforms[fields][6][]\" value=\"Evet\"  ><label class=\"wpforms-field-label-inline\" for=\"wpforms-8308-field_6_1\">Evet<\/label><\/li><li class=\"choice-2 depth-1\"><input type=\"checkbox\" id=\"wpforms-8308-field_6_2\" name=\"wpforms[fields][6][]\" value=\"Hay\u0131r\"  ><label class=\"wpforms-field-label-inline\" for=\"wpforms-8308-field_6_2\">Hay\u0131r<\/label><\/li><\/ul><\/div><\/div><\/div><\/div><div id=\"wpforms-8308-field_14-container\" class=\"wpforms-field wpforms-field-textarea\" data-field-id=\"14\"><label class=\"wpforms-field-label\" for=\"wpforms-8308-field_14\">Mesaj\u0131n\u0131z<\/label><textarea id=\"wpforms-8308-field_14\" class=\"wpforms-field-large\" name=\"wpforms[fields][14]\" ><\/textarea><\/div><\/div><div class=\"wpforms-submit-container\"><input type=\"hidden\" name=\"wpforms[id]\" value=\"8308\"><input type=\"hidden\" name=\"wpforms[author]\" value=\"1\"><button type=\"submit\" name=\"wpforms[submit]\" id=\"wpforms-submit-8308\" class=\"wpforms-submit\" data-alt-text=\"G\u00f6nderiliyor...\" data-submit-text=\"G\u00f6nder\" aria-live=\"assertive\" value=\"wpforms-submit\">G\u00f6nder<\/button><img loading=\"lazy\" decoding=\"async\" src=\"https:\/\/www.etkiguvenlik.com\/wp-content\/plugins\/wpforms\/assets\/images\/submit-spin.svg\" class=\"wpforms-submit-spinner\" style=\"display: none;\" width=\"26\" height=\"26\" alt=\"Loading\"><\/div><\/form><\/div>  <!-- .wpforms-container -->[\/vc_column_text][\/vc_column][\/vc_row]<\/p>\n<\/section>","protected":false},"excerpt":{"rendered":"<p>[vc_row][vc_column width=&#8221;2\/3&#8243;][vc_column_text] Konferans Salonu ses yal\u0131t\u0131m\u0131 toplulu\u011fa bir konu \u00fczerinde bilgi vermek amac\u0131yla yap\u0131lan konu\u015fmalar\u0131n yap\u0131ld\u0131\u011f\u0131 aland\u0131r. Sunu, proje g\u00f6steri ve \u00e7ok daha farkl\u0131 faaliyetler i\u00e7in konferans salonlar\u0131 s\u0131kl\u0131kla tercih edilir. Toplu\u011funun fazlal\u0131\u011f\u0131 nedeniyle sesler olduk\u00e7a yank\u0131l\u0131 \u00e7\u0131kar. Rahats\u0131z edici duruma gelen bu seslerden konuklar\u0131n\u0131z rahats\u0131z olabilir ve etkinli\u011fin verimlili\u011fini d\u00fc\u015f\u00fcr\u00fcr. Bu t\u00fcr ortamlarda ses [&hellip;]<\/p>\n","protected":false},"author":1,"featured_media":0,"parent":0,"menu_order":0,"comment_status":"closed","ping_status":"closed","template":"","meta":{"footnotes":""},"class_list":["post-2664","page","type-page","status-publish","hentry"],"translation":{"provider":"WPGlobus","version":"3.0.2","language":"en","enabled_languages":["tr","en"],"languages":{"tr":{"title":true,"content":true,"excerpt":false},"en":{"title":false,"content":false,"excerpt":false}}},"_links":{"self":[{"href":"https:\/\/www.etkiguvenlik.com\/en\/wp-json\/wp\/v2\/pages\/2664","targetHints":{"allow":["GET"]}}],"collection":[{"href":"https:\/\/www.etkiguvenlik.com\/en\/wp-json\/wp\/v2\/pages"}],"about":[{"href":"https:\/\/www.etkiguvenlik.com\/en\/wp-json\/wp\/v2\/types\/page"}],"author":[{"embeddable":true,"href":"https:\/\/www.etkiguvenlik.com\/en\/wp-json\/wp\/v2\/users\/1"}],"replies":[{"embeddable":true,"href":"https:\/\/www.etkiguvenlik.com\/en\/wp-json\/wp\/v2\/comments?post=2664"}],"version-history":[{"count":4,"href":"https:\/\/www.etkiguvenlik.com\/en\/wp-json\/wp\/v2\/pages\/2664\/revisions"}],"predecessor-version":[{"id":8336,"href":"https:\/\/www.etkiguvenlik.com\/en\/wp-json\/wp\/v2\/pages\/2664\/revisions\/8336"}],"wp:attachment":[{"href":"https:\/\/www.etkiguvenlik.com\/en\/wp-json\/wp\/v2\/media?parent=2664"}],"curies":[{"name":"wp","href":"https:\/\/api.w.org\/{rel}","templated":true}]}}