{"id":2661,"date":"2020-07-09T15:05:54","date_gmt":"2020-07-09T12:05:54","guid":{"rendered":"https:\/\/www.etkiguvenlik.com\/?page_id=2661"},"modified":"2023-02-28T21:35:33","modified_gmt":"2023-02-28T18:35:33","slug":"ip-telefon-santrali-ve-hemsire-cagri-sistemleri","status":"publish","type":"page","link":"https:\/\/www.etkiguvenlik.com\/en\/ip-telefon-santrali-ve-hemsire-cagri-sistemleri\/","title":{"rendered":"IP Telefon Santrali ve Hem\u015fire \u00c7a\u011fr\u0131 Sistemleri"},"content":{"rendered":"<section class=\"wpb-content-wrapper\"><p>[vc_row][vc_column width=&#8221;2\/3&#8243;][vc_column_text]<span style=\"font-family: tahoma, arial, helvetica, sans-serif; font-size: 17px; color: #ffffff;\">IP Santral<\/span><br \/>\n<span style=\"font-size: 17px; color: #ffffff;\"><span style=\"font-family: tahoma, arial, helvetica, sans-serif;\">Yaz\u0131l\u0131msal IP Santral, PC donan\u0131mlar\u0131yla \u00e7al\u0131\u015fan ve IP <\/span><span style=\"font-family: tahoma, arial, helvetica, sans-serif;\">altyap\u0131s\u0131n\u0131 kullanarak, ileti\u015fim ihtiya\u00e7lar\u0131n\u0131 her t\u00fcrl\u00fc alt yap\u0131y\u0131 <\/span><span style=\"font-family: tahoma, arial, helvetica, sans-serif;\">bir araya getirerek \u00e7\u00f6zen, kompleks bir \u00fcr\u00fcnd\u00fcr. G\u00fcn\u00fcm\u00fczde <\/span><span style=\"font-family: tahoma, arial, helvetica, sans-serif;\">mobil teknolojinin geli\u015fmesiyle birlikte art\u0131k haberle\u015fmede <\/span><span style=\"font-family: tahoma, arial, helvetica, sans-serif;\">sabit bir yere ba\u011fl\u0131 kalmak ortadan kalkmaktad\u0131r. Analog <\/span><span style=\"font-family: tahoma, arial, helvetica, sans-serif;\">santrallerde sabit bir masa telefonuna ba\u011fl\u0131 kal\u0131nmas\u0131n\u0131n <\/span><span style=\"font-family: tahoma, arial, helvetica, sans-serif;\">yan\u0131nda IP santral kullan\u0131m\u0131nda mobil cihazlar uygun <\/span><span style=\"font-family: tahoma, arial, helvetica, sans-serif;\">programlarla IP santral abonesi olabilmektedir. Bu da <\/span><span style=\"font-family: tahoma, arial, helvetica, sans-serif;\">i\u015fletme d\u0131\u015f\u0131nda farkl\u0131 yerlerde ayn\u0131 network \u00fczerinden <\/span><span style=\"font-family: tahoma, arial, helvetica, sans-serif;\">ileti\u015fim sa\u011flayabilmektedir. Analog santrallerde i\u00e7 ve d\u0131\u015f hat <\/span><span style=\"font-family: tahoma, arial, helvetica, sans-serif;\">kapasite art\u0131r\u0131m\u0131, ilave donan\u0131m ve mod\u00fcllerle s\u0131n\u0131rl\u0131 say\u0131da<\/span><\/span><br \/>\n<span style=\"font-size: 17px; color: #ffffff;\"><span style=\"font-family: tahoma, arial, helvetica, sans-serif;\">y\u00fckseltilebilinir&#8217; ken, IP telefon santralleri, yaz\u0131l\u0131m tabanl\u0131 <\/span><span style=\"font-family: tahoma, arial, helvetica, sans-serif;\">oldu\u011fundan IP abone lisans\u0131 ile kolayl\u0131kla abone say\u0131s\u0131 art\u0131r\u0131m\u0131 <\/span><span style=\"font-family: tahoma, arial, helvetica, sans-serif;\">yap\u0131labilmektedir. <\/span><span style=\"font-family: tahoma, arial, helvetica, sans-serif;\">Hem\u015fire \u00c7a\u011fr\u0131 Sistemi <\/span><span style=\"font-family: tahoma, arial, helvetica, sans-serif;\">Hastanenin belli yerlerine yerle\u015ftirilmi\u015f ekipmanlar <\/span><span style=\"font-family: tahoma, arial, helvetica, sans-serif;\">sayesinde, acil bir durumda ilgili ki\u015filere haber verilmesini <\/span><span style=\"font-family: tahoma, arial, helvetica, sans-serif;\">esas alan bir sistemdir.Sistem temel olarak, yatak ba\u015f\u0131 <\/span><span style=\"font-family: tahoma, arial, helvetica, sans-serif;\">\u00fcnitesi, el seti, wc \u00e7a\u011fr\u0131 \u00fcnitesi ve kap\u0131 \u00fcst\u00fc koridor <\/span><span style=\"font-family: tahoma, arial, helvetica, sans-serif;\">lambas\u0131ndan olu\u015fur. Bu bile\u015fenlerin birbiriyle <\/span><span style=\"font-family: tahoma, arial, helvetica, sans-serif;\">haberle\u015fmesini sa\u011flayan mod\u00fcl oda kontrol \u00fcnitesidir. Oda <\/span><span style=\"font-family: tahoma, arial, helvetica, sans-serif;\">kontrol \u00fcniteleri ile hastane santralinin entegrasyonu ise <\/span><span style=\"font-family: tahoma, arial, helvetica, sans-serif;\">hastane sunucusu taraf\u0131ndan sa\u011flamaktad\u0131r. T\u00fcm bu <\/span><span style=\"font-family: tahoma, arial, helvetica, sans-serif;\">ekipmanlar sayesinde, acil bir durum olu\u015ftu\u011funda, yani<\/span><\/span><br \/>\n<span style=\"font-size: 17px; color: #ffffff;\"><span style=\"font-family: tahoma, arial, helvetica, sans-serif;\">hasta kendini k\u00f6t\u00fc hissedip el setindeki butona bast\u0131\u011f\u0131nda, <\/span><span style=\"font-family: tahoma, arial, helvetica, sans-serif;\">veya banyoda d\u00fc\u015f\u00fcp, ipi \u00e7ekti\u011finde, bu ekipmanlar g\u00f6rsel ve <\/span><span style=\"font-family: tahoma, arial, helvetica, sans-serif;\">i\u015fitsel olarak alarm verip, sa\u011fl\u0131k personelini ilgili odaya <\/span><span style=\"font-family: tahoma, arial, helvetica, sans-serif;\">y\u00f6nlendirirler. Bunu ikaz lambalar\u0131, hem\u015fire \u00e7a\u011fr\u0131 paneli <\/span><span style=\"font-family: tahoma, arial, helvetica, sans-serif;\">\u00fczerindeki uyar\u0131 veya ki\u015finin kulland\u0131\u011f\u0131 mobil cihaza bir mesaj <\/span><span style=\"font-family: tahoma, arial, helvetica, sans-serif;\">atarak yaparlar.<\/span><\/span>[\/vc_column_text][\/vc_column][vc_column width=&#8221;1\/3&#8243;][vc_single_image image=&#8221;2662&#8243; img_size=&#8221;large&#8221; alignment=&#8221;right&#8221; style=&#8221;vc_box_shadow_border_circle_2&#8243; el_class=&#8221;circle_service_image&#8221;][\/vc_column][\/vc_row][vc_row][vc_column][vc_column_text]<div class=\"wpforms-container wpforms-container-full\" id=\"wpforms-8308\"><form id=\"wpforms-form-8308\" class=\"wpforms-validate wpforms-form wpforms-ajax-form\" data-formid=\"8308\" method=\"post\" enctype=\"multipart\/form-data\" action=\"\/en\/wp-json\/wp\/v2\/pages\/2661\" data-token=\"823141f70031954e13a9d97b34bad342\"><noscript class=\"wpforms-error-noscript\">Please enable JavaScript in your browser to complete this form.<\/noscript><div class=\"wpforms-field-container\"><div id=\"wpforms-8308-field_1-container\" class=\"wpforms-field wpforms-field-name\" data-field-id=\"1\"><label class=\"wpforms-field-label\" for=\"wpforms-8308-field_1\">Ad\u0131n\u0131z ve Soyad\u0131n\u0131z <span class=\"wpforms-required-label\">*<\/span><\/label><div class=\"wpforms-field-row wpforms-field-large\"><div class=\"wpforms-field-row-block wpforms-first wpforms-one-half\"><input type=\"text\" id=\"wpforms-8308-field_1\" class=\"wpforms-field-name-first wpforms-field-required\" name=\"wpforms[fields][1][first]\" required><label for=\"wpforms-8308-field_1\" class=\"wpforms-field-sublabel after wpforms-sublabel-hide\">First<\/label><\/div><div class=\"wpforms-field-row-block wpforms-one-half\"><input type=\"text\" id=\"wpforms-8308-field_1-last\" class=\"wpforms-field-name-last wpforms-field-required\" name=\"wpforms[fields][1][last]\" required><label for=\"wpforms-8308-field_1-last\" class=\"wpforms-field-sublabel after wpforms-sublabel-hide\">Last<\/label><\/div><\/div><\/div><div id=\"wpforms-8308-field_5-container\" class=\"wpforms-field wpforms-field-layout\" data-field-id=\"5\"><label class=\"wpforms-field-label wpforms-label-hide\" for=\"wpforms-8308-field_5\">Layout<\/label><div class=\"wpforms-field-layout-columns wpforms-field-layout-preset-50-50\"><div class=\"wpforms-layout-column wpforms-layout-column-50\"><div id=\"wpforms-8308-field_3-container\" class=\"wpforms-field wpforms-field-email\" data-field-id=\"3\"><label class=\"wpforms-field-label\" for=\"wpforms-8308-field_3\">Email <span class=\"wpforms-required-label\">*<\/span><\/label><input type=\"email\" id=\"wpforms-8308-field_3\" class=\"wpforms-field-medium wpforms-field-required\" name=\"wpforms[fields][3]\" required><\/div><div id=\"wpforms-8308-field_4-container\" class=\"wpforms-field wpforms-field-select wpforms-field-select-style-classic\" data-field-id=\"4\"><label class=\"wpforms-field-label\" for=\"wpforms-8308-field_4\">Sistemin kurulaca\u011f\u0131 yer<\/label><select id=\"wpforms-8308-field_4\" class=\"wpforms-field-medium\" name=\"wpforms[fields][4]\"><option value=\"\u0130\u015f yeri &amp; Ma\u011faza\" >\u0130\u015f yeri &amp; Ma\u011faza<\/option><option value=\"\u0130\u015f merkezi &amp; AVM\" >\u0130\u015f merkezi &amp; AVM<\/option><option value=\"Okul &amp; Dershane\" >Okul &amp; Dershane<\/option><option value=\"E\u011flence merkezi\" >E\u011flence merkezi<\/option><option value=\"Askeriye &amp; Devlet Kurumu\" >Askeriye &amp; Devlet Kurumu<\/option><option value=\"Fabrika &amp; At\u00f6lye\" >Fabrika &amp; At\u00f6lye<\/option><option value=\"Hastane\" >Hastane<\/option><option value=\"Di\u011fer\" >Di\u011fer<\/option><\/select><\/div><\/div><div class=\"wpforms-layout-column wpforms-layout-column-50\"><div id=\"wpforms-8308-field_2-container\" class=\"wpforms-field wpforms-field-phone\" data-field-id=\"2\"><label class=\"wpforms-field-label\" for=\"wpforms-8308-field_2\">Telefon<\/label><input type=\"tel\" id=\"wpforms-8308-field_2\" class=\"wpforms-field-medium wpforms-smart-phone-field\" data-rule-smart-phone-field=\"true\" name=\"wpforms[fields][2]\" ><\/div><div id=\"wpforms-8308-field_6-container\" class=\"wpforms-field wpforms-field-checkbox\" data-field-id=\"6\"><label class=\"wpforms-field-label\" for=\"wpforms-8308-field_6\">Kurulu Sistem Var&#039; m\u0131?<\/label><ul id=\"wpforms-8308-field_6\"><li class=\"choice-1 depth-1\"><input type=\"checkbox\" id=\"wpforms-8308-field_6_1\" name=\"wpforms[fields][6][]\" value=\"Evet\"  ><label class=\"wpforms-field-label-inline\" for=\"wpforms-8308-field_6_1\">Evet<\/label><\/li><li class=\"choice-2 depth-1\"><input type=\"checkbox\" id=\"wpforms-8308-field_6_2\" name=\"wpforms[fields][6][]\" value=\"Hay\u0131r\"  ><label class=\"wpforms-field-label-inline\" for=\"wpforms-8308-field_6_2\">Hay\u0131r<\/label><\/li><\/ul><\/div><\/div><\/div><\/div><div id=\"wpforms-8308-field_14-container\" class=\"wpforms-field wpforms-field-textarea\" data-field-id=\"14\"><label class=\"wpforms-field-label\" for=\"wpforms-8308-field_14\">Mesaj\u0131n\u0131z<\/label><textarea id=\"wpforms-8308-field_14\" class=\"wpforms-field-large\" name=\"wpforms[fields][14]\" ><\/textarea><\/div><\/div><div class=\"wpforms-submit-container\"><input type=\"hidden\" name=\"wpforms[id]\" value=\"8308\"><input type=\"hidden\" name=\"wpforms[author]\" value=\"1\"><button type=\"submit\" name=\"wpforms[submit]\" id=\"wpforms-submit-8308\" class=\"wpforms-submit\" data-alt-text=\"G\u00f6nderiliyor...\" data-submit-text=\"G\u00f6nder\" aria-live=\"assertive\" value=\"wpforms-submit\">G\u00f6nder<\/button><img loading=\"lazy\" decoding=\"async\" src=\"https:\/\/www.etkiguvenlik.com\/wp-content\/plugins\/wpforms\/assets\/images\/submit-spin.svg\" class=\"wpforms-submit-spinner\" style=\"display: none;\" width=\"26\" height=\"26\" alt=\"Loading\"><\/div><\/form><\/div>  <!-- .wpforms-container -->[\/vc_column_text][\/vc_column][\/vc_row]<\/p>\n<\/section>","protected":false},"excerpt":{"rendered":"<p>[vc_row][vc_column width=&#8221;2\/3&#8243;][vc_column_text]IP Santral Yaz\u0131l\u0131msal IP Santral, PC donan\u0131mlar\u0131yla \u00e7al\u0131\u015fan ve IP altyap\u0131s\u0131n\u0131 kullanarak, ileti\u015fim ihtiya\u00e7lar\u0131n\u0131 her t\u00fcrl\u00fc alt yap\u0131y\u0131 bir araya getirerek \u00e7\u00f6zen, kompleks bir \u00fcr\u00fcnd\u00fcr. G\u00fcn\u00fcm\u00fczde mobil teknolojinin geli\u015fmesiyle birlikte art\u0131k haberle\u015fmede sabit bir yere ba\u011fl\u0131 kalmak ortadan kalkmaktad\u0131r. Analog santrallerde sabit bir masa telefonuna ba\u011fl\u0131 kal\u0131nmas\u0131n\u0131n yan\u0131nda IP santral kullan\u0131m\u0131nda mobil cihazlar uygun [&hellip;]<\/p>\n","protected":false},"author":1,"featured_media":0,"parent":0,"menu_order":0,"comment_status":"closed","ping_status":"closed","template":"","meta":{"footnotes":""},"class_list":["post-2661","page","type-page","status-publish","hentry"],"translation":{"provider":"WPGlobus","version":"3.0.2","language":"en","enabled_languages":["tr","en"],"languages":{"tr":{"title":true,"content":true,"excerpt":false},"en":{"title":false,"content":false,"excerpt":false}}},"_links":{"self":[{"href":"https:\/\/www.etkiguvenlik.com\/en\/wp-json\/wp\/v2\/pages\/2661","targetHints":{"allow":["GET"]}}],"collection":[{"href":"https:\/\/www.etkiguvenlik.com\/en\/wp-json\/wp\/v2\/pages"}],"about":[{"href":"https:\/\/www.etkiguvenlik.com\/en\/wp-json\/wp\/v2\/types\/page"}],"author":[{"embeddable":true,"href":"https:\/\/www.etkiguvenlik.com\/en\/wp-json\/wp\/v2\/users\/1"}],"replies":[{"embeddable":true,"href":"https:\/\/www.etkiguvenlik.com\/en\/wp-json\/wp\/v2\/comments?post=2661"}],"version-history":[{"count":3,"href":"https:\/\/www.etkiguvenlik.com\/en\/wp-json\/wp\/v2\/pages\/2661\/revisions"}],"predecessor-version":[{"id":8334,"href":"https:\/\/www.etkiguvenlik.com\/en\/wp-json\/wp\/v2\/pages\/2661\/revisions\/8334"}],"wp:attachment":[{"href":"https:\/\/www.etkiguvenlik.com\/en\/wp-json\/wp\/v2\/media?parent=2661"}],"curies":[{"name":"wp","href":"https:\/\/api.w.org\/{rel}","templated":true}]}}