{"id":2657,"date":"2020-07-09T15:01:50","date_gmt":"2020-07-09T12:01:50","guid":{"rendered":"https:\/\/www.etkiguvenlik.com\/?page_id=2657"},"modified":"2023-02-28T21:35:04","modified_gmt":"2023-02-28T18:35:04","slug":"headend-sistemi","status":"publish","type":"page","link":"https:\/\/www.etkiguvenlik.com\/en\/headend-sistemi\/","title":{"rendered":"Headend Sistemi"},"content":{"rendered":"<section class=\"wpb-content-wrapper\"><p>[vc_row][vc_column width=&#8221;2\/3&#8243;][vc_column_text]<span style=\"font-family: tahoma, arial, helvetica, sans-serif; font-size: 17px; color: #ffffff;\">Headend; SMATV sistemlerinin TV yay\u0131nlar\u0131n\u0131n al\u0131n\u0131p d\u00fczenlendi\u011fi ana merkez demektir. Bu yay\u0131nlar; uydudan, kablodan, yerel vericilerden ve \u00e7e\u015fitli kaynaklardan al\u0131nan yay\u0131nlard\u0131r.<\/span><\/p>\n<p><span style=\"font-family: tahoma, arial, helvetica, sans-serif; font-size: 17px; color: #ffffff;\">SMATV (Satelitte Master Anten TV) teriminin anlam\u0131;<\/span><br \/>\n<span style=\"font-family: tahoma, arial, helvetica, sans-serif; font-size: 17px; color: #ffffff;\">Merkezi Uydu Anten TV sistemidir.<\/span><br \/>\n<span style=\"font-family: tahoma, arial, helvetica, sans-serif; font-size: 17px; color: #ffffff;\">SMATV iki formatta kar\u015f\u0131m\u0131za \u00e7\u0131kar.<\/span><\/p>\n<p><span style=\"font-family: tahoma, arial, helvetica, sans-serif; font-size: 17px; color: #ffffff;\">* RF Da\u011f\u0131t\u0131m<\/span><br \/>\n<span style=\"font-family: tahoma, arial, helvetica, sans-serif; font-size: 17px; color: #ffffff;\">* Geni\u015f Bantl\u0131 Da\u011f\u0131t\u0131m. (RF + Uydu Band\u0131)<\/span><\/p>\n<p><span style=\"font-family: tahoma, arial, helvetica, sans-serif; font-size: 17px; color: #ffffff;\">RF Da\u011f\u0131t\u0131mda; \u00c7e\u015fitli uydulardan (Turksat, Digit\u00fcrk, Hotbird, Astra vb\u2026) al\u0131nan belirli say\u0131da TV ve Radyo kanal\u0131 tek bir merkezde toplanarak, yerle\u015fim yerlerinde<\/span><br \/>\n<span style=\"font-family: tahoma, arial, helvetica, sans-serif; font-size: 17px; color: #ffffff;\">kablolarla da\u011f\u0131t\u0131l\u0131r. Geni\u015f Bantl\u0131 da\u011f\u0131t\u0131mda; hem yay\u0131nlar\u0131n direk olarak TV cihazlar\u0131ndan al\u0131nma imk\u00e2n\u0131 vard\u0131r. Hemde; herhangi bir noktada uydu pl\u00e2tformlar\u0131n\u0131n (Digit\u00fcrk, D-Smart..) yay\u0131nlar\u0131n\u0131 uydu al\u0131c\u0131 takarak izleme imk\u00e2n\u0131 vard\u0131r. Ayr\u0131ca; basit ve ucuz bir uydu al\u0131c\u0131 ile isteyenler; headend sistemine konulan uydu antenlerdeki t\u00fcm TV ve Radyo yay\u0131nlar\u0131 izleyebilirler \u2013 dinleyebilirler.<\/span><br \/>\n<span style=\"font-family: tahoma, arial, helvetica, sans-serif; font-size: 17px; color: #ffffff;\">Headend ve da\u011f\u0131t\u0131m tesisat\u0131n\u0131n olu\u015fturdu\u011fu Merkezi Uydu Anten tesislerinde; Tv Kanal ba\u015f\u0131 maliyet, daire, oda veya TV cihaz\u0131 ba\u015f\u0131na maliyet bireysel sistemlere g\u00f6re \u00e7ok ekonomik olmaktad\u0131r.<\/span><\/p>\n<p>[\/vc_column_text][\/vc_column][vc_column width=&#8221;1\/3&#8243;][vc_single_image image=&#8221;2658&#8243; img_size=&#8221;large&#8221; alignment=&#8221;right&#8221; style=&#8221;vc_box_shadow_border_circle_2&#8243; el_class=&#8221;circle_service_image&#8221;][\/vc_column][\/vc_row][vc_row][vc_column][vc_column_text]<div class=\"wpforms-container wpforms-container-full\" id=\"wpforms-8308\"><form id=\"wpforms-form-8308\" class=\"wpforms-validate wpforms-form wpforms-ajax-form\" data-formid=\"8308\" method=\"post\" enctype=\"multipart\/form-data\" action=\"\/en\/wp-json\/wp\/v2\/pages\/2657\" data-token=\"e23bcaac834e0b78f4a364aea286fb59\"><noscript class=\"wpforms-error-noscript\">Please enable JavaScript in your browser to complete this form.<\/noscript><div class=\"wpforms-field-container\"><div id=\"wpforms-8308-field_1-container\" class=\"wpforms-field wpforms-field-name\" data-field-id=\"1\"><label class=\"wpforms-field-label\" for=\"wpforms-8308-field_1\">Ad\u0131n\u0131z ve Soyad\u0131n\u0131z <span class=\"wpforms-required-label\">*<\/span><\/label><div class=\"wpforms-field-row wpforms-field-large\"><div class=\"wpforms-field-row-block wpforms-first wpforms-one-half\"><input type=\"text\" id=\"wpforms-8308-field_1\" class=\"wpforms-field-name-first wpforms-field-required\" name=\"wpforms[fields][1][first]\" required><label for=\"wpforms-8308-field_1\" class=\"wpforms-field-sublabel after wpforms-sublabel-hide\">First<\/label><\/div><div class=\"wpforms-field-row-block wpforms-one-half\"><input type=\"text\" id=\"wpforms-8308-field_1-last\" class=\"wpforms-field-name-last wpforms-field-required\" name=\"wpforms[fields][1][last]\" required><label for=\"wpforms-8308-field_1-last\" class=\"wpforms-field-sublabel after wpforms-sublabel-hide\">Last<\/label><\/div><\/div><\/div><div id=\"wpforms-8308-field_5-container\" class=\"wpforms-field wpforms-field-layout\" data-field-id=\"5\"><label class=\"wpforms-field-label wpforms-label-hide\" for=\"wpforms-8308-field_5\">Layout<\/label><div class=\"wpforms-field-layout-columns wpforms-field-layout-preset-50-50\"><div class=\"wpforms-layout-column wpforms-layout-column-50\"><div id=\"wpforms-8308-field_3-container\" class=\"wpforms-field wpforms-field-email\" data-field-id=\"3\"><label class=\"wpforms-field-label\" for=\"wpforms-8308-field_3\">Email <span class=\"wpforms-required-label\">*<\/span><\/label><input type=\"email\" id=\"wpforms-8308-field_3\" class=\"wpforms-field-medium wpforms-field-required\" name=\"wpforms[fields][3]\" required><\/div><div id=\"wpforms-8308-field_4-container\" class=\"wpforms-field wpforms-field-select wpforms-field-select-style-classic\" data-field-id=\"4\"><label class=\"wpforms-field-label\" for=\"wpforms-8308-field_4\">Sistemin kurulaca\u011f\u0131 yer<\/label><select id=\"wpforms-8308-field_4\" class=\"wpforms-field-medium\" name=\"wpforms[fields][4]\"><option value=\"\u0130\u015f yeri &amp; Ma\u011faza\" >\u0130\u015f yeri &amp; Ma\u011faza<\/option><option value=\"\u0130\u015f merkezi &amp; AVM\" >\u0130\u015f merkezi &amp; AVM<\/option><option value=\"Okul &amp; Dershane\" >Okul &amp; Dershane<\/option><option value=\"E\u011flence merkezi\" >E\u011flence merkezi<\/option><option value=\"Askeriye &amp; Devlet Kurumu\" >Askeriye &amp; Devlet Kurumu<\/option><option value=\"Fabrika &amp; At\u00f6lye\" >Fabrika &amp; At\u00f6lye<\/option><option value=\"Hastane\" >Hastane<\/option><option value=\"Di\u011fer\" >Di\u011fer<\/option><\/select><\/div><\/div><div class=\"wpforms-layout-column wpforms-layout-column-50\"><div id=\"wpforms-8308-field_2-container\" class=\"wpforms-field wpforms-field-phone\" data-field-id=\"2\"><label class=\"wpforms-field-label\" for=\"wpforms-8308-field_2\">Telefon<\/label><input type=\"tel\" id=\"wpforms-8308-field_2\" class=\"wpforms-field-medium wpforms-smart-phone-field\" data-rule-smart-phone-field=\"true\" name=\"wpforms[fields][2]\" ><\/div><div id=\"wpforms-8308-field_6-container\" class=\"wpforms-field wpforms-field-checkbox\" data-field-id=\"6\"><label class=\"wpforms-field-label\" for=\"wpforms-8308-field_6\">Kurulu Sistem Var&#039; m\u0131?<\/label><ul id=\"wpforms-8308-field_6\"><li class=\"choice-1 depth-1\"><input type=\"checkbox\" id=\"wpforms-8308-field_6_1\" name=\"wpforms[fields][6][]\" value=\"Evet\"  ><label class=\"wpforms-field-label-inline\" for=\"wpforms-8308-field_6_1\">Evet<\/label><\/li><li class=\"choice-2 depth-1\"><input type=\"checkbox\" id=\"wpforms-8308-field_6_2\" name=\"wpforms[fields][6][]\" value=\"Hay\u0131r\"  ><label class=\"wpforms-field-label-inline\" for=\"wpforms-8308-field_6_2\">Hay\u0131r<\/label><\/li><\/ul><\/div><\/div><\/div><\/div><div id=\"wpforms-8308-field_14-container\" class=\"wpforms-field wpforms-field-textarea\" data-field-id=\"14\"><label class=\"wpforms-field-label\" for=\"wpforms-8308-field_14\">Mesaj\u0131n\u0131z<\/label><textarea id=\"wpforms-8308-field_14\" class=\"wpforms-field-large\" name=\"wpforms[fields][14]\" ><\/textarea><\/div><\/div><div class=\"wpforms-submit-container\"><input type=\"hidden\" name=\"wpforms[id]\" value=\"8308\"><input type=\"hidden\" name=\"wpforms[author]\" value=\"1\"><button type=\"submit\" name=\"wpforms[submit]\" id=\"wpforms-submit-8308\" class=\"wpforms-submit\" data-alt-text=\"G\u00f6nderiliyor...\" data-submit-text=\"G\u00f6nder\" aria-live=\"assertive\" value=\"wpforms-submit\">G\u00f6nder<\/button><img loading=\"lazy\" decoding=\"async\" src=\"https:\/\/www.etkiguvenlik.com\/wp-content\/plugins\/wpforms\/assets\/images\/submit-spin.svg\" class=\"wpforms-submit-spinner\" style=\"display: none;\" width=\"26\" height=\"26\" alt=\"Loading\"><\/div><\/form><\/div>  <!-- .wpforms-container -->[\/vc_column_text][\/vc_column][\/vc_row]<\/p>\n<\/section>","protected":false},"excerpt":{"rendered":"<p>[vc_row][vc_column width=&#8221;2\/3&#8243;][vc_column_text]Headend; SMATV sistemlerinin TV yay\u0131nlar\u0131n\u0131n al\u0131n\u0131p d\u00fczenlendi\u011fi ana merkez demektir. Bu yay\u0131nlar; uydudan, kablodan, yerel vericilerden ve \u00e7e\u015fitli kaynaklardan al\u0131nan yay\u0131nlard\u0131r. SMATV (Satelitte Master Anten TV) teriminin anlam\u0131; Merkezi Uydu Anten TV sistemidir. SMATV iki formatta kar\u015f\u0131m\u0131za \u00e7\u0131kar. * RF Da\u011f\u0131t\u0131m * Geni\u015f Bantl\u0131 Da\u011f\u0131t\u0131m. (RF + Uydu Band\u0131) RF Da\u011f\u0131t\u0131mda; \u00c7e\u015fitli uydulardan (Turksat, [&hellip;]<\/p>\n","protected":false},"author":1,"featured_media":0,"parent":0,"menu_order":0,"comment_status":"closed","ping_status":"closed","template":"","meta":{"footnotes":""},"class_list":["post-2657","page","type-page","status-publish","hentry"],"translation":{"provider":"WPGlobus","version":"3.0.2","language":"en","enabled_languages":["tr","en"],"languages":{"tr":{"title":true,"content":true,"excerpt":false},"en":{"title":false,"content":false,"excerpt":false}}},"_links":{"self":[{"href":"https:\/\/www.etkiguvenlik.com\/en\/wp-json\/wp\/v2\/pages\/2657","targetHints":{"allow":["GET"]}}],"collection":[{"href":"https:\/\/www.etkiguvenlik.com\/en\/wp-json\/wp\/v2\/pages"}],"about":[{"href":"https:\/\/www.etkiguvenlik.com\/en\/wp-json\/wp\/v2\/types\/page"}],"author":[{"embeddable":true,"href":"https:\/\/www.etkiguvenlik.com\/en\/wp-json\/wp\/v2\/users\/1"}],"replies":[{"embeddable":true,"href":"https:\/\/www.etkiguvenlik.com\/en\/wp-json\/wp\/v2\/comments?post=2657"}],"version-history":[{"count":4,"href":"https:\/\/www.etkiguvenlik.com\/en\/wp-json\/wp\/v2\/pages\/2657\/revisions"}],"predecessor-version":[{"id":8333,"href":"https:\/\/www.etkiguvenlik.com\/en\/wp-json\/wp\/v2\/pages\/2657\/revisions\/8333"}],"wp:attachment":[{"href":"https:\/\/www.etkiguvenlik.com\/en\/wp-json\/wp\/v2\/media?parent=2657"}],"curies":[{"name":"wp","href":"https:\/\/api.w.org\/{rel}","templated":true}]}}