{"id":2653,"date":"2020-07-09T14:57:55","date_gmt":"2020-07-09T11:57:55","guid":{"rendered":"https:\/\/www.etkiguvenlik.com\/?page_id=2653"},"modified":"2023-02-28T20:24:22","modified_gmt":"2023-02-28T17:24:22","slug":"elektrik-taahhut-projeleri","status":"publish","type":"page","link":"https:\/\/www.etkiguvenlik.com\/en\/elektrik-taahhut-projeleri\/","title":{"rendered":"Elektrik Taahh\u00fct Projeleri"},"content":{"rendered":"<section class=\"wpb-content-wrapper\"><p>[vc_row][vc_column width=&#8221;2\/3&#8243;][vc_column_text]<span class=\"tlid-translation translation\" lang=\"tr\" style=\"color: #ffffff; font-size: 17px;\"><span title=\"\">Elektrik Taahh\u00fct;<\/span> <span class=\"\" title=\"\">T\u00fcm elektrik altyap\u0131s\u0131n\u0131n, nas\u0131l ta\u015f\u0131naca\u011f\u0131, nereye gidilece\u011fi, nas\u0131l kontrol edilece\u011fi, hangi ayd\u0131nlatman\u0131n kullan\u0131laca\u011f\u0131, fi\u015flerin nerede olaca\u011f\u0131 ve t\u00fcm elektrik ihtiya\u00e7lar\u0131n\u0131n oldu\u011fu bir a\u015famad\u0131r.<\/span><\/span><\/p>\n<p><span style=\"color: #ffffff; font-size: 17px;\"><span class=\"\" title=\"\">Elektrik tesisat\u0131nda \u00e7al\u0131\u015fmalar kademeli olarak tamamlanmaktad\u0131r.<\/span> <span title=\"\">\u0130lk olarak, bir elektrik tesisat\u0131 projesi \u00e7izilmelidir.<\/span> <span title=\"\">Daha sonra bu projeye ba\u011fl\u0131 kalarak elektrik tesisat\u0131 uygulamas\u0131 yap\u0131l\u0131r.<\/span> <span class=\"\" title=\"\">Elektrik projesinde, t\u00fcm hesaplamalar ve miktarlar kesin oldu\u011fundan, elektrik tesisat\u0131ndan \u00f6nce dikkate al\u0131n\u0131r ve buna g\u00f6re fiyat verilmez.<\/span><\/span><\/p>\n<p><span style=\"color: #ffffff; font-size: 17px;\" title=\"\">Elektrik tesisatlar\u0131 bir\u00e7ok konuyu kapsar.<\/span><\/p>\n<p><span style=\"color: #ffffff; font-size: 17px;\" title=\"\">Ayd\u0131nlatma<\/span><br \/>\n<span style=\"color: #ffffff; font-size: 17px;\" title=\"\">Yang\u0131n Bildirimi<\/span><br \/>\n<span style=\"color: #ffffff; font-size: 17px;\" title=\"\">Priz<\/span><br \/>\n<span style=\"color: #ffffff; font-size: 17px;\" title=\"\">Altyap\u0131 ve kablolama<\/span><br \/>\n<span style=\"color: #ffffff; font-size: 17px;\" title=\"\">Veri<\/span><br \/>\n<span style=\"color: #ffffff; font-size: 17px;\" title=\"\">G\u00fcvenlik<\/span><br \/>\n<span style=\"color: #ffffff; font-size: 17px;\" title=\"\">Orta voltaj<\/span><br \/>\n<span style=\"color: #ffffff; font-size: 17px;\" title=\"\">G\u00fc\u00e7l\u00fc voltaj<\/span><br \/>\n<span style=\"color: #ffffff; font-size: 17px;\" title=\"\">duyuru<\/span><br \/>\n<span class=\"\" style=\"color: #ffffff; font-size: 17px;\" title=\"\">Trafo, UPS, jenerat\u00f6r gibi<\/span>[\/vc_column_text][\/vc_column][vc_column width=&#8221;1\/3&#8243;][vc_single_image image=&#8221;2654&#8243; img_size=&#8221;large&#8221; alignment=&#8221;right&#8221; style=&#8221;vc_box_shadow_border_circle_2&#8243; el_class=&#8221;circle_service_image&#8221;][\/vc_column][\/vc_row][vc_row][vc_column][vc_column_text]<div class=\"wpforms-container wpforms-container-full\" id=\"wpforms-8308\"><form id=\"wpforms-form-8308\" class=\"wpforms-validate wpforms-form wpforms-ajax-form\" data-formid=\"8308\" method=\"post\" enctype=\"multipart\/form-data\" action=\"\/en\/wp-json\/wp\/v2\/pages\/2653\" data-token=\"e23bcaac834e0b78f4a364aea286fb59\"><noscript class=\"wpforms-error-noscript\">Please enable JavaScript in your browser to complete this form.<\/noscript><div class=\"wpforms-field-container\"><div id=\"wpforms-8308-field_1-container\" class=\"wpforms-field wpforms-field-name\" data-field-id=\"1\"><label class=\"wpforms-field-label\" for=\"wpforms-8308-field_1\">Ad\u0131n\u0131z ve Soyad\u0131n\u0131z <span class=\"wpforms-required-label\">*<\/span><\/label><div class=\"wpforms-field-row wpforms-field-large\"><div class=\"wpforms-field-row-block wpforms-first wpforms-one-half\"><input type=\"text\" id=\"wpforms-8308-field_1\" class=\"wpforms-field-name-first wpforms-field-required\" name=\"wpforms[fields][1][first]\" required><label for=\"wpforms-8308-field_1\" class=\"wpforms-field-sublabel after wpforms-sublabel-hide\">First<\/label><\/div><div class=\"wpforms-field-row-block wpforms-one-half\"><input type=\"text\" id=\"wpforms-8308-field_1-last\" class=\"wpforms-field-name-last wpforms-field-required\" name=\"wpforms[fields][1][last]\" required><label for=\"wpforms-8308-field_1-last\" class=\"wpforms-field-sublabel after wpforms-sublabel-hide\">Last<\/label><\/div><\/div><\/div><div id=\"wpforms-8308-field_5-container\" class=\"wpforms-field wpforms-field-layout\" data-field-id=\"5\"><label class=\"wpforms-field-label wpforms-label-hide\" for=\"wpforms-8308-field_5\">Layout<\/label><div class=\"wpforms-field-layout-columns wpforms-field-layout-preset-50-50\"><div class=\"wpforms-layout-column wpforms-layout-column-50\"><div id=\"wpforms-8308-field_3-container\" class=\"wpforms-field wpforms-field-email\" data-field-id=\"3\"><label class=\"wpforms-field-label\" for=\"wpforms-8308-field_3\">Email <span class=\"wpforms-required-label\">*<\/span><\/label><input type=\"email\" id=\"wpforms-8308-field_3\" class=\"wpforms-field-medium wpforms-field-required\" name=\"wpforms[fields][3]\" required><\/div><div id=\"wpforms-8308-field_4-container\" class=\"wpforms-field wpforms-field-select wpforms-field-select-style-classic\" data-field-id=\"4\"><label class=\"wpforms-field-label\" for=\"wpforms-8308-field_4\">Sistemin kurulaca\u011f\u0131 yer<\/label><select id=\"wpforms-8308-field_4\" class=\"wpforms-field-medium\" name=\"wpforms[fields][4]\"><option value=\"\u0130\u015f yeri &amp; Ma\u011faza\" >\u0130\u015f yeri &amp; Ma\u011faza<\/option><option value=\"\u0130\u015f merkezi &amp; AVM\" >\u0130\u015f merkezi &amp; AVM<\/option><option value=\"Okul &amp; Dershane\" >Okul &amp; Dershane<\/option><option value=\"E\u011flence merkezi\" >E\u011flence merkezi<\/option><option value=\"Askeriye &amp; Devlet Kurumu\" >Askeriye &amp; Devlet Kurumu<\/option><option value=\"Fabrika &amp; At\u00f6lye\" >Fabrika &amp; At\u00f6lye<\/option><option value=\"Hastane\" >Hastane<\/option><option value=\"Di\u011fer\" >Di\u011fer<\/option><\/select><\/div><\/div><div class=\"wpforms-layout-column wpforms-layout-column-50\"><div id=\"wpforms-8308-field_2-container\" class=\"wpforms-field wpforms-field-phone\" data-field-id=\"2\"><label class=\"wpforms-field-label\" for=\"wpforms-8308-field_2\">Telefon<\/label><input type=\"tel\" id=\"wpforms-8308-field_2\" class=\"wpforms-field-medium wpforms-smart-phone-field\" data-rule-smart-phone-field=\"true\" name=\"wpforms[fields][2]\" ><\/div><div id=\"wpforms-8308-field_6-container\" class=\"wpforms-field wpforms-field-checkbox\" data-field-id=\"6\"><label class=\"wpforms-field-label\" for=\"wpforms-8308-field_6\">Kurulu Sistem Var&#039; m\u0131?<\/label><ul id=\"wpforms-8308-field_6\"><li class=\"choice-1 depth-1\"><input type=\"checkbox\" id=\"wpforms-8308-field_6_1\" name=\"wpforms[fields][6][]\" value=\"Evet\"  ><label class=\"wpforms-field-label-inline\" for=\"wpforms-8308-field_6_1\">Evet<\/label><\/li><li class=\"choice-2 depth-1\"><input type=\"checkbox\" id=\"wpforms-8308-field_6_2\" name=\"wpforms[fields][6][]\" value=\"Hay\u0131r\"  ><label class=\"wpforms-field-label-inline\" for=\"wpforms-8308-field_6_2\">Hay\u0131r<\/label><\/li><\/ul><\/div><\/div><\/div><\/div><div id=\"wpforms-8308-field_14-container\" class=\"wpforms-field wpforms-field-textarea\" data-field-id=\"14\"><label class=\"wpforms-field-label\" for=\"wpforms-8308-field_14\">Mesaj\u0131n\u0131z<\/label><textarea id=\"wpforms-8308-field_14\" class=\"wpforms-field-large\" name=\"wpforms[fields][14]\" ><\/textarea><\/div><\/div><div class=\"wpforms-submit-container\"><input type=\"hidden\" name=\"wpforms[id]\" value=\"8308\"><input type=\"hidden\" name=\"wpforms[author]\" value=\"1\"><button type=\"submit\" name=\"wpforms[submit]\" id=\"wpforms-submit-8308\" class=\"wpforms-submit\" data-alt-text=\"G\u00f6nderiliyor...\" data-submit-text=\"G\u00f6nder\" aria-live=\"assertive\" value=\"wpforms-submit\">G\u00f6nder<\/button><img loading=\"lazy\" decoding=\"async\" src=\"https:\/\/www.etkiguvenlik.com\/wp-content\/plugins\/wpforms\/assets\/images\/submit-spin.svg\" class=\"wpforms-submit-spinner\" style=\"display: none;\" width=\"26\" height=\"26\" alt=\"Loading\"><\/div><\/form><\/div>  <!-- .wpforms-container -->[\/vc_column_text][\/vc_column][\/vc_row]<\/p>\n<\/section>","protected":false},"excerpt":{"rendered":"<p>[vc_row][vc_column width=&#8221;2\/3&#8243;][vc_column_text]Elektrik Taahh\u00fct; T\u00fcm elektrik altyap\u0131s\u0131n\u0131n, nas\u0131l ta\u015f\u0131naca\u011f\u0131, nereye gidilece\u011fi, nas\u0131l kontrol edilece\u011fi, hangi ayd\u0131nlatman\u0131n kullan\u0131laca\u011f\u0131, fi\u015flerin nerede olaca\u011f\u0131 ve t\u00fcm elektrik ihtiya\u00e7lar\u0131n\u0131n oldu\u011fu bir a\u015famad\u0131r. Elektrik tesisat\u0131nda \u00e7al\u0131\u015fmalar kademeli olarak tamamlanmaktad\u0131r. \u0130lk olarak, bir elektrik tesisat\u0131 projesi \u00e7izilmelidir. Daha sonra bu projeye ba\u011fl\u0131 kalarak elektrik tesisat\u0131 uygulamas\u0131 yap\u0131l\u0131r. Elektrik projesinde, t\u00fcm hesaplamalar ve miktarlar [&hellip;]<\/p>\n","protected":false},"author":1,"featured_media":0,"parent":0,"menu_order":0,"comment_status":"closed","ping_status":"closed","template":"","meta":{"footnotes":""},"class_list":["post-2653","page","type-page","status-publish","hentry"],"translation":{"provider":"WPGlobus","version":"3.0.2","language":"en","enabled_languages":["tr","en"],"languages":{"tr":{"title":true,"content":true,"excerpt":false},"en":{"title":false,"content":false,"excerpt":false}}},"_links":{"self":[{"href":"https:\/\/www.etkiguvenlik.com\/en\/wp-json\/wp\/v2\/pages\/2653","targetHints":{"allow":["GET"]}}],"collection":[{"href":"https:\/\/www.etkiguvenlik.com\/en\/wp-json\/wp\/v2\/pages"}],"about":[{"href":"https:\/\/www.etkiguvenlik.com\/en\/wp-json\/wp\/v2\/types\/page"}],"author":[{"embeddable":true,"href":"https:\/\/www.etkiguvenlik.com\/en\/wp-json\/wp\/v2\/users\/1"}],"replies":[{"embeddable":true,"href":"https:\/\/www.etkiguvenlik.com\/en\/wp-json\/wp\/v2\/comments?post=2653"}],"version-history":[{"count":3,"href":"https:\/\/www.etkiguvenlik.com\/en\/wp-json\/wp\/v2\/pages\/2653\/revisions"}],"predecessor-version":[{"id":8331,"href":"https:\/\/www.etkiguvenlik.com\/en\/wp-json\/wp\/v2\/pages\/2653\/revisions\/8331"}],"wp:attachment":[{"href":"https:\/\/www.etkiguvenlik.com\/en\/wp-json\/wp\/v2\/media?parent=2653"}],"curies":[{"name":"wp","href":"https:\/\/api.w.org\/{rel}","templated":true}]}}