{"id":2629,"date":"2020-07-09T13:41:13","date_gmt":"2020-07-09T10:41:13","guid":{"rendered":"https:\/\/www.etkiguvenlik.com\/?page_id=2629"},"modified":"2023-02-28T21:47:23","modified_gmt":"2023-02-28T18:47:23","slug":"arac-alti-goruntuleme-sistemleri","status":"publish","type":"page","link":"https:\/\/www.etkiguvenlik.com\/en\/arac-alti-goruntuleme-sistemleri\/","title":{"rendered":"Ara\u00e7 Alt\u0131 G\u00f6r\u00fcnt\u00fcleme Sistemleri"},"content":{"rendered":"<section class=\"wpb-content-wrapper\"><p>[vc_row][vc_column width=&#8221;2\/3&#8243;][vc_column_text]<\/p>\n<ul>\n<li><span style=\"color: #ffffff; font-size: 17px;\"><span style=\"font-family: tahoma, arial, helvetica, sans-serif;\"><span style=\"text-align: left; text-transform: none; line-height: 28px; text-indent: 0px; letter-spacing: normal; font-style: normal; font-variant: normal; font-weight: 400; text-decoration: none; word-spacing: 0px; display: inline !important; white-space: pre-wrap; font-size-adjust: none; font-stretch: normal; float: none; -webkit-text-stroke-width: 0px;\">Ara\u00e7 Tarama ve Alt Takma Sistemi Alt\u0131nda &#8211; AAGS, kamu kurumlar\u0131nda ve g\u00fcvenli\u011fe \u00f6nem veren \u00f6zel kurumlar\u0131n eri\u015fim kontrol noktalar\u0131nda g\u00fcvenlik ihtiyac\u0131 y\u00fcksek olan askeri birimlerde kullan\u0131lmak \u00fczere tasarlanm\u0131\u015f bir g\u00fcvenlik sistemidir. Ara\u00e7 giri\u015f kontrol noktalar\u0131, ara\u00e7 tan\u0131mlamas\u0131nda, ara\u00e7lar\u0131n kontrol\u00fcnde, ara\u00e7lar\u0131n \u00f6nceki g\u00f6r\u00fcnt\u00fclerinin ara\u00e7 alt\u0131 g\u00f6r\u00fcnt\u00fclerini, farklar\u0131 tespit etmek i\u00e7in operat\u00f6r\u00fc kar\u015f\u0131la\u015ft\u0131rarak farklar\u0131 kar\u015f\u0131la\u015ft\u0131rarak, Onay \/ Red karar\u0131 karar\u0131n\u0131n ekran\u0131nda g\u00f6r\u00fcnt\u00fclenen bilgileri g\u00f6sterir. , kay\u0131tlar kaydedilebilir ve raporlanabilir. Herhangi bir ara\u00e7 plakas\u0131ndan, ge\u00e7i\u015fler, alt g\u00f6r\u00fcn\u00fcmler, kullan\u0131c\u0131 bilgileri vb.<\/span><span style=\"text-align: left; text-transform: none; line-height: 28px; text-indent: 0px; letter-spacing: normal; font-style: normal; font-variant: normal; font-weight: 400; text-decoration: none; word-spacing: 0px; display: inline !important; white-space: pre-wrap; font-size-adjust: none; font-stretch: normal; float: none; -webkit-text-stroke-width: 0px;\">\u00c7ok daha fazla ayr\u0131nt\u0131 sorgulanabilir.<\/span><span style=\"text-align: left; text-transform: none; line-height: 28px; text-indent: 0px; letter-spacing: normal; font-style: normal; font-variant: normal; font-weight: 400; text-decoration: none; word-spacing: 0px; display: inline !important; white-space: pre-wrap; font-size-adjust: none; font-stretch: normal; float: none; -webkit-text-stroke-width: 0px;\">Farkl\u0131 \u00e7ekim modlar\u0131nda, alt\u0131 g\u00f6r\u00fcnt\u00fcn\u00fcn K\u0131z\u0131l\u00f6tesi, Siyah \/ Beyaz, Negatif ve Normal g\u00f6r\u00fcnt\u00fcleri herhangi bir zamanda g\u00f6r\u00fcnt\u00fclenebilir ve g\u00f6r\u00fcnt\u00fclenebilir.<\/span><span style=\"text-align: left; text-transform: none; line-height: 28px; text-indent: 0px; letter-spacing: normal; font-style: normal; font-variant: normal; font-weight: 400; text-decoration: none; word-spacing: 0px; display: inline !important; white-space: pre-wrap; font-size-adjust: none; font-stretch: normal; float: none; -webkit-text-stroke-width: 0px;\"> Alt tak\u0131m g\u00f6r\u00fcnt\u00fcleme \u00fcnitesi \u00e7evrimi\u00e7i bir sistemdir ve alt ara\u00e7lar tek bir noktadan g\u00f6r\u00fclebilir.<\/span><span style=\"text-align: left; text-transform: none; line-height: 28px; text-indent: 0px; letter-spacing: normal; font-style: normal; font-variant: normal; font-weight: 400; text-decoration: none; word-spacing: 0px; display: inline !important; white-space: pre-wrap; font-size-adjust: none; font-stretch: normal; float: none; -webkit-text-stroke-width: 0px;\"> Sabit y\u00fcr\u00fcyen aksam sistemleri<\/span><\/span><span style=\"font-style: normal; font-variant: normal; font-weight: 400; font-stretch: normal; line-height: 28px; font-family: tahoma, arial, helvetica, sans-serif; font-size-adjust: none; font-kerning: auto; font-language-override: normal; font-feature-settings: normal; text-align: left; text-transform: none; text-indent: 0px; letter-spacing: normal; text-decoration: none; word-spacing: 0px; display: inline !important; white-space: pre-wrap; float: none; -webkit-text-stroke-width: 0px;\"> Eltipi Alt\u0131nda Ara\u00e7 G\u00f6r\u00fcnt\u00fcleme Sistemleri<\/span><span style=\"font-style: normal; font-variant: normal; font-weight: 400; font-stretch: normal; line-height: 28px; font-family: tahoma, arial, helvetica, sans-serif; font-size-adjust: none; font-kerning: auto; font-language-override: normal; font-feature-settings: normal; text-align: left; text-transform: none; text-indent: 0px; letter-spacing: normal; text-decoration: none; word-spacing: 0px; display: inline !important; white-space: pre-wrap; float: none; -webkit-text-stroke-width: 0px;\"> Portatif Alt Tak\u0131m Sistemleri<\/span><\/span><\/li>\n<\/ul>\n<p>[\/vc_column_text][\/vc_column][vc_column width=&#8221;1\/3&#8243;][vc_single_image image=&#8221;2632&#8243; img_size=&#8221;large&#8221; alignment=&#8221;right&#8221; style=&#8221;vc_box_shadow_border_circle_2&#8243; el_class=&#8221;circle_service_image&#8221;][\/vc_column][\/vc_row][vc_row][vc_column][vc_column_text]<div class=\"wpforms-container wpforms-container-full\" id=\"wpforms-8308\"><form id=\"wpforms-form-8308\" class=\"wpforms-validate wpforms-form wpforms-ajax-form\" data-formid=\"8308\" method=\"post\" enctype=\"multipart\/form-data\" action=\"\/en\/wp-json\/wp\/v2\/pages\/2629\" data-token=\"e23bcaac834e0b78f4a364aea286fb59\"><noscript class=\"wpforms-error-noscript\">Please enable JavaScript in your browser to complete this form.<\/noscript><div class=\"wpforms-field-container\"><div id=\"wpforms-8308-field_1-container\" class=\"wpforms-field wpforms-field-name\" data-field-id=\"1\"><label class=\"wpforms-field-label\" for=\"wpforms-8308-field_1\">Ad\u0131n\u0131z ve Soyad\u0131n\u0131z <span class=\"wpforms-required-label\">*<\/span><\/label><div class=\"wpforms-field-row wpforms-field-large\"><div class=\"wpforms-field-row-block wpforms-first wpforms-one-half\"><input type=\"text\" id=\"wpforms-8308-field_1\" class=\"wpforms-field-name-first wpforms-field-required\" name=\"wpforms[fields][1][first]\" required><label for=\"wpforms-8308-field_1\" class=\"wpforms-field-sublabel after wpforms-sublabel-hide\">First<\/label><\/div><div class=\"wpforms-field-row-block wpforms-one-half\"><input type=\"text\" id=\"wpforms-8308-field_1-last\" class=\"wpforms-field-name-last wpforms-field-required\" name=\"wpforms[fields][1][last]\" required><label for=\"wpforms-8308-field_1-last\" class=\"wpforms-field-sublabel after wpforms-sublabel-hide\">Last<\/label><\/div><\/div><\/div><div id=\"wpforms-8308-field_5-container\" class=\"wpforms-field wpforms-field-layout\" data-field-id=\"5\"><label class=\"wpforms-field-label wpforms-label-hide\" for=\"wpforms-8308-field_5\">Layout<\/label><div class=\"wpforms-field-layout-columns wpforms-field-layout-preset-50-50\"><div class=\"wpforms-layout-column wpforms-layout-column-50\"><div id=\"wpforms-8308-field_3-container\" class=\"wpforms-field wpforms-field-email\" data-field-id=\"3\"><label class=\"wpforms-field-label\" for=\"wpforms-8308-field_3\">Email <span class=\"wpforms-required-label\">*<\/span><\/label><input type=\"email\" id=\"wpforms-8308-field_3\" class=\"wpforms-field-medium wpforms-field-required\" name=\"wpforms[fields][3]\" required><\/div><div id=\"wpforms-8308-field_4-container\" class=\"wpforms-field wpforms-field-select wpforms-field-select-style-classic\" data-field-id=\"4\"><label class=\"wpforms-field-label\" for=\"wpforms-8308-field_4\">Sistemin kurulaca\u011f\u0131 yer<\/label><select id=\"wpforms-8308-field_4\" class=\"wpforms-field-medium\" name=\"wpforms[fields][4]\"><option value=\"\u0130\u015f yeri &amp; Ma\u011faza\" >\u0130\u015f yeri &amp; Ma\u011faza<\/option><option value=\"\u0130\u015f merkezi &amp; AVM\" >\u0130\u015f merkezi &amp; AVM<\/option><option value=\"Okul &amp; Dershane\" >Okul &amp; Dershane<\/option><option value=\"E\u011flence merkezi\" >E\u011flence merkezi<\/option><option value=\"Askeriye &amp; Devlet Kurumu\" >Askeriye &amp; Devlet Kurumu<\/option><option value=\"Fabrika &amp; At\u00f6lye\" >Fabrika &amp; At\u00f6lye<\/option><option value=\"Hastane\" >Hastane<\/option><option value=\"Di\u011fer\" >Di\u011fer<\/option><\/select><\/div><\/div><div class=\"wpforms-layout-column wpforms-layout-column-50\"><div id=\"wpforms-8308-field_2-container\" class=\"wpforms-field wpforms-field-phone\" data-field-id=\"2\"><label class=\"wpforms-field-label\" for=\"wpforms-8308-field_2\">Telefon<\/label><input type=\"tel\" id=\"wpforms-8308-field_2\" class=\"wpforms-field-medium wpforms-smart-phone-field\" data-rule-smart-phone-field=\"true\" name=\"wpforms[fields][2]\" ><\/div><div id=\"wpforms-8308-field_6-container\" class=\"wpforms-field wpforms-field-checkbox\" data-field-id=\"6\"><label class=\"wpforms-field-label\" for=\"wpforms-8308-field_6\">Kurulu Sistem Var&#039; m\u0131?<\/label><ul id=\"wpforms-8308-field_6\"><li class=\"choice-1 depth-1\"><input type=\"checkbox\" id=\"wpforms-8308-field_6_1\" name=\"wpforms[fields][6][]\" value=\"Evet\"  ><label class=\"wpforms-field-label-inline\" for=\"wpforms-8308-field_6_1\">Evet<\/label><\/li><li class=\"choice-2 depth-1\"><input type=\"checkbox\" id=\"wpforms-8308-field_6_2\" name=\"wpforms[fields][6][]\" value=\"Hay\u0131r\"  ><label class=\"wpforms-field-label-inline\" for=\"wpforms-8308-field_6_2\">Hay\u0131r<\/label><\/li><\/ul><\/div><\/div><\/div><\/div><div id=\"wpforms-8308-field_14-container\" class=\"wpforms-field wpforms-field-textarea\" data-field-id=\"14\"><label class=\"wpforms-field-label\" for=\"wpforms-8308-field_14\">Mesaj\u0131n\u0131z<\/label><textarea id=\"wpforms-8308-field_14\" class=\"wpforms-field-large\" name=\"wpforms[fields][14]\" ><\/textarea><\/div><\/div><div class=\"wpforms-submit-container\"><input type=\"hidden\" name=\"wpforms[id]\" value=\"8308\"><input type=\"hidden\" name=\"wpforms[author]\" value=\"1\"><button type=\"submit\" name=\"wpforms[submit]\" id=\"wpforms-submit-8308\" class=\"wpforms-submit\" data-alt-text=\"G\u00f6nderiliyor...\" data-submit-text=\"G\u00f6nder\" aria-live=\"assertive\" value=\"wpforms-submit\">G\u00f6nder<\/button><img loading=\"lazy\" decoding=\"async\" src=\"https:\/\/www.etkiguvenlik.com\/wp-content\/plugins\/wpforms\/assets\/images\/submit-spin.svg\" class=\"wpforms-submit-spinner\" style=\"display: none;\" width=\"26\" height=\"26\" alt=\"Loading\"><\/div><\/form><\/div>  <!-- .wpforms-container -->[\/vc_column_text][\/vc_column][\/vc_row][vc_row][vc_column][vc_btn title=&#8221;Ara\u00e7 Alt\u0131 G\u00f6r\u00fcnt\u00fcleme&#8221; style=&#8221;custom&#8221; custom_background=&#8221;#ff0000&#8243; custom_text=&#8221;#ffffff&#8221; i_icon_fontawesome=&#8221;fas fa-download&#8221; add_icon=&#8221;true&#8221; link=&#8221;url:https%3A%2F%2Fwww.etkiguvenlik.com%2Fbfd_download%2Farac-alti-goruntuleme%2F|title:Ara%C3%A7%20Alt%C4%B1%20G%C3%B6r%C3%BCnt%C3%BCleme||&#8221;][\/vc_column][\/vc_row]<\/p>\n<\/section>","protected":false},"excerpt":{"rendered":"<p>[vc_row][vc_column width=&#8221;2\/3&#8243;][vc_column_text] Ara\u00e7 Tarama ve Alt Takma Sistemi Alt\u0131nda &#8211; AAGS, kamu kurumlar\u0131nda ve g\u00fcvenli\u011fe \u00f6nem veren \u00f6zel kurumlar\u0131n eri\u015fim kontrol noktalar\u0131nda g\u00fcvenlik ihtiyac\u0131 y\u00fcksek olan askeri birimlerde kullan\u0131lmak \u00fczere tasarlanm\u0131\u015f bir g\u00fcvenlik sistemidir. Ara\u00e7 giri\u015f kontrol noktalar\u0131, ara\u00e7 tan\u0131mlamas\u0131nda, ara\u00e7lar\u0131n kontrol\u00fcnde, ara\u00e7lar\u0131n \u00f6nceki g\u00f6r\u00fcnt\u00fclerinin ara\u00e7 alt\u0131 g\u00f6r\u00fcnt\u00fclerini, farklar\u0131 tespit etmek i\u00e7in operat\u00f6r\u00fc kar\u015f\u0131la\u015ft\u0131rarak farklar\u0131 [&hellip;]<\/p>\n","protected":false},"author":1,"featured_media":0,"parent":0,"menu_order":0,"comment_status":"closed","ping_status":"closed","template":"","meta":{"footnotes":""},"class_list":["post-2629","page","type-page","status-publish","hentry"],"translation":{"provider":"WPGlobus","version":"3.0.2","language":"en","enabled_languages":["tr","en"],"languages":{"tr":{"title":true,"content":true,"excerpt":false},"en":{"title":false,"content":false,"excerpt":false}}},"_links":{"self":[{"href":"https:\/\/www.etkiguvenlik.com\/en\/wp-json\/wp\/v2\/pages\/2629","targetHints":{"allow":["GET"]}}],"collection":[{"href":"https:\/\/www.etkiguvenlik.com\/en\/wp-json\/wp\/v2\/pages"}],"about":[{"href":"https:\/\/www.etkiguvenlik.com\/en\/wp-json\/wp\/v2\/types\/page"}],"author":[{"embeddable":true,"href":"https:\/\/www.etkiguvenlik.com\/en\/wp-json\/wp\/v2\/users\/1"}],"replies":[{"embeddable":true,"href":"https:\/\/www.etkiguvenlik.com\/en\/wp-json\/wp\/v2\/comments?post=2629"}],"version-history":[{"count":9,"href":"https:\/\/www.etkiguvenlik.com\/en\/wp-json\/wp\/v2\/pages\/2629\/revisions"}],"predecessor-version":[{"id":8350,"href":"https:\/\/www.etkiguvenlik.com\/en\/wp-json\/wp\/v2\/pages\/2629\/revisions\/8350"}],"wp:attachment":[{"href":"https:\/\/www.etkiguvenlik.com\/en\/wp-json\/wp\/v2\/media?parent=2629"}],"curies":[{"name":"wp","href":"https:\/\/api.w.org\/{rel}","templated":true}]}}