{"id":2352,"date":"2016-01-28T12:26:01","date_gmt":"2016-01-28T09:26:01","guid":{"rendered":"http:\/\/pix-theme.com\/wordpress\/safeguard\/?page_id=2352"},"modified":"2020-07-11T09:29:33","modified_gmt":"2020-07-11T06:29:33","slug":"home-2","status":"publish","type":"page","link":"https:\/\/www.etkiguvenlik.com\/en\/","title":{"rendered":"Anasayfa"},"content":{"rendered":"<section class=\"wpb-content-wrapper\"><p>[vc_row][vc_column][vc_column_text][\/vc_column_text][\/vc_column][\/vc_row][vc_row content_placement=&#8221;top&#8221; bg_type=&#8221;image&#8221; bg_override=&#8221;5&#8243;][vc_column][vc_custom_heading text=&#8221;Projelerimiz&#8221; font_container=&#8221;tag:h2|text_align:center&#8221; use_theme_fonts=&#8221;yes&#8221; css=&#8221;.vc_custom_1563199937447{margin-bottom: 5px !important;padding-bottom: 30px !important;}&#8221;][vc_row_inner equal_height=&#8221;yes&#8221; gap=&#8221;20&#8243;][vc_column_inner width=&#8221;1\/4&#8243;][vc_hoverbox image=&#8221;2669&#8243; primary_title=&#8221;&#8221; primary_align=&#8221;justify&#8221; hover_title=&#8221;Kozmik oda&#8221; hover_align=&#8221;left&#8221; hover_title_font_container=&#8221;font_size:20|color:%231e73be&#8221; hover_title_google_fonts=&#8221;font_family:Advent%20Pro%3A100%2C200%2C300%2Cregular%2C500%2C600%2C700|font_style:400%20regular%3A400%3Anormal&#8221; hover_background_color=&#8221;white&#8221; hover_btn_title=&#8221;Daha fazla&#8230;&#8221; hover_btn_color=&#8221;danger&#8221; hover_btn_i_align=&#8221;right&#8221; hover_btn_i_icon_fontawesome=&#8221;fa fa-chevron-right&#8221; use_custom_fonts_hover_title=&#8221;true&#8221; hover_add_button=&#8221;true&#8221; hover_btn_add_icon=&#8221;true&#8221; hover_btn_link=&#8221;url:https%3A%2F%2Fwww.etkiguvenlik.com%2Findex.php%2Fkozmik-oda%2F|||&#8221; hover_title_link=&#8221;url:https%3A%2F%2Fwww.etkiguvenlik.com%2Findex.php%2Fkozmik-oda%2F|||&#8221;][\/vc_hoverbox][\/vc_column_inner][vc_column_inner width=&#8221;1\/4&#8243;][vc_hoverbox image=&#8221;2810&#8243; primary_title=&#8221;&#8221; primary_align=&#8221;left&#8221; hover_title=&#8221;Savunma teknolojisi&#8221; hover_align=&#8221;left&#8221; hover_title_font_container=&#8221;font_size:20|color:%231e73be&#8221; hover_title_google_fonts=&#8221;font_family:Advent%20Pro%3A100%2C200%2C300%2Cregular%2C500%2C600%2C700|font_style:400%20regular%3A400%3Anormal&#8221; hover_background_color=&#8221;white&#8221; hover_btn_title=&#8221;Daha fazla&#8230;&#8221; hover_btn_color=&#8221;danger&#8221; hover_btn_i_align=&#8221;right&#8221; hover_btn_i_icon_fontawesome=&#8221;fa fa-chevron-right&#8221; use_custom_fonts_hover_title=&#8221;true&#8221; hover_add_button=&#8221;true&#8221; hover_btn_add_icon=&#8221;true&#8221; hover_btn_link=&#8221;url:https%3A%2F%2Fwww.etkiguvenlik.com%2Findex.php%2Fsavunma-teknolojileri%2F|||&#8221; hover_title_link=&#8221;url:https%3A%2F%2Fwww.etkiguvenlik.com%2Findex.php%2Fsavunma-teknolojileri%2F|||&#8221;][\/vc_hoverbox][\/vc_column_inner][vc_column_inner width=&#8221;1\/4&#8243;][vc_hoverbox image=&#8221;2638&#8243; primary_title=&#8221;&#8221; hover_title=&#8221;Biometric sistemler&#8221; hover_align=&#8221;left&#8221; hover_title_font_container=&#8221;font_size:20|color:%231e73be&#8221; hover_title_google_fonts=&#8221;font_family:Advent%20Pro%3A100%2C200%2C300%2Cregular%2C500%2C600%2C700|font_style:400%20regular%3A400%3Anormal&#8221; hover_background_color=&#8221;white&#8221; hover_btn_title=&#8221;Daha fazla&#8230;&#8221; hover_btn_color=&#8221;danger&#8221; hover_btn_i_align=&#8221;right&#8221; hover_btn_i_icon_fontawesome=&#8221;fa fa-chevron-right&#8221; use_custom_fonts_hover_title=&#8221;true&#8221; hover_add_button=&#8221;true&#8221; hover_btn_add_icon=&#8221;true&#8221; hover_btn_link=&#8221;url:https%3A%2F%2Fwww.etkiguvenlik.com%2Findex.php%2Fbiometrik-sistemler%2F|||&#8221; hover_title_link=&#8221;url:https%3A%2F%2Fwww.etkiguvenlik.com%2Findex.php%2Fbiometrik-sistemler%2F|||&#8221;][\/vc_hoverbox][\/vc_column_inner][vc_column_inner width=&#8221;1\/4&#8243;][vc_hoverbox image=&#8221;2812&#8243; primary_title=&#8221;&#8221; primary_align=&#8221;left&#8221; hover_title=&#8221;Kapal\u0131 devre kamera&#8221; hover_align=&#8221;left&#8221; hover_title_font_container=&#8221;font_size:20|color:%231e73be&#8221; hover_title_google_fonts=&#8221;font_family:Advent%20Pro%3A100%2C200%2C300%2Cregular%2C500%2C600%2C700|font_style:400%20regular%3A400%3Anormal&#8221; hover_background_color=&#8221;white&#8221; hover_btn_title=&#8221;Daha fazla&#8230;&#8221; hover_btn_color=&#8221;danger&#8221; hover_btn_i_align=&#8221;right&#8221; hover_btn_i_icon_fontawesome=&#8221;fa fa-chevron-right&#8221; use_custom_fonts_hover_title=&#8221;true&#8221; hover_add_button=&#8221;true&#8221; hover_btn_add_icon=&#8221;true&#8221; hover_title_link=&#8221;url:https%3A%2F%2Fwww.etkiguvenlik.com%2Findex.php%2Fkapali-devre-kamera-guvenlik-sistemleri%2F|||&#8221; hover_btn_link=&#8221;url:https%3A%2F%2Fwww.etkiguvenlik.com%2Findex.php%2Fkapali-devre-kamera-guvenlik-sistemleri%2F|||&#8221;][\/vc_hoverbox][\/vc_column_inner][\/vc_row_inner][vc_row_inner equal_height=&#8221;yes&#8221; gap=&#8221;20&#8243;][vc_column_inner width=&#8221;1\/4&#8243;][vc_hoverbox image=&#8221;2632&#8243; primary_title=&#8221;&#8221; primary_align=&#8221;justify&#8221; hover_title=&#8221;Ara\u00e7 Alt\u0131 G\u00f6r\u00fcnt\u00fcleme&#8221; hover_align=&#8221;left&#8221; hover_title_font_container=&#8221;font_size:20|color:%231e73be&#8221; hover_title_google_fonts=&#8221;font_family:Advent%20Pro%3A100%2C200%2C300%2Cregular%2C500%2C600%2C700|font_style:400%20regular%3A400%3Anormal&#8221; hover_background_color=&#8221;white&#8221; hover_btn_title=&#8221;Daha fazla..&#8221; hover_btn_color=&#8221;danger&#8221; hover_btn_i_align=&#8221;right&#8221; hover_btn_i_icon_fontawesome=&#8221;fa fa-chevron-right&#8221; use_custom_fonts_hover_title=&#8221;true&#8221; hover_add_button=&#8221;true&#8221; hover_btn_add_icon=&#8221;true&#8221; hover_btn_link=&#8221;url:https%3A%2F%2Fwww.etkiguvenlik.com%2Findex.php%2Farac-alti-goruntuleme-sistemleri%2F|||&#8221; hover_title_link=&#8221;url:https%3A%2F%2Fwww.etkiguvenlik.com%2Findex.php%2Farac-alti-goruntuleme-sistemleri%2F|||&#8221;][\/vc_hoverbox][\/vc_column_inner][vc_column_inner width=&#8221;1\/4&#8243;][vc_hoverbox image=&#8221;2813&#8243; primary_title=&#8221;&#8221; primary_align=&#8221;left&#8221; hover_title=&#8221;Ak\u0131ll\u0131 Ev ve Y\u00f6netilebilir Ofis&#8221; hover_align=&#8221;left&#8221; hover_title_font_container=&#8221;font_size:20|color:%231e73be&#8221; hover_title_google_fonts=&#8221;font_family:Advent%20Pro%3A100%2C200%2C300%2Cregular%2C500%2C600%2C700|font_style:400%20regular%3A400%3Anormal&#8221; hover_background_color=&#8221;white&#8221; hover_btn_title=&#8221;Daha fazla&#8230;&#8221; hover_btn_color=&#8221;danger&#8221; hover_btn_i_align=&#8221;right&#8221; hover_btn_i_icon_fontawesome=&#8221;fa fa-chevron-right&#8221; use_custom_fonts_hover_title=&#8221;true&#8221; hover_add_button=&#8221;true&#8221; hover_btn_add_icon=&#8221;true&#8221; hover_btn_link=&#8221;url:https%3A%2F%2Fwww.etkiguvenlik.com%2Findex.php%2Fakilli-ev-ve-yonetilebilir-ofis%2F|||&#8221; hover_title_link=&#8221;url:https%3A%2F%2Fwww.etkiguvenlik.com%2Findex.php%2Fakilli-ev-ve-yonetilebilir-ofis%2F|||&#8221;][\/vc_hoverbox][\/vc_column_inner][vc_column_inner width=&#8221;1\/4&#8243;][vc_hoverbox image=&#8221;2814&#8243; primary_title=&#8221;&#8221; hover_title=&#8221;X-ray ge\u00e7i\u015f sistemi&#8221; hover_align=&#8221;left&#8221; hover_title_font_container=&#8221;font_size:20|color:%231e73be&#8221; hover_title_google_fonts=&#8221;font_family:Advent%20Pro%3A100%2C200%2C300%2Cregular%2C500%2C600%2C700|font_style:400%20regular%3A400%3Anormal&#8221; hover_background_color=&#8221;white&#8221; hover_btn_title=&#8221;Daha fazla&#8230;&#8221; hover_btn_color=&#8221;danger&#8221; hover_btn_i_align=&#8221;right&#8221; hover_btn_i_icon_fontawesome=&#8221;fa fa-chevron-right&#8221; use_custom_fonts_hover_title=&#8221;true&#8221; hover_add_button=&#8221;true&#8221; hover_btn_add_icon=&#8221;true&#8221; hover_btn_link=&#8221;url:https%3A%2F%2Fwww.etkiguvenlik.com%2Findex.php%2Fx-ray-gecis-sistemleri%2F|||&#8221; hover_title_link=&#8221;url:https%3A%2F%2Fwww.etkiguvenlik.com%2Findex.php%2Fx-ray-gecis-sistemleri%2F|||&#8221;][\/vc_hoverbox][\/vc_column_inner][vc_column_inner width=&#8221;1\/4&#8243;][vc_hoverbox image=&#8221;2720&#8243; primary_title=&#8221;&#8221; primary_align=&#8221;left&#8221; hover_title=&#8221;Plaka tan\u0131ma ve otopark yaz\u0131l\u0131m sistemleri&#8221; hover_align=&#8221;left&#8221; hover_title_font_container=&#8221;font_size:20|color:%231e73be&#8221; hover_title_google_fonts=&#8221;font_family:Advent%20Pro%3A100%2C200%2C300%2Cregular%2C500%2C600%2C700|font_style:400%20regular%3A400%3Anormal&#8221; hover_background_color=&#8221;white&#8221; hover_btn_title=&#8221;Daha fazla&#8230;&#8221; hover_btn_color=&#8221;danger&#8221; hover_btn_i_align=&#8221;right&#8221; hover_btn_i_icon_fontawesome=&#8221;fa fa-chevron-right&#8221; use_custom_fonts_hover_title=&#8221;true&#8221; hover_add_button=&#8221;true&#8221; hover_btn_add_icon=&#8221;true&#8221; hover_title_link=&#8221;url:https%3A%2F%2Fwww.etkiguvenlik.com%2Findex.php%2Fplaka-tanima-ve-otopark-yazilim-sistemleri%2F|||&#8221; hover_btn_link=&#8221;url:https%3A%2F%2Fwww.etkiguvenlik.com%2Findex.php%2Fplaka-tanima-ve-otopark-yazilim-sistemleri%2F|||&#8221;][\/vc_hoverbox][\/vc_column_inner][\/vc_row_inner][vc_row_inner equal_height=&#8221;yes&#8221; gap=&#8221;20&#8243;][vc_column_inner width=&#8221;1\/4&#8243;][vc_hoverbox image=&#8221;2816&#8243; primary_title=&#8221;&#8221; hover_title=&#8221;Led panel ve Ayd\u0131nlatma&#8221; hover_align=&#8221;left&#8221; hover_title_font_container=&#8221;font_size:20|color:%231e73be&#8221; hover_title_google_fonts=&#8221;font_family:Advent%20Pro%3A100%2C200%2C300%2Cregular%2C500%2C600%2C700|font_style:400%20regular%3A400%3Anormal&#8221; hover_background_color=&#8221;white&#8221; hover_btn_title=&#8221;Daha fazla&#8230;&#8221; hover_btn_color=&#8221;danger&#8221; hover_btn_i_align=&#8221;right&#8221; hover_btn_i_icon_fontawesome=&#8221;fa fa-chevron-right&#8221; use_custom_fonts_hover_title=&#8221;true&#8221; hover_add_button=&#8221;true&#8221; hover_btn_add_icon=&#8221;true&#8221; hover_btn_link=&#8221;url:https%3A%2F%2Fwww.etkiguvenlik.com%2Findex.php%2Fled-panel-ve-aydinlatma%2F|||&#8221; hover_title_link=&#8221;url:https%3A%2F%2Fwww.etkiguvenlik.com%2Findex.php%2Fled-panel-ve-aydinlatma%2F|||&#8221;][\/vc_hoverbox][\/vc_column_inner][vc_column_inner width=&#8221;1\/4&#8243;][vc_hoverbox image=&#8221;2817&#8243; primary_title=&#8221;&#8221; primary_align=&#8221;left&#8221; hover_title=&#8221;Road blocker ve mantar bariyer sistemi&#8221; hover_align=&#8221;left&#8221; hover_title_font_container=&#8221;font_size:20|color:%231e73be&#8221; hover_title_google_fonts=&#8221;font_family:Advent%20Pro%3A100%2C200%2C300%2Cregular%2C500%2C600%2C700|font_style:400%20regular%3A400%3Anormal&#8221; hover_background_color=&#8221;white&#8221; hover_btn_title=&#8221;Daha fazla&#8230;&#8221; hover_btn_color=&#8221;danger&#8221; hover_btn_i_align=&#8221;right&#8221; hover_btn_i_icon_fontawesome=&#8221;fa fa-chevron-right&#8221; use_custom_fonts_hover_title=&#8221;true&#8221; hover_add_button=&#8221;true&#8221; hover_btn_add_icon=&#8221;true&#8221; hover_title_link=&#8221;url:https%3A%2F%2Fwww.etkiguvenlik.com%2Findex.php%2Froad-blocker-ve-mantar-bariyer-sistemi%2F|||&#8221; hover_btn_link=&#8221;url:https%3A%2F%2Fwww.etkiguvenlik.com%2Findex.php%2Froad-blocker-ve-mantar-bariyer-sistemi%2F|||&#8221;][\/vc_hoverbox][\/vc_column_inner][vc_column_inner width=&#8221;1\/4&#8243;][vc_hoverbox image=&#8221;2818&#8243; primary_title=&#8221;&#8221; primary_align=&#8221;justify&#8221; hover_title=&#8221;CCTV Mobese&#8221; hover_align=&#8221;left&#8221; hover_title_font_container=&#8221;font_size:20|color:%231e73be&#8221; hover_title_google_fonts=&#8221;font_family:Advent%20Pro%3A100%2C200%2C300%2Cregular%2C500%2C600%2C700|font_style:400%20regular%3A400%3Anormal&#8221; hover_background_color=&#8221;white&#8221; hover_btn_title=&#8221;Daha fazla&#8230;&#8221; hover_btn_color=&#8221;danger&#8221; hover_btn_i_align=&#8221;right&#8221; hover_btn_i_icon_fontawesome=&#8221;fa fa-chevron-right&#8221; use_custom_fonts_hover_title=&#8221;true&#8221; hover_add_button=&#8221;true&#8221; hover_btn_add_icon=&#8221;true&#8221; hover_btn_link=&#8221;url:https%3A%2F%2Fwww.etkiguvenlik.com%2Findex.php%2Fcctv-mobese%2F|||&#8221; hover_title_link=&#8221;url:https%3A%2F%2Fwww.etkiguvenlik.com%2Findex.php%2Fcctv-mobese%2F|||&#8221;][\/vc_hoverbox][\/vc_column_inner][vc_column_inner width=&#8221;1\/4&#8243;][vc_hoverbox image=&#8221;2819&#8243; primary_title=&#8221;&#8221; primary_align=&#8221;left&#8221; hover_title=&#8221;Headend sistemi&#8221; hover_align=&#8221;left&#8221; hover_title_font_container=&#8221;font_size:20|color:%231e73be&#8221; hover_title_google_fonts=&#8221;font_family:Advent%20Pro%3A100%2C200%2C300%2Cregular%2C500%2C600%2C700|font_style:400%20regular%3A400%3Anormal&#8221; hover_background_color=&#8221;white&#8221; hover_btn_title=&#8221;Daha fazla&#8230;&#8221; hover_btn_color=&#8221;danger&#8221; hover_btn_i_align=&#8221;right&#8221; hover_btn_i_icon_fontawesome=&#8221;fa fa-chevron-right&#8221; use_custom_fonts_hover_title=&#8221;true&#8221; hover_add_button=&#8221;true&#8221; hover_btn_add_icon=&#8221;true&#8221; hover_btn_link=&#8221;url:https%3A%2F%2Fwww.etkiguvenlik.com%2Findex.php%2Fheadend-sistemi%2F|||&#8221; hover_title_link=&#8221;url:https%3A%2F%2Fwww.etkiguvenlik.com%2Findex.php%2Fheadend-sistemi%2F|||&#8221;][\/vc_hoverbox][\/vc_column_inner][\/vc_row_inner][\/vc_column][\/vc_row][vc_row bg_type=&#8221;image&#8221; parallax_style=&#8221;vcpb-default&#8221; bg_image_new=&#8221;id^564|url^https:\/\/www.etkiguvenlik.com\/test\/wp-content\/uploads\/2016\/05\/04.png|caption^null|alt^null|title^04|description^null&#8221; bg_image_repeat=&#8221;no-repeat&#8221; bg_image_size=&#8221;initial&#8221; bg_image_posiiton=&#8221;left top&#8221; css=&#8221;.vc_custom_1464421704214{padding-left: 40px !important;}&#8221;][vc_column css=&#8221;.vc_custom_1470127826399{padding-top: 0px !important;}&#8221;][vc_custom_heading text=&#8221;Referanslar&#8221; font_container=&#8221;tag:h3|font_size:40px|text_align:left&#8221; use_theme_fonts=&#8221;yes&#8221; css=&#8221;.vc_custom_1563213943285{margin-bottom: 5px !important;}&#8221;][vc_custom_heading text=&#8221;1000&#8217;den fazla kullan\u0131c\u0131&#8221; font_container=&#8221;tag:div|font_size:27|text_align:left|color:%2334d4e6&#8243; use_theme_fonts=&#8221;yes&#8221; css=&#8221;.vc_custom_1563200018708{margin-top: 0px !important;margin-bottom: 35px !important;}&#8221;][\/vc_column][\/vc_row][vc_column][vc_row_inner][vc_column_inner width=&#8221;1\/4&#8243;][vc_hoverbox image=&#8221;2751&#8243; primary_title=&#8221;&#8221; hover_title=&#8221;&#8221; hover_align=&#8221;left&#8221;][\/vc_hoverbox][\/vc_column_inner][vc_column_inner width=&#8221;1\/4&#8243;][vc_hoverbox image=&#8221;2753&#8243; primary_title=&#8221;&#8221; hover_title=&#8221;&#8221;][\/vc_hoverbox][\/vc_column_inner][vc_column_inner width=&#8221;1\/4&#8243;][vc_hoverbox image=&#8221;2820&#8243; primary_title=&#8221;&#8221; hover_title=&#8221;&#8221;][\/vc_hoverbox][\/vc_column_inner][vc_column_inner width=&#8221;1\/4&#8243;][vc_hoverbox image=&#8221;2821&#8243; primary_title=&#8221;&#8221; hover_title=&#8221;&#8221;][\/vc_hoverbox][\/vc_column_inner][\/vc_row_inner][vc_row_inner][vc_column_inner width=&#8221;1\/4&#8243;][vc_hoverbox image=&#8221;2765&#8243; primary_title=&#8221;&#8221; hover_title=&#8221;&#8221;][\/vc_hoverbox][\/vc_column_inner][vc_column_inner width=&#8221;1\/4&#8243;][vc_hoverbox image=&#8221;2766&#8243; primary_title=&#8221;&#8221; hover_title=&#8221;&#8221;][\/vc_hoverbox][\/vc_column_inner][vc_column_inner width=&#8221;1\/4&#8243;][vc_hoverbox image=&#8221;2767&#8243; primary_title=&#8221;&#8221; hover_title=&#8221;&#8221;][\/vc_hoverbox][\/vc_column_inner][vc_column_inner width=&#8221;1\/4&#8243;][vc_hoverbox image=&#8221;2768&#8243; primary_title=&#8221;&#8221; hover_title=&#8221;&#8221;][\/vc_hoverbox][\/vc_column_inner][\/vc_row_inner][vc_row_inner][vc_column_inner width=&#8221;1\/4&#8243;][vc_hoverbox image=&#8221;2757&#8243; primary_title=&#8221;&#8221; hover_title=&#8221;&#8221;][\/vc_hoverbox][\/vc_column_inner][vc_column_inner width=&#8221;1\/4&#8243;][vc_hoverbox image=&#8221;2758&#8243; primary_title=&#8221;&#8221; hover_title=&#8221;&#8221;][\/vc_hoverbox][\/vc_column_inner][vc_column_inner width=&#8221;1\/4&#8243;][vc_hoverbox image=&#8221;2763&#8243; primary_title=&#8221;&#8221; hover_title=&#8221;&#8221;][\/vc_hoverbox][\/vc_column_inner][vc_column_inner width=&#8221;1\/4&#8243;][vc_hoverbox image=&#8221;2822&#8243; primary_title=&#8221;&#8221; hover_title=&#8221;&#8221;][\/vc_hoverbox][\/vc_column_inner][\/vc_row_inner][vc_row_inner][vc_column_inner width=&#8221;1\/4&#8243;][vc_hoverbox image=&#8221;2769&#8243; primary_title=&#8221;&#8221; hover_title=&#8221;&#8221;][\/vc_hoverbox][\/vc_column_inner][vc_column_inner width=&#8221;1\/4&#8243;][vc_hoverbox image=&#8221;2771&#8243; primary_title=&#8221;&#8221; hover_title=&#8221;&#8221;][\/vc_hoverbox][\/vc_column_inner][vc_column_inner width=&#8221;1\/4&#8243;][vc_hoverbox image=&#8221;2772&#8243; primary_title=&#8221;&#8221; hover_title=&#8221;&#8221;][\/vc_hoverbox][\/vc_column_inner][vc_column_inner width=&#8221;1\/4&#8243;][vc_hoverbox image=&#8221;2773&#8243; primary_title=&#8221;&#8221; hover_title=&#8221;&#8221;][\/vc_hoverbox][\/vc_column_inner][\/vc_row_inner][vc_row_inner][vc_column_inner width=&#8221;1\/4&#8243;][vc_hoverbox image=&#8221;2774&#8243; primary_title=&#8221;&#8221; hover_title=&#8221;&#8221;][\/vc_hoverbox][\/vc_column_inner][vc_column_inner width=&#8221;1\/4&#8243;][vc_hoverbox image=&#8221;2762&#8243; primary_title=&#8221;&#8221; hover_title=&#8221;&#8221;][\/vc_hoverbox][\/vc_column_inner][vc_column_inner width=&#8221;1\/4&#8243;][vc_hoverbox image=&#8221;2761&#8243; primary_title=&#8221;&#8221; hover_title=&#8221;&#8221;][\/vc_hoverbox][\/vc_column_inner][vc_column_inner width=&#8221;1\/4&#8243;][vc_hoverbox image=&#8221;2760&#8243; primary_title=&#8221;&#8221; hover_title=&#8221;&#8221;][\/vc_hoverbox][\/vc_column_inner][\/vc_row_inner][\/vc_column]<\/p>\n<\/section>","protected":false},"excerpt":{"rendered":"<p>[vc_row][vc_column][vc_column_text][\/vc_column_text][\/vc_column][\/vc_row][vc_row content_placement=&#8221;top&#8221; bg_type=&#8221;image&#8221; bg_override=&#8221;5&#8243;][vc_column][vc_custom_heading text=&#8221;Projelerimiz&#8221; font_container=&#8221;tag:h2|text_align:center&#8221; use_theme_fonts=&#8221;yes&#8221; css=&#8221;.vc_custom_1563199937447{margin-bottom: 5px !important;padding-bottom: 30px !important;}&#8221;][vc_row_inner equal_height=&#8221;yes&#8221; gap=&#8221;20&#8243;][vc_column_inner width=&#8221;1\/4&#8243;][vc_hoverbox image=&#8221;2669&#8243; primary_title=&#8221;&#8221; primary_align=&#8221;justify&#8221; hover_title=&#8221;Kozmik oda&#8221; hover_align=&#8221;left&#8221; hover_title_font_container=&#8221;font_size:20|color:%231e73be&#8221; hover_title_google_fonts=&#8221;font_family:Advent%20Pro%3A100%2C200%2C300%2Cregular%2C500%2C600%2C700|font_style:400%20regular%3A400%3Anormal&#8221; hover_background_color=&#8221;white&#8221; hover_btn_title=&#8221;Daha fazla&#8230;&#8221; hover_btn_color=&#8221;danger&#8221; hover_btn_i_align=&#8221;right&#8221; hover_btn_i_icon_fontawesome=&#8221;fa fa-chevron-right&#8221; use_custom_fonts_hover_title=&#8221;true&#8221; hover_add_button=&#8221;true&#8221; hover_btn_add_icon=&#8221;true&#8221; hover_btn_link=&#8221;url:https%3A%2F%2Fwww.etkiguvenlik.com%2Findex.php%2Fkozmik-oda%2F|||&#8221; hover_title_link=&#8221;url:https%3A%2F%2Fwww.etkiguvenlik.com%2Findex.php%2Fkozmik-oda%2F|||&#8221;][\/vc_hoverbox][\/vc_column_inner][vc_column_inner width=&#8221;1\/4&#8243;][vc_hoverbox image=&#8221;2810&#8243; primary_title=&#8221;&#8221; primary_align=&#8221;left&#8221; hover_title=&#8221;Savunma teknolojisi&#8221; hover_align=&#8221;left&#8221; hover_title_font_container=&#8221;font_size:20|color:%231e73be&#8221; hover_title_google_fonts=&#8221;font_family:Advent%20Pro%3A100%2C200%2C300%2Cregular%2C500%2C600%2C700|font_style:400%20regular%3A400%3Anormal&#8221; hover_background_color=&#8221;white&#8221; hover_btn_title=&#8221;Daha fazla&#8230;&#8221; hover_btn_color=&#8221;danger&#8221; hover_btn_i_align=&#8221;right&#8221; hover_btn_i_icon_fontawesome=&#8221;fa fa-chevron-right&#8221; use_custom_fonts_hover_title=&#8221;true&#8221; hover_add_button=&#8221;true&#8221; hover_btn_add_icon=&#8221;true&#8221; hover_btn_link=&#8221;url:https%3A%2F%2Fwww.etkiguvenlik.com%2Findex.php%2Fsavunma-teknolojileri%2F|||&#8221; [&hellip;]<\/p>\n","protected":false},"author":1,"featured_media":0,"parent":0,"menu_order":0,"comment_status":"closed","ping_status":"closed","template":"fullwidth.php","meta":{"footnotes":""},"class_list":["post-2352","page","type-page","status-publish","hentry"],"translation":{"provider":"WPGlobus","version":"3.0.2","language":"en","enabled_languages":["tr","en"],"languages":{"tr":{"title":true,"content":true,"excerpt":false},"en":{"title":false,"content":false,"excerpt":false}}},"_links":{"self":[{"href":"https:\/\/www.etkiguvenlik.com\/en\/wp-json\/wp\/v2\/pages\/2352","targetHints":{"allow":["GET"]}}],"collection":[{"href":"https:\/\/www.etkiguvenlik.com\/en\/wp-json\/wp\/v2\/pages"}],"about":[{"href":"https:\/\/www.etkiguvenlik.com\/en\/wp-json\/wp\/v2\/types\/page"}],"author":[{"embeddable":true,"href":"https:\/\/www.etkiguvenlik.com\/en\/wp-json\/wp\/v2\/users\/1"}],"replies":[{"embeddable":true,"href":"https:\/\/www.etkiguvenlik.com\/en\/wp-json\/wp\/v2\/comments?post=2352"}],"version-history":[{"count":6,"href":"https:\/\/www.etkiguvenlik.com\/en\/wp-json\/wp\/v2\/pages\/2352\/revisions"}],"predecessor-version":[{"id":2849,"href":"https:\/\/www.etkiguvenlik.com\/en\/wp-json\/wp\/v2\/pages\/2352\/revisions\/2849"}],"wp:attachment":[{"href":"https:\/\/www.etkiguvenlik.com\/en\/wp-json\/wp\/v2\/media?parent=2352"}],"curies":[{"name":"wp","href":"https:\/\/api.w.org\/{rel}","templated":true}]}}