{"id":1771,"date":"2015-11-23T18:51:38","date_gmt":"2015-11-23T15:51:38","guid":{"rendered":"http:\/\/prestazilla.org\/wordpress\/transargo\/?page_id=1771"},"modified":"2023-03-02T15:18:43","modified_gmt":"2023-03-02T12:18:43","slug":"iletisim","status":"publish","type":"page","link":"https:\/\/www.etkiguvenlik.com\/en\/iletisim\/","title":{"rendered":"\u0130LET\u0130\u015e\u0130M"},"content":{"rendered":"<section class=\"wpb-content-wrapper\"><p>[vc_row css=&#8221;.vc_custom_1455825756681{margin-top: -50px !important;margin-bottom: -50px !important;}&#8221;][vc_column width=&#8221;1\/2&#8243;][box_title title=&#8221;ETK\u0130 G\u00dcVENL\u0130K&#8221; titlepos=&#8221;text-left&#8221; title_color=&#8221;#ffffff&#8221;][\/box_title][vc_row_inner css=&#8221;.vc_custom_1448311360411{margin-top: 0px !important;}&#8221;][vc_column_inner][vc_gmaps link=&#8221;#E-8_JTNDaWZyYW1lJTIwc3JjJTNEJTIyaHR0cHMlM0ElMkYlMkZ3d3cuZ29vZ2xlLmNvbSUyRm1hcHMlMkZlbWJlZCUzRnBiJTNEJTIxMW0xOCUyMTFtMTIlMjExbTMlMjExZDMwMDguMzkwNDM1Mzg3NzA3NCUyMTJkMjguOTY4MjU4ODE1MDM5MDElMjEzZDQxLjA2MDQ1NzQ3OTI5NTU2NSUyMTJtMyUyMTFmMCUyMTJmMCUyMTNmMCUyMTNtMiUyMTFpMTAyNCUyMTJpNzY4JTIxNGYxMy4xJTIxM20zJTIxMW0yJTIxMXMweDE0Y2FiNzNiNWViYTAzMDElMjUzQTB4N2RhNmFhNzgyNGJhNjE2OSUyMTJzUGVycGElMjUyMFRpY2FyZXQlMjUyME1lcmtlemklMjE1ZTAlMjEzbTIlMjExc3RyJTIxMnN0ciUyMTR2MTYxNzAxNzk1NzkzNiUyMTVtMiUyMTFzdHIlMjEyc3RyJTIyJTIwd2lkdGglM0QlMjI2MDAlMjIlMjBoZWlnaHQlM0QlMjI0NTAlMjIlMjBzdHlsZSUzRCUyMmJvcmRlciUzQTAlM0IlMjIlMjBhbGxvd2Z1bGxzY3JlZW4lM0QlMjIlMjIlMjBsb2FkaW5nJTNEJTIybGF6eSUyMiUzRSUzQyUyRmlmcmFtZSUzRQ==&#8221;][\/vc_column_inner][\/vc_row_inner][\/vc_column][vc_column width=&#8221;1\/2&#8243;][box_title title=&#8221;MESAJ G\u00d6NDER\u0130N&#8221; titlepos=&#8221;text-left&#8221; title_color=&#8221;#ffffff&#8221;][\/box_title][vc_column_text]<div class=\"wpforms-container wpforms-container-full\" id=\"wpforms-8352\"><form id=\"wpforms-form-8352\" class=\"wpforms-validate wpforms-form wpforms-ajax-form\" data-formid=\"8352\" method=\"post\" enctype=\"multipart\/form-data\" action=\"\/en\/wp-json\/wp\/v2\/pages\/1771\" data-token=\"292683ab42c1c8933c798c6403a83022\"><noscript class=\"wpforms-error-noscript\">Please enable JavaScript in your browser to complete this form.<\/noscript><div class=\"wpforms-field-container\"><div id=\"wpforms-8352-field_0-container\" class=\"wpforms-field wpforms-field-name\" data-field-id=\"0\"><label class=\"wpforms-field-label\" for=\"wpforms-8352-field_0\">Ad\u0131n\u0131z Soyad\u0131n\u0131z <span class=\"wpforms-required-label\">*<\/span><\/label><input type=\"text\" id=\"wpforms-8352-field_0\" class=\"wpforms-field-large wpforms-field-required\" name=\"wpforms[fields][0]\" required><\/div><div id=\"wpforms-8352-field_1-container\" class=\"wpforms-field wpforms-field-email\" data-field-id=\"1\"><label class=\"wpforms-field-label\" for=\"wpforms-8352-field_1\">Email <span class=\"wpforms-required-label\">*<\/span><\/label><input type=\"email\" id=\"wpforms-8352-field_1\" class=\"wpforms-field-large wpforms-field-required\" name=\"wpforms[fields][1]\" required><\/div><div id=\"wpforms-8352-field_3-container\" class=\"wpforms-field wpforms-field-phone\" data-field-id=\"3\"><label class=\"wpforms-field-label\" for=\"wpforms-8352-field_3\">Telefon<\/label><input type=\"tel\" id=\"wpforms-8352-field_3\" class=\"wpforms-field-large wpforms-smart-phone-field\" data-rule-smart-phone-field=\"true\" name=\"wpforms[fields][3]\" ><\/div><div id=\"wpforms-8352-field_2-container\" class=\"wpforms-field wpforms-field-textarea\" data-field-id=\"2\"><label class=\"wpforms-field-label\" for=\"wpforms-8352-field_2\">Yorumunuz veya Mesaj\u0131n\u0131z<\/label><textarea id=\"wpforms-8352-field_2\" class=\"wpforms-field-large\" name=\"wpforms[fields][2]\" ><\/textarea><\/div><\/div><div class=\"wpforms-submit-container\"><input type=\"hidden\" name=\"wpforms[id]\" value=\"8352\"><input type=\"hidden\" name=\"wpforms[author]\" value=\"1\"><button type=\"submit\" name=\"wpforms[submit]\" id=\"wpforms-submit-8352\" class=\"wpforms-submit\" data-alt-text=\"Sending...\" data-submit-text=\"G\u00f6nder\" aria-live=\"assertive\" value=\"wpforms-submit\">G\u00f6nder<\/button><img loading=\"lazy\" decoding=\"async\" src=\"https:\/\/www.etkiguvenlik.com\/wp-content\/plugins\/wpforms\/assets\/images\/submit-spin.svg\" class=\"wpforms-submit-spinner\" style=\"display: none;\" width=\"26\" height=\"26\" alt=\"Loading\"><\/div><\/form><\/div>  <!-- .wpforms-container -->[\/vc_column_text][\/vc_column][\/vc_row]<\/p>\n<\/section>","protected":false},"excerpt":{"rendered":"<p>[vc_row css=&#8221;.vc_custom_1455825756681{margin-top: -50px !important;margin-bottom: -50px !important;}&#8221;][vc_column width=&#8221;1\/2&#8243;][box_title title=&#8221;ETK\u0130 G\u00dcVENL\u0130K&#8221; titlepos=&#8221;text-left&#8221; title_color=&#8221;#ffffff&#8221;][\/box_title][vc_row_inner css=&#8221;.vc_custom_1448311360411{margin-top: 0px !important;}&#8221;][vc_column_inner][vc_gmaps link=&#8221;#E-8_JTNDaWZyYW1lJTIwc3JjJTNEJTIyaHR0cHMlM0ElMkYlMkZ3d3cuZ29vZ2xlLmNvbSUyRm1hcHMlMkZlbWJlZCUzRnBiJTNEJTIxMW0xOCUyMTFtMTIlMjExbTMlMjExZDMwMDguMzkwNDM1Mzg3NzA3NCUyMTJkMjguOTY4MjU4ODE1MDM5MDElMjEzZDQxLjA2MDQ1NzQ3OTI5NTU2NSUyMTJtMyUyMTFmMCUyMTJmMCUyMTNmMCUyMTNtMiUyMTFpMTAyNCUyMTJpNzY4JTIxNGYxMy4xJTIxM20zJTIxMW0yJTIxMXMweDE0Y2FiNzNiNWViYTAzMDElMjUzQTB4N2RhNmFhNzgyNGJhNjE2OSUyMTJzUGVycGElMjUyMFRpY2FyZXQlMjUyME1lcmtlemklMjE1ZTAlMjEzbTIlMjExc3RyJTIxMnN0ciUyMTR2MTYxNzAxNzk1NzkzNiUyMTVtMiUyMTFzdHIlMjEyc3RyJTIyJTIwd2lkdGglM0QlMjI2MDAlMjIlMjBoZWlnaHQlM0QlMjI0NTAlMjIlMjBzdHlsZSUzRCUyMmJvcmRlciUzQTAlM0IlMjIlMjBhbGxvd2Z1bGxzY3JlZW4lM0QlMjIlMjIlMjBsb2FkaW5nJTNEJTIybGF6eSUyMiUzRSUzQyUyRmlmcmFtZSUzRQ==&#8221;][\/vc_column_inner][\/vc_row_inner][\/vc_column][vc_column width=&#8221;1\/2&#8243;][box_title title=&#8221;MESAJ G\u00d6NDER\u0130N&#8221; titlepos=&#8221;text-left&#8221; title_color=&#8221;#ffffff&#8221;][\/box_title][vc_column_text][\/vc_column_text][\/vc_column][\/vc_row]<\/p>\n","protected":false},"author":1,"featured_media":0,"parent":0,"menu_order":0,"comment_status":"closed","ping_status":"closed","template":"","meta":{"footnotes":""},"class_list":["post-1771","page","type-page","status-publish","hentry"],"translation":{"provider":"WPGlobus","version":"3.0.2","language":"en","enabled_languages":["tr","en"],"languages":{"tr":{"title":true,"content":true,"excerpt":false},"en":{"title":false,"content":false,"excerpt":false}}},"_links":{"self":[{"href":"https:\/\/www.etkiguvenlik.com\/en\/wp-json\/wp\/v2\/pages\/1771","targetHints":{"allow":["GET"]}}],"collection":[{"href":"https:\/\/www.etkiguvenlik.com\/en\/wp-json\/wp\/v2\/pages"}],"about":[{"href":"https:\/\/www.etkiguvenlik.com\/en\/wp-json\/wp\/v2\/types\/page"}],"author":[{"embeddable":true,"href":"https:\/\/www.etkiguvenlik.com\/en\/wp-json\/wp\/v2\/users\/1"}],"replies":[{"embeddable":true,"href":"https:\/\/www.etkiguvenlik.com\/en\/wp-json\/wp\/v2\/comments?post=1771"}],"version-history":[{"count":9,"href":"https:\/\/www.etkiguvenlik.com\/en\/wp-json\/wp\/v2\/pages\/1771\/revisions"}],"predecessor-version":[{"id":8355,"href":"https:\/\/www.etkiguvenlik.com\/en\/wp-json\/wp\/v2\/pages\/1771\/revisions\/8355"}],"wp:attachment":[{"href":"https:\/\/www.etkiguvenlik.com\/en\/wp-json\/wp\/v2\/media?parent=1771"}],"curies":[{"name":"wp","href":"https:\/\/api.w.org\/{rel}","templated":true}]}}